{"id":1201,"date":"2022-11-03T08:38:41","date_gmt":"2022-11-03T08:38:41","guid":{"rendered":"https:\/\/hotelmoxa.com\/?page_id=1201"},"modified":"2025-01-16T14:58:04","modified_gmt":"2025-01-16T14:58:04","slug":"coffee-bar","status":"publish","type":"page","link":"https:\/\/hotelmoxa.com\/ro\/services-more\/coffee-bar\/","title":{"rendered":"Cafea &amp; Bar"},"content":{"rendered":"<div class=\"brz-root__container brz-reset-all brz brz-root__container-page\">\n<section id=\"_nygrlwrtsbnuixdjsosuqvtngapocpinqqcz\" class=\"brz-section brz-css-15mzpj4 brz-css-bfzz9j\">\n<div class=\"brz-section__content brz-section--boxed brz-css-nj827y brz-css-1x3abg2\" data-brz-custom-id=\"hcjtvfmvpziiydbilataqobherwykbojybnh\">\n<div class=\"brz-bg\">\n<div class=\"brz-bg-image\"><\/div>\n<div class=\"brz-bg-color\"><\/div>\n<\/div>\n<div class=\"brz-container brz-css-nluzxp\">\n<div id=\"\" data-brz-iteration-count=\"1\" class=\"brz-css-cdjjts brz-css-fx03tb brz-wrapper brz-animated brz-css-km9nkw brz-css-1mbqkmm\" data-animationid=\"nqjyvusuugonndfkvuprsxlfctfxtjroheva\">\n<div class=\"brz-rich-text brz-rich-text__custom brz-css-uo1uy7\" data-brz-custom-id=\"mhxzrlrodbklmmvtlkugjwnyfmhpriiolmji\">\n<div data-brz-translate-text=\"1\">\n<h1 class=\"brz-fs-xs-34 brz-lh-xs-1_3 brz-text-lg-center brz-tp-lg-heading1 brz-text-xs-center brz-css-dSj3i\" data-uniq-id=\"kcxwt\" data-generated-css=\"brz-css-orpaf\"><span class=\"brz-cp-color8\">Cafea &amp; Bar<\/span><\/h1>\n<\/div>\n<\/div>\n<\/div>\n<div id=\"\" class=\"brz-css-cdjjts brz-css-kbm75a brz-wrapper\">\n<div class=\"brz-rich-text brz-rich-text__custom brz-css-uo1uy7\" data-brz-custom-id=\"qmzfxehjvqutpucczwovadsuvevozittxums\">\n<div data-brz-translate-text=\"1\">\n<p class=\"brz-tp-lg-subtitle brz-text-lg-center brz-css-txLVy\" data-generated-css=\"brz-css-mnfvp\" data-uniq-id=\"brjov\"><span class=\"brz-cp-color8\">Descoperi\u021bi serviciul nostru personalizat.<\/span><\/p>\n<\/div>\n<\/div>\n<\/div>\n<\/div>\n<\/div>\n<\/section>\n<section id=\"_bdnagkfksqffbcqzzskrqmgbudlnsnucwvjz\" class=\"brz-section brz-css-15mzpj4\">\n<div class=\"brz-section__content brz-section--boxed brz-css-nj827y brz-css-nhl635\" data-brz-custom-id=\"bmkmhlbvgvrrpsozaiqcjssdxdnersubxwrf\">\n<div class=\"brz-container brz-css-nluzxp\">\n<div class=\"brz-row__container brz-css-zd59yb\" data-brz-custom-id=\"uwasqiyqkcxndfofztdhtocslydjvgjmmihs\">\n<div class=\"brz-bg\"><\/div>\n<div class=\"brz-row brz-css-12ya1ms brz-css-sn4qew\">\n<div class=\"brz-columns brz-css-1vgfz2z brz-css-1tpd560\" data-brz-custom-id=\"ofaotydixlleqhlhnjpienesuljmxeqacxrc\">\n<div class=\"brz-bg\"><\/div>\n<div class=\"brz-column__items brz-css-py5265 brz-css-1swxil6\">\n<div id=\"\" class=\"brz-css-cdjjts brz-css-r1uy9r brz-wrapper\">\n<div class=\"brz-image brz-css-1ome0mp\" data-brz-custom-id=\"dqyqytthjulojfrkdozpbrcfeiryumhguxaf\"><img decoding=\"async\" class=\"brz-img\" src=\"https:\/\/hotelmoxa.com\/wp-content\/uploads\/brizy\/imgs\/DSC_7842-535x358x5x0x525x358x1668608468.jpg\" alt=\"\" loading=\"lazy\"><\/div>\n<\/div>\n<\/div>\n<\/div>\n<div class=\"brz-columns brz-css-1vgfz2z brz-css-cc51fe\" data-brz-custom-id=\"pygiawhmfjxdqdvxudbbzvnhlpmyqlrxlabq\">\n<div class=\"brz-bg\"><\/div>\n<div class=\"brz-column__items brz-css-py5265 brz-css-y6wyak\">\n<div id=\"\" class=\"brz-css-cdjjts brz-css-18vpkgy brz-wrapper\">\n<div class=\"brz-rich-text brz-rich-text__custom brz-css-uo1uy7\" data-brz-custom-id=\"gsymzjexfmjvlurkkgaiqwohiltjphogwlmn\">\n<div data-brz-translate-text=\"1\">\n<p class=\"brz-tp-lg-paragraph brz-text-lg-justify brz-css-vC8tU\" data-generated-css=\"brz-css-bwotj\" data-uniq-id=\"ydioj\"><span class=\"brz-cp-color1\">Bucura\u021bi-v\u0103 de timpul dvs. cu o selec\u021bie de cafele \u0219i ceaiuri proasp\u0103t preparate, disponibile pe tot parcursul zilei, \u00een interiorul barului sau afar\u0103, pe terasa noastr\u0103 confortabil\u0103. Orice a\u021bi cere, vom face tot posibilul pentru a v\u0103 satisface dolean\u021bele.<\/span><\/p>\n<\/div>\n<\/div>\n<\/div>\n<div class=\"brz-wrapper-clone brz-css-1srj3m7\">\n<div class=\"brz-d-xs-flex brz-flex-xs-wrap brz-css-fu1har brz-css-1ever5v\" data-brz-custom-id=\"\">\n<div class=\"brz-wrapper-clone__item\" id=\"xasropeornvycmyyorvqhpdiykicfstuujfn\"><a class=\"brz-a brz-btn brz-css-4f58se brz-css-12s1l14 brz-css-d1my2l brz-css-rm4qdy\" href=\"\/wp-content\/uploads\/2022\/11\/menu-bar_220x220mm-compressed_1.pdf\" target=\"_blank\" rel=\"noopener\" data-brz-link-type=\"external\" data-brz-custom-id=\"xasropeornvycmyyorvqhpdiykicfstuujfn\"><span data-brz-translate-text=\"1\" class=\"brz-span brz-text__editor\">VEZI MENIU<\/span><\/a><\/div>\n<\/div>\n<\/div>\n<\/div>\n<\/div>\n<\/div>\n<\/div>\n<div class=\"brz-row__container brz-css-zd59yb brz-css-1qx1ft0\" data-brz-custom-id=\"npjarjdepifmkmmolimepdjcrcxdhwhtwnss\">\n<div class=\"brz-bg\"><\/div>\n<div class=\"brz-row brz-css-12ya1ms brz-css-kglh9u\">\n<div class=\"brz-columns brz-css-1vgfz2z brz-css-luztkk\" data-brz-custom-id=\"jvlhkuwgnfmqwvxaamogcghgzwpxnmjayfxs\">\n<div class=\"brz-bg\"><\/div>\n<div class=\"brz-column__items brz-css-py5265 brz-css-16ikzos\">\n<div id=\"\" class=\"brz-css-cdjjts brz-css-18e34rs brz-wrapper\">\n<div class=\"brz-image__gallery\" data-brz-custom-id=\"ecmatkfoexkwnjyefuijejadanlwjjgcffiv\">\n<div class=\"brz-image__gallery-container\">\n<div class=\"brz-image__gallery-wrapper brz-d-xs-flex brz-flex-xs-wrap brz-image__gallery-masonry brz-css-1205igp brz-css-1hchqe9\" data-settings=\"%7B%22type%22%3A%22masonry%22%2C%22settings%22%3A%7B%22itemSelector%22%3A%22.brz-image__gallery-item%22%2C%22masonry%22%3A%7B%22columnWidth%22%3A%22.brz-image__gallery-item%22%7D%7D%7D\">\n<div class=\"brz-image__gallery-item\">\n<div class=\"brz-image brz-css-1iln7yz\" data-brz-custom-id=\"bvmufamxgghlhdupouxyeyhrqhzfoaefdqwt\"><img decoding=\"async\" class=\"brz-img\" src=\"https:\/\/hotelmoxa.com\/wp-content\/uploads\/brizy\/imgs\/DSC_7918-522x349x68x0x387x349x1668608470.jpg\" alt=\"\" loading=\"lazy\"><\/div>\n<\/div>\n<div class=\"brz-image__gallery-item\">\n<div class=\"brz-image brz-css-2xp6yd\" data-brz-custom-id=\"wxwtfczfqgrxryumjtmeaguhdjhgmeovwrqk\"><img decoding=\"async\" class=\"brz-img\" src=\"https:\/\/hotelmoxa.com\/wp-content\/uploads\/brizy\/imgs\/DSC_7847-522x349x10x0x387x349x1668608468.jpg\" alt=\"\" loading=\"lazy\"><\/div>\n<\/div>\n<div class=\"brz-image__gallery-item\">\n<div class=\"brz-image brz-css-9i4f0n\" data-brz-custom-id=\"bpzadalxsedummltzoaduafvtnmaufulhmyr\"><img decoding=\"async\" class=\"brz-img\" src=\"https:\/\/hotelmoxa.com\/wp-content\/uploads\/brizy\/imgs\/DSC_7519-522x349x68x0x387x349x1668608466.jpg\" alt=\"\" loading=\"lazy\"><\/div>\n<\/div>\n<\/div>\n<\/div>\n<\/div>\n<\/div>\n<\/div>\n<\/div>\n<\/div>\n<\/div>\n<\/div>\n<\/div>\n<\/section>\n<\/div>\n<p>    <!-- version:1737039484 --><\/p>","protected":false},"excerpt":{"rendered":"<p>Coffee &amp; Bar Discover our top-notch one to one service. Enjoy your time with a selection of freshly brewed Coffees and Teas available throughout the day, inside the bar or outside at our cosy terrace. Whatever you ask for, we will do our very best to give you the perfect answer. VIEW MENU<\/p>","protected":false},"author":1,"featured_media":0,"parent":27,"menu_order":0,"comment_status":"closed","ping_status":"closed","template":"brizy-blank-template.php","meta":{"footnotes":""},"class_list":["post-1201","page","type-page","status-publish","hentry","wpbf-post"],"_links":{"self":[{"href":"https:\/\/hotelmoxa.com\/ro\/wp-json\/wp\/v2\/pages\/1201","targetHints":{"allow":["GET"]}}],"collection":[{"href":"https:\/\/hotelmoxa.com\/ro\/wp-json\/wp\/v2\/pages"}],"about":[{"href":"https:\/\/hotelmoxa.com\/ro\/wp-json\/wp\/v2\/types\/page"}],"author":[{"embeddable":true,"href":"https:\/\/hotelmoxa.com\/ro\/wp-json\/wp\/v2\/users\/1"}],"replies":[{"embeddable":true,"href":"https:\/\/hotelmoxa.com\/ro\/wp-json\/wp\/v2\/comments?post=1201"}],"version-history":[{"count":18,"href":"https:\/\/hotelmoxa.com\/ro\/wp-json\/wp\/v2\/pages\/1201\/revisions"}],"predecessor-version":[{"id":6026,"href":"https:\/\/hotelmoxa.com\/ro\/wp-json\/wp\/v2\/pages\/1201\/revisions\/6026"}],"up":[{"embeddable":true,"href":"https:\/\/hotelmoxa.com\/ro\/wp-json\/wp\/v2\/pages\/27"}],"wp:attachment":[{"href":"https:\/\/hotelmoxa.com\/ro\/wp-json\/wp\/v2\/media?parent=1201"}],"curies":[{"name":"wp","href":"https:\/\/api.w.org\/{rel}","templated":true}]}}