{"id":1203,"date":"2022-11-03T08:38:48","date_gmt":"2022-11-03T08:38:48","guid":{"rendered":"https:\/\/hotelmoxa.com\/?page_id=1203"},"modified":"2025-01-16T03:06:33","modified_gmt":"2025-01-16T03:06:33","slug":"fitness-sauna","status":"publish","type":"page","link":"https:\/\/hotelmoxa.com\/ro\/services-more\/fitness-sauna\/","title":{"rendered":"Fitness &amp; Saun\u0103"},"content":{"rendered":"<div class=\"brz-root__container brz-reset-all brz brz-root__container-page\">\n<section id=\"_fpjnlnufrjsroxccwalbbiokwitydwkuvqzl\" class=\"brz-section brz-css-227xic brz-css-1serne2\">\n<div class=\"brz-section__content brz-section--boxed brz-css-10c09zw brz-css-5y0naq\" data-brz-custom-id=\"besmemqsplzfyfenlozvdfprryhoigwpbqlj\">\n<div class=\"brz-bg\">\n<div class=\"brz-bg-image\"><\/div>\n<div class=\"brz-bg-color\"><\/div>\n<\/div>\n<div class=\"brz-container brz-css-1h9l2u2\">\n<div id=\"\" data-brz-iteration-count=\"1\" class=\"brz-css-t0enhh brz-css-ppa7vp brz-wrapper brz-animated brz-css-1jh3lt brz-css-1uwedru\" data-animationid=\"htnnhcioesgqipsqqwfrjedfajuhapfpvjdd\">\n<div class=\"brz-rich-text brz-rich-text__custom brz-css-pshm0j\" data-brz-custom-id=\"utlcklrakrowbklriekgeimevvpkthaytczi\">\n<div data-brz-translate-text=\"1\">\n<h1 class=\"brz-fs-xs-34 brz-lh-xs-1_3 brz-text-lg-center brz-tp-lg-heading1 brz-text-xs-center brz-css-dCZQT\" data-uniq-id=\"oyxts\" data-generated-css=\"brz-css-tohnv\"><span class=\"brz-cp-color8\">Fitness &amp; Saun\u0103<\/span><\/h1>\n<\/div>\n<\/div>\n<\/div>\n<div id=\"\" class=\"brz-css-t0enhh brz-css-1k88tb0 brz-wrapper\">\n<div class=\"brz-rich-text brz-rich-text__custom brz-css-pshm0j\" data-brz-custom-id=\"eajwikkvqjtqtkajdrplvrrdfkcmycwfzbcb\">\n<div data-brz-translate-text=\"1\">\n<p class=\"brz-text-lg-center brz-tp-lg-subtitle brz-css-drEsB\" data-generated-css=\"brz-css-lwesr\" data-uniq-id=\"xrjrk\"><span class=\"brz-cp-color8\">Un mic paradis pentru relaxare.<\/span><\/p>\n<\/div>\n<\/div>\n<\/div>\n<\/div>\n<\/div>\n<\/section>\n<section id=\"_zeyknsiypfeixclwultlrlpttpwsqyljmlol\" class=\"brz-section brz-css-227xic\">\n<div class=\"brz-section__content brz-section--boxed brz-css-10c09zw brz-css-pov9tp\" data-brz-custom-id=\"ijszggnzkczfvbxnyejqlknfaedruwhezsgb\">\n<div class=\"brz-container brz-css-1h9l2u2\">\n<div class=\"brz-row__container brz-css-wuj24s\" data-brz-custom-id=\"fdhagchztmqocwiiynfxenaxqfxrzjdjgfvp\">\n<div class=\"brz-bg\"><\/div>\n<div class=\"brz-row brz-css-1m1d2az brz-css-rkepei\">\n<div class=\"brz-columns brz-css-1b0vseo brz-css-1fs25ap\" data-brz-custom-id=\"kqxosntvvimrsbbsmxhavtujkohtmcfrzatt\">\n<div class=\"brz-bg\"><\/div>\n<div class=\"brz-column__items brz-css-p1wvxn brz-css-i9zmgo\">\n<div id=\"\" class=\"brz-css-t0enhh brz-css-yo5kl brz-wrapper\">\n<div class=\"brz-carousel brz-css-hhli97 brz-css-1lx84kg\" data-brz-custom-id=\"ynckfgnjrjgowtqshqvvievpvlardfuysdkl\">\n<div class=\"brz-carousel__slider\" data-slides-to-show=\"1\" data-slides-to-scroll=\"1\" data-arrows=\"true\" data-dots=\"false\" data-dots-class=\"brz-slick-slider__dots brz-slick-slider__dots--none\" data-auto-play=\"false\" data-auto-play-speed=\"3000\" data-swipe=\"true\" data-fade=\"false\" data-transition-speed=\"3.5\" data-responsive=\"%5B%7B%22breakpoint%22%3A991%2C%22settings%22%3A%7B%22slidesToShow%22%3A2%2C%22slidesToScroll%22%3A1%7D%7D%2C%7B%22breakpoint%22%3A767%2C%22settings%22%3A%7B%22slidesToShow%22%3A1%2C%22slidesToScroll%22%3A1%7D%7D%5D\">\n<div class=\"brz-carousel__item\">\n<div class=\"brz-columns brz-css-1b0vseo brz-css-1glwwgk\" data-brz-custom-id=\"mqwvmembfuohtcginfkcemwdnzcrlpiminxf\">\n<div class=\"brz-bg\"><\/div>\n<div class=\"brz-column__items brz-css-p1wvxn brz-css-18m6857\">\n<div id=\"\" class=\"brz-css-t0enhh brz-css-rrig4b brz-wrapper\">\n<div class=\"brz-image brz-css-3zlwgq\" data-brz-custom-id=\"obrwlwzgnrohlckwbinckowlpjvdxfvaqcli\"><img decoding=\"async\" class=\"brz-img\" src=\"https:\/\/hotelmoxa.com\/wp-content\/uploads\/brizy\/imgs\/gym-1-585x390x65x0x520x390x1671028876.jpg\" alt=\"\" loading=\"lazy\"><\/div>\n<\/div>\n<\/div>\n<\/div>\n<\/div>\n<div class=\"brz-carousel__item\">\n<div class=\"brz-columns brz-css-1b0vseo brz-css-1glwwgk\" data-brz-custom-id=\"jlpduvodedzjlwzzzfiygxklrhhxqimdmnqr\">\n<div class=\"brz-bg\"><\/div>\n<div class=\"brz-column__items brz-css-p1wvxn brz-css-6q7lhd\">\n<div id=\"\" class=\"brz-css-t0enhh brz-css-rnzghd brz-wrapper\">\n<div class=\"brz-image brz-css-1qa0asv\" data-brz-custom-id=\"rimzrkxqsnsllgvyesfyjbzugtcxznevqnqx\"><img decoding=\"async\" class=\"brz-img\" src=\"https:\/\/hotelmoxa.com\/wp-content\/uploads\/brizy\/imgs\/gym-585x390x33x0x520x390x1671028876.jpg\" alt=\"\" loading=\"lazy\"><\/div>\n<\/div>\n<\/div>\n<\/div>\n<\/div>\n<div class=\"brz-carousel__item\">\n<div class=\"brz-columns brz-css-1b0vseo brz-css-1glwwgk\" data-brz-custom-id=\"pglduwhcwnmmtleqoybedwrbnpffflrakqny\">\n<div class=\"brz-bg\"><\/div>\n<div class=\"brz-column__items brz-css-p1wvxn brz-css-15e45km\">\n<div id=\"\" class=\"brz-css-t0enhh brz-css-1vo9l05 brz-wrapper\">\n<div class=\"brz-image brz-css-1u5x3w4\" data-brz-custom-id=\"yznccpplkfeeohxzijptwxfrptudciugavuw\"><img decoding=\"async\" class=\"brz-img\" src=\"https:\/\/hotelmoxa.com\/wp-content\/uploads\/brizy\/imgs\/sauna-585x390x33x0x520x390x1671028878.jpg\" alt=\"\" loading=\"lazy\"><\/div>\n<\/div>\n<\/div>\n<\/div>\n<\/div>\n<\/div>\n<\/div>\n<\/div>\n<\/div>\n<\/div>\n<div class=\"brz-columns brz-css-1b0vseo brz-css-19aekbb\" data-brz-custom-id=\"zewezlflhmrfltgxdmnzevtybxoanxkiyivz\">\n<div class=\"brz-bg\"><\/div>\n<div class=\"brz-column__items brz-css-p1wvxn brz-css-18mead1\">\n<div id=\"\" class=\"brz-css-t0enhh brz-css-csbxhg brz-wrapper\">\n<div class=\"brz-rich-text brz-rich-text__custom brz-css-pshm0j\" data-brz-custom-id=\"fgepsmbjxeprdymntqdrknzwfakbvumjikce\">\n<div data-brz-translate-text=\"1\">\n<p class=\"brz-text-lg-justify brz-tp-lg-paragraph brz-css-vEwuE\" data-uniq-id=\"ehwmk\" data-generated-css=\"brz-css-nzfig\"><span class=\"brz-cp-color4\">L\u0103sa\u021bi deoparte via\u021ba stresant\u0103 de zi cu zi \u0219i acorda\u021bi timp relax\u0103rii \u00een zona noastr\u0103 confortabil\u0103 de saun\u0103 \u0219i sal\u0103 de sport. Aceast\u0103 zon\u0103 a hotelului, special amenajat\u0103 pentru s\u0103n\u0103tatea dvs., este echipat\u0103 cu aparate de gimnastic\u0103 de ultim\u0103 genera\u021bie pentru antrenamentul de fitness \u0219i ofer\u0103, de asemenea, facilit\u0103\u021bi de relaxare.<\/span><\/p>\n<\/div>\n<\/div>\n<\/div>\n<\/div>\n<\/div>\n<\/div>\n<\/div>\n<\/div>\n<\/div>\n<\/section>\n<\/div>\n<p>    <!-- version:1736996793 --><\/p>","protected":false},"excerpt":{"rendered":"<p>Fitness &amp; Sauna A small paradise for you to relax. Take distance from the stressful everyday life and give time for relaxations and for yourself at our cosy sauna and gym area. The hotel health facility is equipped with top of the range multi-gym machines for fitness training and provides relaxation facilities.<\/p>","protected":false},"author":1,"featured_media":0,"parent":27,"menu_order":0,"comment_status":"closed","ping_status":"closed","template":"brizy-blank-template.php","meta":{"footnotes":""},"class_list":["post-1203","page","type-page","status-publish","hentry","wpbf-post"],"_links":{"self":[{"href":"https:\/\/hotelmoxa.com\/ro\/wp-json\/wp\/v2\/pages\/1203","targetHints":{"allow":["GET"]}}],"collection":[{"href":"https:\/\/hotelmoxa.com\/ro\/wp-json\/wp\/v2\/pages"}],"about":[{"href":"https:\/\/hotelmoxa.com\/ro\/wp-json\/wp\/v2\/types\/page"}],"author":[{"embeddable":true,"href":"https:\/\/hotelmoxa.com\/ro\/wp-json\/wp\/v2\/users\/1"}],"replies":[{"embeddable":true,"href":"https:\/\/hotelmoxa.com\/ro\/wp-json\/wp\/v2\/comments?post=1203"}],"version-history":[{"count":11,"href":"https:\/\/hotelmoxa.com\/ro\/wp-json\/wp\/v2\/pages\/1203\/revisions"}],"predecessor-version":[{"id":6033,"href":"https:\/\/hotelmoxa.com\/ro\/wp-json\/wp\/v2\/pages\/1203\/revisions\/6033"}],"up":[{"embeddable":true,"href":"https:\/\/hotelmoxa.com\/ro\/wp-json\/wp\/v2\/pages\/27"}],"wp:attachment":[{"href":"https:\/\/hotelmoxa.com\/ro\/wp-json\/wp\/v2\/media?parent=1203"}],"curies":[{"name":"wp","href":"https:\/\/api.w.org\/{rel}","templated":true}]}}