{"id":1944,"date":"2022-11-11T09:09:47","date_gmt":"2022-11-11T09:09:47","guid":{"rendered":"https:\/\/hotelmoxa.com\/?page_id=1944"},"modified":"2025-01-15T22:02:13","modified_gmt":"2025-01-15T22:02:13","slug":"standard-premium","status":"publish","type":"page","link":"https:\/\/hotelmoxa.com\/ro\/rooms-type\/standard-premium\/","title":{"rendered":"Standard Premium"},"content":{"rendered":"<div class=\"brz-root__container brz-reset-all brz brz-root__container-page\">\n<section id=\"_ldhlbdqbopxchahuocoewfagfszaqanhegho\" class=\"brz-section brz-css-fex94 brz-css-yvi0jv\">\n<div class=\"brz-section__content brz-section--boxed brz-css-1svnyx4 brz-css-x4ggze\" data-brz-custom-id=\"vculamfsgyeguthzyhqtpawmyvxuxlmhsbvn\">\n<div class=\"brz-bg\">\n<div class=\"brz-bg-image\"><\/div>\n<div class=\"brz-bg-color\"><\/div>\n<\/div>\n<div class=\"brz-container brz-css-ga3ny0\">\n<div id=\"\" data-brz-iteration-count=\"1\" class=\"brz-css-mzr7t8 brz-css-1li2ia5 brz-wrapper brz-animated brz-css-19qk3tv brz-css-p4yvol\" data-animationid=\"yazjdgcemuyfnrxyokacnmigjgnqseubeylw\">\n<div class=\"brz-rich-text brz-rich-text__custom brz-css-1qcvnm9\" data-brz-custom-id=\"ajyyjlmocyalvxglctxebgqivjciubtbldez\">\n<div data-brz-translate-text=\"1\">\n<h1 class=\"brz-text-xs-center brz-tp-lg-heading1 brz-text-lg-center brz-lh-xs-1_3 brz-fs-xs-34 brz-css-lyr3R\" data-generated-css=\"brz-css-ztbfh\" data-uniq-id=\"bwkfq\"><span class=\"brz-cp-color8\">Standard Premium<\/span><\/h1>\n<\/div>\n<\/div>\n<\/div>\n<div id=\"\" class=\"brz-css-mzr7t8 brz-css-8ebabd brz-css-1foieyq brz-wrapper\">\n<div class=\"brz-spacer brz-css-1sy8aem brz-css-1jxfyx4\"><\/div>\n<\/div>\n<div id=\"\" class=\"brz-css-mzr7t8 brz-css-er6b9s brz-wrapper\">\n<div class=\"brz-rich-text brz-rich-text__custom brz-css-1qcvnm9\" data-brz-custom-id=\"ceatimvpqoyochwewfdwlpnyjovcxkcoatrv\">\n<div data-brz-translate-text=\"1\">\n<p class=\"brz-text-lg-center brz-tp-lg-subtitle brz-css-rUSm9\" data-generated-css=\"brz-css-yexxd\" data-uniq-id=\"qpqpp\"><em class=\"brz-cp-color8\">S\u0103 v\u0103 avem printre noi este cu adev\u0103rat o pl\u0103cere. Experimenta\u021bi pasiunea noastr\u0103 pentru ospitalitate.<\/em><\/p>\n<\/div>\n<\/div>\n<\/div>\n<\/div>\n<\/div>\n<\/section>\n<section id=\"_xdhhuhfiafaussstlzogeciacioetxvmmbjf\" class=\"brz-section brz-css-fex94\">\n<div class=\"brz-section__content brz-section--boxed brz-css-1svnyx4 brz-css-15hveh1\" data-brz-custom-id=\"ezmhapxzeqnwshcjiqxgylhpixlgvjyuxole\">\n<div class=\"brz-container brz-css-ga3ny0 brz-css-1pg1as9\">\n<div class=\"brz-row__container brz-css-1jmm97v brz-css-jwt7sl\" data-brz-custom-id=\"rpuhafpdyuoatkvkiapberybwezigvaeoxip\">\n<div class=\"brz-bg\"><\/div>\n<div class=\"brz-row brz-css-34esyx brz-css-8k1zog\">\n<div class=\"brz-columns brz-css-vzt8a7 brz-css-198xxh1\" data-brz-custom-id=\"jpuvgrshrupbndmixhxjuhawawygogmzojbr\">\n<div class=\"brz-bg\"><\/div>\n<div class=\"brz-column__items brz-css-1hcdgoq brz-css-6jcl7f\">\n<div id=\"\" class=\"brz-css-mzr7t8 brz-css-1a470do brz-wrapper\">\n<div class=\"brz-rich-text brz-rich-text__custom brz-css-1qcvnm9\" data-brz-custom-id=\"ofzmdobzkkprqtkajifjbeybzrfkvgzhgaak\">\n<div data-brz-translate-text=\"1\">\n<p class=\"brz-text-lg-center brz-tp-lg-paragraph brz-css-gCUd8\" data-uniq-id=\"whjdk\" data-generated-css=\"brz-css-mqzbn\"><span class=\"brz-cp-color4\">Toate camerele noastre sunt dotate cu facilit\u0103\u021bi \u0219i servicii excelente. Cele ce urmeaz\u0103 sunt doar c\u00e2teva dintre principalele facilit\u0103\u021bi incluse implicit \u00een camerele noastre: <\/span><\/p>\n<\/div>\n<\/div>\n<\/div>\n<\/div>\n<\/div>\n<\/div>\n<\/div>\n<\/div>\n<\/div>\n<\/section>\n<section id=\"_peiwqrxirqjqzicbsangjmiciiyrljkennyg\" class=\"brz-section brz-css-fex94 brz-css-v73jd2\">\n<div class=\"brz-slick-slider brz-slick-slider__section\" data-slides-to-show=\"1\" data-slides-to-scroll=\"1\" data-arrows=\"true\" data-dots=\"true\" data-dots-class=\"brz-slick-slider__dots brz-slick-slider__dots--circle\" data-fade=\"false\" data-vertical=\"false\" data-auto-play=\"true\" data-auto-play-speed=\"5000\" data-animation-speed=\"500\" data-swipe=\"true\" data-responsive=\"%5B%7B%22breakpoint%22%3A767%2C%22settings%22%3A%7B%22slidesToShow%22%3A1%2C%22slidesToScroll%22%3A1%7D%7D%5D\">\n<div>\n<div class=\"brz-section__content brz-section--boxed brz-css-1svnyx4 brz-css-1h7hmq7\" data-brz-custom-id=\"fyggcvchyyqsznnrkqpihuvxxwgdgtghemds\">\n<div class=\"brz-container brz-css-ga3ny0\">\n<div id=\"\" class=\"brz-css-mzr7t8 brz-wrapper\">\n<div class=\"brz-image brz-css-1f887gh\" data-brz-custom-id=\"ovpzpwrxixabzmnvutpugqtfquzwqhtukttw\"><img decoding=\"async\" class=\"brz-img\" src=\"https:\/\/hotelmoxa.com\/wp-content\/uploads\/brizy\/imgs\/standard-room-1112x741x0x0x1112x741x1671708090.jpeg\" alt=\"\" loading=\"lazy\"><\/div>\n<\/div>\n<\/div>\n<\/div>\n<\/div>\n<div>\n<div class=\"brz-section__content brz-section--boxed brz-css-1svnyx4 brz-css-1xlyvk3\" data-brz-custom-id=\"ddniwlqmpncfrzigjgtdvppckvakubbdqxos\">\n<div class=\"brz-container brz-css-ga3ny0\">\n<div id=\"\" class=\"brz-css-mzr7t8 brz-wrapper\">\n<div class=\"brz-image brz-css-10383dv\" data-brz-custom-id=\"celrrxyxnlypmwiiikynvazobghqyouvvrdc\"><img decoding=\"async\" class=\"brz-img\" src=\"https:\/\/hotelmoxa.com\/wp-content\/uploads\/brizy\/imgs\/Standard-Room-1-1112x742x0x1x1112x741x1671028714.jpg\" alt=\"\" loading=\"lazy\"><\/div>\n<\/div>\n<\/div>\n<\/div>\n<\/div>\n<div>\n<div class=\"brz-section__content brz-section--boxed brz-css-1svnyx4 brz-css-el2uc4\" data-brz-custom-id=\"yyzwihzepplzbughbrxqcfltlfkluuhqeiwh\">\n<div class=\"brz-container brz-css-ga3ny0\">\n<div id=\"\" class=\"brz-css-mzr7t8 brz-wrapper\">\n<div class=\"brz-image brz-css-18b3edp\" data-brz-custom-id=\"gpcmmsqxywwwpwgbfrlfbpawubyizvecxkij\"><img decoding=\"async\" class=\"brz-img\" src=\"https:\/\/hotelmoxa.com\/wp-content\/uploads\/brizy\/imgs\/baie-cladire-rec-1112x741x0x0x1112x741x1671705296.jpeg\" alt=\"\" loading=\"lazy\"><\/div>\n<\/div>\n<\/div>\n<\/div>\n<\/div>\n<\/div>\n<\/section>\n<section id=\"_uyqfurelgzqkzhurakdsupilvktjpncjrpvq\" class=\"brz-section brz-css-fex94\">\n<div class=\"brz-section__content brz-section--boxed brz-css-1svnyx4 brz-css-yj4cpb\" data-brz-custom-id=\"tqjzkrseixlgpjsnznjawxkxxspzxsdrenkz\">\n<div class=\"brz-bg\">\n<div class=\"brz-bg-color\"><\/div>\n<\/div>\n<div class=\"brz-container brz-css-ga3ny0\">\n<div class=\"brz-row__container brz-css-1jmm97v\" data-brz-custom-id=\"hltrittowtufcfuchnoccpaasmsjurdxltjl\">\n<div class=\"brz-bg\"><\/div>\n<div class=\"brz-row brz-css-34esyx brz-css-1s33jzl\">\n<div class=\"brz-columns brz-css-vzt8a7 brz-css-1hwzg4w\" data-brz-custom-id=\"zrexigcvukdagwevkwukseemnzxyjbwlbheb\">\n<div class=\"brz-bg\"><\/div>\n<div class=\"brz-column__items brz-css-1hcdgoq brz-css-q26kek\">\n<div id=\"\" class=\"brz-css-mzr7t8 brz-css-ow2sns brz-wrapper\">\n<div class=\"brz-rich-text brz-rich-text__custom brz-css-1qcvnm9\" data-brz-custom-id=\"ximagqfiekzahpkwdjdmfytsqibvexqbhlpp\">\n<div data-brz-translate-text=\"1\">\n<h1 class=\"brz-tp-heading1 brz-css-vbev_\"><span class=\"brz-cp-color8\">Facilit\u0103\u021bi<\/span><\/h1>\n<\/div>\n<\/div>\n<\/div>\n<\/div>\n<\/div>\n<div class=\"brz-columns brz-css-vzt8a7 brz-css-17f6qc9\" data-brz-custom-id=\"mqltaduwvlyeskgcvoglpnjqsmczdpcswsxl\">\n<div class=\"brz-bg\"><\/div>\n<div class=\"brz-column__items brz-css-1hcdgoq brz-css-10no14c\">\n<div id=\"\" class=\"brz-css-mzr7t8 brz-wrapper\">\n<div class=\"brz-icon-text brz-css-2knsla\" data-brz-custom-id=\"fzqdszqiptfuplxiwkqwrmjsnycjuqzfmmwe\">\n<div class=\"brz-icon__container\" data-brz-custom-id=\"rppuqiycihvtvlqgzbecusmjykbskoxrvdix\"><span class=\"brz-icon brz-span brz-css-1j3q48j brz-css-10x1r8g\"><\/span><\/div>\n<div class=\"brz-text-btn\">\n<div class=\"brz-rich-text brz-rich-text__custom brz-css-1qcvnm9\" data-brz-custom-id=\"qnunbkfukpvnqzpwwsbzcbhxgorutbuqcjhc\">\n<div data-brz-translate-text=\"1\">\n<p class=\"brz-tp-lg-abovetitle brz-text-lg-left brz-mt-lg-10 brz-css-hfxQ_\" data-uniq-id=\"iuvmr\" data-generated-css=\"brz-css-dnuem\"><span class=\"brz-cp-color8\">SUPRAFA\u021a\u0102: 32 mp<\/span><\/p>\n<\/div>\n<\/div>\n<\/div>\n<\/div>\n<\/div>\n<\/div>\n<\/div>\n<\/div>\n<\/div>\n<div class=\"brz-row__container brz-css-1jmm97v\" data-brz-custom-id=\"qsbylzziqakwihdriabqcxyzzjnrhbtenxek\">\n<div class=\"brz-bg\"><\/div>\n<div class=\"brz-row brz-css-34esyx brz-css-1s33jzl\">\n<div class=\"brz-columns brz-css-vzt8a7 brz-css-19wyn69\" data-brz-custom-id=\"vvepvnyqysjcasohltnvjrjxtmmtwnqgqnsu\">\n<div class=\"brz-bg\"><\/div>\n<div class=\"brz-column__items brz-css-1hcdgoq brz-css-5sanl6\">\n<div id=\"\" class=\"brz-css-mzr7t8 brz-css-8ebabd brz-css-1ngxgie brz-wrapper\">\n<div class=\"brz-spacer brz-css-1sy8aem brz-css-14cqg88\"><\/div>\n<\/div>\n<div class=\"brz-row__container brz-css-1jmm97v\" data-brz-custom-id=\"hkabmagjjsvoepmvzhbzqpvtyyonsxifxxic\">\n<div class=\"brz-bg\"><\/div>\n<div class=\"brz-row brz-row--inner brz-css-34esyx brz-css-1s33jzl\">\n<div class=\"brz-columns brz-css-vzt8a7 brz-css-1v4h3xy\" data-brz-custom-id=\"mvtrlgzmndtnrrkiorufmnuekpyjbjlkpqzr\">\n<div class=\"brz-bg\"><\/div>\n<div class=\"brz-column__items brz-css-1hcdgoq\">\n<div id=\"\" class=\"brz-css-mzr7t8 brz-wrapper\">\n<div class=\"brz-icon-text brz-css-2knsla\" data-brz-custom-id=\"ubagergvhnkdrgmlgglqhdknlmtuxlwlkgjy\">\n<div class=\"brz-icon__container\" data-brz-custom-id=\"ceccjwcrjiocxqvpretasoubvuytmlbvmmjn\"><span class=\"brz-icon brz-span brz-css-1j3q48j brz-css-1d35h8g\"><\/span><\/div>\n<div class=\"brz-text-btn\">\n<div class=\"brz-rich-text brz-rich-text__custom brz-css-1qcvnm9\" data-brz-custom-id=\"notulvhypkspjkdoroccbsvmavrmtlssepvz\">\n<div data-brz-translate-text=\"1\">\n<p class=\"brz-tp-abovetitle brz-text-lg-left brz-mt-lg-10 brz-css-bjAs2\"><span class=\"brz-cp-color8\">AER CONDI\u021aIONAT&nbsp;<\/span><\/p>\n<\/div>\n<\/div>\n<\/div>\n<\/div>\n<\/div>\n<div id=\"\" class=\"brz-css-mzr7t8 brz-css-8ebabd brz-css-57rwoc brz-wrapper\">\n<div class=\"brz-spacer brz-css-1sy8aem brz-css-1jpkzja\"><\/div>\n<\/div>\n<\/div>\n<\/div>\n<div class=\"brz-columns brz-css-vzt8a7 brz-css-19pbn5x\" data-brz-custom-id=\"qltdemrfuvnkqwvclwupyxxokhrtzwhhkrsl\">\n<div class=\"brz-bg\"><\/div>\n<div class=\"brz-column__items brz-css-1hcdgoq\">\n<div id=\"\" class=\"brz-css-mzr7t8 brz-wrapper\">\n<div class=\"brz-icon-text brz-css-2knsla\" data-brz-custom-id=\"rnklmqkbrledfnxgrugjeqqvhtaomswbtdkv\">\n<div class=\"brz-icon__container\" data-brz-custom-id=\"xrcumzbqvzzfkrjvpywiyrgebwivxlnkayep\"><span class=\"brz-icon brz-span brz-css-1j3q48j brz-css-1xrize8\"><\/span><\/div>\n<div class=\"brz-text-btn\">\n<div class=\"brz-rich-text brz-rich-text__custom brz-css-1qcvnm9\" data-brz-custom-id=\"tkywnuqcfrzuwbexwlsmwmskwkjqastdcfgt\">\n<div data-brz-translate-text=\"1\">\n<p class=\"brz-mt-lg-10 brz-text-lg-left brz-tp-lg-abovetitle brz-css-cwlBC\" data-generated-css=\"brz-css-zsvsd\" data-uniq-id=\"mqblq\"><span class=\"brz-cp-color8\">SEIF \u00ceN CAMER\u0102<\/span><\/p>\n<\/div>\n<\/div>\n<\/div>\n<\/div>\n<\/div>\n<div id=\"\" class=\"brz-css-mzr7t8 brz-css-8ebabd brz-css-gt4awe brz-wrapper\">\n<div class=\"brz-spacer brz-css-1sy8aem brz-css-yt33pe\"><\/div>\n<\/div>\n<\/div>\n<\/div>\n<div class=\"brz-columns brz-css-vzt8a7 brz-css-1ys6f0\" data-brz-custom-id=\"fcdolajlltoodazqrcgvupulaiohizbkefdw\">\n<div class=\"brz-bg\"><\/div>\n<div class=\"brz-column__items brz-css-1hcdgoq\">\n<div id=\"\" class=\"brz-css-mzr7t8 brz-wrapper\">\n<div class=\"brz-icon-text brz-css-2knsla\" data-brz-custom-id=\"chpelvbwfswusxgymorwgaxmbpuisfbxdzze\">\n<div class=\"brz-icon__container\" data-brz-custom-id=\"gqfudzdimdmucydpenoukqjvooafhbbrvzdn\"><span class=\"brz-icon brz-span brz-css-1j3q48j brz-css-pgmpcb\"><\/span><\/div>\n<div class=\"brz-text-btn\">\n<div class=\"brz-rich-text brz-rich-text__custom brz-css-1qcvnm9\" data-brz-custom-id=\"hcjcgwmiobwhcdgenukxpquxtoqbixnkactl\">\n<div data-brz-translate-text=\"1\">\n<p class=\"brz-tp-lg-abovetitle brz-text-lg-left brz-mt-lg-10 brz-css-tGzQq\" data-uniq-id=\"bpinl\" data-generated-css=\"brz-css-sfwxd\"><span class=\"brz-cp-color8\">WI-FI \u0218I INTERNET PRIN CABLU<\/span><\/p>\n<\/div>\n<\/div>\n<\/div>\n<\/div>\n<\/div>\n<div id=\"\" class=\"brz-css-mzr7t8 brz-css-8ebabd brz-css-1e6khds brz-wrapper\">\n<div class=\"brz-spacer brz-css-1sy8aem brz-css-1jz33x7\"><\/div>\n<\/div>\n<\/div>\n<\/div>\n<\/div>\n<\/div>\n<div class=\"brz-row__container brz-css-1jmm97v\" data-brz-custom-id=\"omenepzpecxnjdozloduwnemjaiqcraxtfgg\">\n<div class=\"brz-bg\"><\/div>\n<div class=\"brz-row brz-row--inner brz-css-34esyx brz-css-1s33jzl\">\n<div class=\"brz-columns brz-css-vzt8a7 brz-css-1my1s50\" data-brz-custom-id=\"nfnurzgyyreipojnfkkeuznellslnvgwyxpp\">\n<div class=\"brz-bg\"><\/div>\n<div class=\"brz-column__items brz-css-1hcdgoq\">\n<div id=\"\" class=\"brz-css-mzr7t8 brz-wrapper\">\n<div class=\"brz-icon-text brz-css-2knsla\" data-brz-custom-id=\"mylkxfczqirbiutygjkzbaqhzbwehzvdducs\">\n<div class=\"brz-icon__container\" data-brz-custom-id=\"eehblgdsarvntosfkucwsqgtekratslpyjfb\"><span class=\"brz-icon brz-span brz-css-1j3q48j brz-css-qug5ui\"><\/span><\/div>\n<div class=\"brz-text-btn\">\n<div class=\"brz-rich-text brz-rich-text__custom brz-css-1qcvnm9\" data-brz-custom-id=\"zcemgsvkqitdbgclacyhozudlvassjxdemjj\">\n<div data-brz-translate-text=\"1\">\n<p class=\"brz-tp-lg-abovetitle brz-text-lg-left brz-mt-lg-10 brz-css-y8VUI\" data-uniq-id=\"pzfdn\" data-generated-css=\"brz-css-lcyuq\"><span class=\"brz-cp-color8\">HALAT DE BAIE &amp; PAPUCI<\/span><\/p>\n<\/div>\n<\/div>\n<\/div>\n<\/div>\n<\/div>\n<div id=\"\" class=\"brz-css-mzr7t8 brz-css-8ebabd brz-css-9tzog1 brz-wrapper\">\n<div class=\"brz-spacer brz-css-1sy8aem brz-css-y815be\"><\/div>\n<\/div>\n<\/div>\n<\/div>\n<div class=\"brz-columns brz-css-vzt8a7 brz-css-1wnq42j\" data-brz-custom-id=\"wmxcylpimsoyqcsffcnadamwxwkcplfqqdsb\">\n<div class=\"brz-bg\"><\/div>\n<div class=\"brz-column__items brz-css-1hcdgoq\">\n<div id=\"\" class=\"brz-css-mzr7t8 brz-wrapper\">\n<div class=\"brz-icon-text brz-css-2knsla\" data-brz-custom-id=\"ugseiinbnpjrlgbhzddauckkcqtqnyarjvwi\">\n<div class=\"brz-icon__container\" data-brz-custom-id=\"dpxbptmyachetpmhiohwcvpxqxbqarnukugr\"><span class=\"brz-icon brz-span brz-css-1j3q48j brz-css-bkyp5z\"><\/span><\/div>\n<div class=\"brz-text-btn\">\n<div class=\"brz-rich-text brz-rich-text__custom brz-css-1qcvnm9\" data-brz-custom-id=\"fhdxpfjluxharmbvcfjfkysoadwcfmgfinfn\">\n<div data-brz-translate-text=\"1\">\n<p class=\"brz-mt-lg-10 brz-text-lg-left brz-tp-abovetitle brz-css-hWNla\"><span class=\"brz-cp-color8\">TELEVIZOR CU ECRAN PLAT<\/span><\/p>\n<\/div>\n<\/div>\n<\/div>\n<\/div>\n<\/div>\n<div id=\"\" class=\"brz-css-mzr7t8 brz-css-8ebabd brz-css-13vgdp7 brz-wrapper\">\n<div class=\"brz-spacer brz-css-1sy8aem brz-css-1ong78c\"><\/div>\n<\/div>\n<\/div>\n<\/div>\n<div class=\"brz-columns brz-css-vzt8a7 brz-css-1wdd42g\" data-brz-custom-id=\"mfkuhpsscyubihxhyqbfrtsfdrfehuzxlita\">\n<div class=\"brz-bg\"><\/div>\n<div class=\"brz-column__items brz-css-1hcdgoq\">\n<div id=\"\" class=\"brz-css-mzr7t8 brz-wrapper\">\n<div class=\"brz-icon-text brz-css-2knsla\" data-brz-custom-id=\"kkafglwnpbocizrwldogewsxxiygskmgyteu\">\n<div class=\"brz-icon__container\" data-brz-custom-id=\"kfjncpvmrucikqaujyeegvbeukombqhcuaxp\"><span class=\"brz-icon brz-span brz-css-1j3q48j brz-css-xrve5i\"><\/span><\/div>\n<div class=\"brz-text-btn\">\n<div class=\"brz-rich-text brz-rich-text__custom brz-css-1qcvnm9\" data-brz-custom-id=\"faduunlitoklkvzvyzhvqxymmwpurlwifbeq\">\n<div data-brz-translate-text=\"1\">\n<p class=\"brz-tp-lg-abovetitle brz-text-lg-left brz-mt-lg-10 brz-css-rpbxw\" data-uniq-id=\"aslrr\" data-generated-css=\"brz-css-shact\"><span class=\"brz-cp-color8\">CABIN\u0102 DU\u0218<\/span><\/p>\n<\/div>\n<\/div>\n<\/div>\n<\/div>\n<\/div>\n<div id=\"\" class=\"brz-css-mzr7t8 brz-css-8ebabd brz-css-1fldz3o brz-wrapper\">\n<div class=\"brz-spacer brz-css-1sy8aem brz-css-wzgy3d\"><\/div>\n<\/div>\n<\/div>\n<\/div>\n<\/div>\n<\/div>\n<div class=\"brz-row__container brz-css-1jmm97v\" data-brz-custom-id=\"oxpvyjewxxvpbetowjsjdwzneegguvytftyk\">\n<div class=\"brz-bg\"><\/div>\n<div class=\"brz-row brz-row--inner brz-css-34esyx brz-css-1s33jzl\">\n<div class=\"brz-columns brz-css-vzt8a7 brz-css-13sker1\" data-brz-custom-id=\"gsidszkdnmomrnjeubawtnicymzimnuqgovv\">\n<div class=\"brz-bg\"><\/div>\n<div class=\"brz-column__items brz-css-1hcdgoq\">\n<div id=\"\" class=\"brz-css-mzr7t8 brz-wrapper\">\n<div class=\"brz-icon-text brz-css-2knsla\" data-brz-custom-id=\"qqmxoiwgzrrgwsoknnityximypkmkptbhpcq\">\n<div class=\"brz-icon__container\" data-brz-custom-id=\"exxcxaxcpvakyqiljgqebtutfyjudmgpsrox\"><span class=\"brz-icon brz-span brz-css-1j3q48j brz-css-ccb618\"><\/span><\/div>\n<div class=\"brz-text-btn\">\n<div class=\"brz-rich-text brz-rich-text__custom brz-css-1qcvnm9\" data-brz-custom-id=\"kuqmfirdobbyafxmitsgtykvzrgysidhuffm\">\n<div data-brz-translate-text=\"1\">\n<p class=\"brz-tp-lg-abovetitle brz-text-lg-left brz-mt-lg-10 brz-css-g1Ppe\" data-generated-css=\"brz-css-ecncu\" data-uniq-id=\"tofnw\"><span class=\"brz-cp-color8\">TELEFON APELARE DIRECT\u0102<\/span><\/p>\n<\/div>\n<\/div>\n<\/div>\n<\/div>\n<\/div>\n<div id=\"\" class=\"brz-css-mzr7t8 brz-css-8ebabd brz-css-1egs190 brz-wrapper\">\n<div class=\"brz-spacer brz-css-1sy8aem brz-css-akw7vw\"><\/div>\n<\/div>\n<\/div>\n<\/div>\n<div class=\"brz-columns brz-css-vzt8a7 brz-css-4pijkb\" data-brz-custom-id=\"ewkyehnlwjlayieldxxkfbldnrvyomxczkbg\">\n<div class=\"brz-bg\"><\/div>\n<div class=\"brz-column__items brz-css-1hcdgoq\">\n<div id=\"\" class=\"brz-css-mzr7t8 brz-wrapper\">\n<div class=\"brz-icon-text brz-css-2knsla\" data-brz-custom-id=\"zqmscutgcsxsddgpvfvtrmsktqpszkcbaifs\">\n<div class=\"brz-icon__container\" data-brz-custom-id=\"gojlgauqomvwdyvnsujjgxvbrqquoaagaejz\"><span class=\"brz-icon brz-span brz-css-1j3q48j brz-css-1m77ei\"><\/span><\/div>\n<div class=\"brz-text-btn\">\n<div class=\"brz-rich-text brz-rich-text__custom brz-css-1qcvnm9\" data-brz-custom-id=\"epgtzgbzewpvbenqtblkspsyaffasvhgpmqw\">\n<div data-brz-translate-text=\"1\">\n<p class=\"brz-mt-lg-10 brz-text-lg-left brz-tp-abovetitle brz-css-aSPdt\"><span class=\"brz-cp-color8\">PAT MATRIMONIAL<\/span><\/p>\n<\/div>\n<\/div>\n<\/div>\n<\/div>\n<\/div>\n<div id=\"\" class=\"brz-css-mzr7t8 brz-css-8ebabd brz-css-1gcnws0 brz-wrapper\">\n<div class=\"brz-spacer brz-css-1sy8aem brz-css-7bqany\"><\/div>\n<\/div>\n<\/div>\n<\/div>\n<div class=\"brz-columns brz-css-vzt8a7 brz-css-3pltvz\" data-brz-custom-id=\"ntfraqoxkfyiqzuczcudfkkpvsgilwmhpsaf\">\n<div class=\"brz-bg\"><\/div>\n<div class=\"brz-column__items brz-css-1hcdgoq\">\n<div id=\"\" class=\"brz-css-mzr7t8 brz-wrapper\">\n<div class=\"brz-icon-text brz-css-2knsla\" data-brz-custom-id=\"oecfcmsfqtgisvahxqtujlqabssnettvfzei\">\n<div class=\"brz-icon__container\" data-brz-custom-id=\"lqmqmerturulpjrgqwpveaahxhorixrzylie\"><span class=\"brz-icon brz-span brz-css-1j3q48j brz-css-wihavg\"><\/span><\/div>\n<div class=\"brz-text-btn\">\n<div class=\"brz-rich-text brz-rich-text__custom brz-css-1qcvnm9\" data-brz-custom-id=\"wsrahwzjnzgedubhwjystqyvkfgxmieiwlqu\">\n<div data-brz-translate-text=\"1\">\n<p class=\"brz-text-lg-left brz-tp-lg-abovetitle brz-mt-lg-0 brz-css-dWUEE\" data-generated-css=\"brz-css-msfjk\" data-uniq-id=\"hhlbe\"><span class=\"brz-cp-color8\">ACCES LA ZON\u0102 DE FITNESS \u0218I SAUN\u0102<\/span><\/p>\n<\/div>\n<\/div>\n<\/div>\n<\/div>\n<\/div>\n<\/div>\n<\/div>\n<\/div>\n<\/div>\n<\/div>\n<\/div>\n<\/div>\n<\/div>\n<\/div>\n<\/div>\n<\/section>\n<section id=\"_heqkxooabknosajimdakmuattdevidctafvz\" class=\"brz-section brz-css-fex94\">\n<div class=\"brz-section__content brz-section--boxed brz-css-1svnyx4 brz-css-lctso6\" data-brz-custom-id=\"dpfuevtasnhznsvtkyzxjvrfyblxetzqvpkl\">\n<div class=\"brz-container brz-css-ga3ny0\">\n<div class=\"brz-row__container brz-css-1jmm97v\" data-brz-custom-id=\"ysudsftrexxcxhtgqppbrogqygcbhkdfluyd\">\n<div class=\"brz-bg\"><\/div>\n<div class=\"brz-row brz-css-34esyx brz-css-1s33jzl\">\n<div class=\"brz-columns brz-css-vzt8a7 brz-css-1pgd1br\" data-brz-custom-id=\"pyvghcnfcrsxqabsxjnlknhtxbdepwxjrkxt\">\n<div class=\"brz-bg\"><\/div>\n<div class=\"brz-column__items brz-css-1hcdgoq brz-css-705zz1\">\n<div id=\"\" class=\"brz-css-mzr7t8 brz-css-1s90284 brz-wrapper\">\n<div class=\"brz-rich-text brz-rich-text__custom brz-css-1qcvnm9\" data-brz-custom-id=\"uuoowdipuuosudodguvckdwvybpjvefpqxss\">\n<div data-brz-translate-text=\"1\">\n<h4 data-uniq-id=\"covpn\" data-generated-css=\"brz-css-qdxmk\" class=\"brz-tp-lg-heading4 brz-text-lg-center brz-css-mfPqM\"><span class=\"brz-cp-color4\">Rezerv\u0103 acum!<\/span><\/h4>\n<\/div>\n<\/div>\n<\/div>\n<div class=\"brz-wrapper-clone brz-css-mqw4rg brz-css-18lemok\">\n<div class=\"brz-d-xs-flex brz-flex-xs-wrap brz-css-o2mptb\" data-brz-custom-id=\"\">\n<div class=\"brz-wrapper-clone__item\" id=\"pxwbonbfghcmzipkdasoumvidfrivcsgfrkk\"><a class=\"brz-a brz-btn brz-css-17rxtsx brz-css-1rxf47c brz-css-191jryj brz-css-1orh5s1\" href=\"#aesmvipwwobhxiwqmcorelfneatasnlqodmm\" target=\"_self\" rel=\"noopener\" data-brz-link-type=\"popup\" data-brz-custom-id=\"pxwbonbfghcmzipkdasoumvidfrivcsgfrkk\"><span data-brz-translate-text=\"1\" class=\"brz-span brz-text__editor\">REZERV\u0102<\/span><\/a><\/p>\n<div class=\"brz brz-popup2 brz-popup2__preview brz-popup2__auto brz-popup2--fixed brz-css-1whotsp brz-css-soi7xy\" id=\"aesmvipwwobhxiwqmcorelfneatasnlqodmm\" data-brz-popup=\"aesmvipwwobhxiwqmcorelfneatasnlqodmm\" data-brz-click_outside_to_close=\"true\" data-brz-once-id=\"aesmvipwwobhxiwqmcorelfneatasnlqodmm\" data-brz-custom-id=\"ovonlzqrsqgzsaatruwcmdumbyqxymuqhuzn\">\n<div class=\"brz-bg\">\n<div class=\"brz-bg-color\"><\/div>\n<\/div>\n<div class=\"brz-popup2__inner brz-d-xs-flex brz-flex-xs-wrap brz-css-1kp3f95 brz-css-1ydu6ak\">\n<div class=\"brz-container__wrap\">\n<div class=\"brz-popup2__close\" data-brz-custom-id=\"ovonlzqrsqgzsaatruwcmdumbyqxymuqhuzn--close\"><\/div>\n<div class=\"brz-container\">\n<div class=\"brz-row__container brz-css-1jmm97v brz-css-kocswo\" data-brz-custom-id=\"zpeqbnyknxzbjcdcmxjjnwvwuyrdnbajbuxv\">\n<div class=\"brz-bg\">\n<div class=\"brz-bg-color\"><\/div>\n<\/div>\n<div class=\"brz-row brz-row--inner brz-css-34esyx brz-css-634uit\">\n<div class=\"brz-columns brz-css-vzt8a7 brz-css-11uy610\" data-brz-custom-id=\"dymabvsrgvimhdykiuzfwuozcnxngszamvpz\">\n<div class=\"brz-bg\">\n<div class=\"brz-bg-color\"><\/div>\n<\/div>\n<div class=\"brz-column__items brz-css-1hcdgoq\">\n<div id=\"\" class=\"brz-css-mzr7t8 brz-wrapper\">\n<div class=\"brz-wp__sidebar brz-css-1dm51dj\" data-brz-custom-id=\"oykdizrebogmisowelxkbuhkajtbyrefjiim\">\n<div><\/div>\n<\/div>\n<\/div>\n<\/div>\n<\/div>\n<\/div>\n<\/div>\n<\/div>\n<\/div>\n<\/div>\n<\/div>\n<\/div>\n<\/div>\n<\/div>\n<\/div>\n<\/div>\n<\/div>\n<\/div>\n<\/div>\n<\/div>\n<\/section>\n<\/div>\n<p>    <!-- version:1736978533 --><\/p>","protected":false},"excerpt":{"rendered":"<p>Standard Premium Welcoming you is truly a pleasure for us. Experience our passion for hospitality. All our rooms come with great amenities and services. The following are just a few of the main amenities included by default with our rooms. Amenities SURFACE: 32 sqm AIR CONDITIONING&nbsp; IN ROOM SAFE WI-FI AND CABLE INTERNET BATHROBE &amp;&nbsp;SLIPPERS [&hellip;]<\/p>","protected":false},"author":1,"featured_media":0,"parent":26,"menu_order":0,"comment_status":"closed","ping_status":"closed","template":"brizy-blank-template.php","meta":{"footnotes":""},"class_list":["post-1944","page","type-page","status-publish","hentry","wpbf-post"],"_links":{"self":[{"href":"https:\/\/hotelmoxa.com\/ro\/wp-json\/wp\/v2\/pages\/1944","targetHints":{"allow":["GET"]}}],"collection":[{"href":"https:\/\/hotelmoxa.com\/ro\/wp-json\/wp\/v2\/pages"}],"about":[{"href":"https:\/\/hotelmoxa.com\/ro\/wp-json\/wp\/v2\/types\/page"}],"author":[{"embeddable":true,"href":"https:\/\/hotelmoxa.com\/ro\/wp-json\/wp\/v2\/users\/1"}],"replies":[{"embeddable":true,"href":"https:\/\/hotelmoxa.com\/ro\/wp-json\/wp\/v2\/comments?post=1944"}],"version-history":[{"count":30,"href":"https:\/\/hotelmoxa.com\/ro\/wp-json\/wp\/v2\/pages\/1944\/revisions"}],"predecessor-version":[{"id":5623,"href":"https:\/\/hotelmoxa.com\/ro\/wp-json\/wp\/v2\/pages\/1944\/revisions\/5623"}],"up":[{"embeddable":true,"href":"https:\/\/hotelmoxa.com\/ro\/wp-json\/wp\/v2\/pages\/26"}],"wp:attachment":[{"href":"https:\/\/hotelmoxa.com\/ro\/wp-json\/wp\/v2\/media?parent=1944"}],"curies":[{"name":"wp","href":"https:\/\/api.w.org\/{rel}","templated":true}]}}