{"id":2057,"date":"2022-11-15T07:59:26","date_gmt":"2022-11-15T07:59:26","guid":{"rendered":"https:\/\/hotelmoxa.com\/?page_id=2057"},"modified":"2025-12-19T12:32:40","modified_gmt":"2025-12-19T12:32:40","slug":"our-story","status":"publish","type":"page","link":"https:\/\/hotelmoxa.com\/ro\/our-story\/","title":{"rendered":"Povestea Noastr\u0103"},"content":{"rendered":"<div class=\"brz-root__container brz-reset-all brz\">{{ brizy_dc_global_blocks position=&#8217;top&#8217; }}<\/p>\n<section id=\"{{placeholder content='e3sgcmFuZG9tX2lkIH19' key='hccapacihquibolkhfleazetkeqididiskyz'}}_hccapacihquibolkhfleazetkeqididiskyz\" class=\"brz-section brz-css-rRIch brz-css-tUCAN\">\n<div class=\"brz-section__content brz-section--boxed brz-css-jr3oB brz-css-o9Ga8\" data-brz-custom-id=\"yvroempwyeirwptonnywbvknnppemxshprpg\">\n<div class=\"brz-bg\">\n<div class=\"brz-bg-image\"><\/div>\n<div class=\"brz-bg-color\"><\/div>\n<\/div>\n<div class=\"brz-container brz-css-hfowO\">\n<div id=\"\" data-brz-iteration-count=\"1\" class=\"brz-css-dUdJl brz-css-ilryC brz-wrapper brz-animated brz-css-xvvwD brz-css-kmue4\" data-animationid=\"wyosbwargmkwlladporsfimrbuwxxrvcsvwg\">\n<div class=\"brz-rich-text brz-rich-text__custom brz-css-mgONp\" data-brz-custom-id=\"hrwhawwqdacmlqpouzbhnqkvtqfbdztkufun\">\n<div data-brz-translate-text=\"1\">\n<h1 class=\"brz-fs-xs-34 brz-lh-xs-1_3 brz-text-lg-center brz-tp-lg-heading1 brz-text-xs-center brz-css-z2sNj\" data-uniq-id=\"dhfct\" data-generated-css=\"brz-css-azahy\"><span class=\"brz-cp-color8\">Povestea Noastr\u0103<\/span><\/h1>\n<\/div>\n<\/div>\n<\/div>\n<\/div>\n<\/div>\n<\/section>\n<section id=\"{{placeholder content='e3sgcmFuZG9tX2lkIH19' key='leuaysmngoembopxamnjfhsbdcdiotcdvdfe'}}_leuaysmngoembopxamnjfhsbdcdiotcdvdfe\" class=\"brz-section brz-css-rRIch\">\n<div class=\"brz-section__content brz-section--boxed brz-css-jr3oB brz-css-gDDoX\" data-brz-custom-id=\"ytxhqhlhwnbgkjkrqnugewnetuolvxqfchzy\">\n<div class=\"brz-container brz-css-hfowO\">\n<div id=\"\" class=\"brz-css-dUdJl brz-css-oys6W brz-wrapper\">\n<div class=\"brz-rich-text brz-rich-text__custom brz-css-mgONp\" data-brz-custom-id=\"uqhwqcfagxqoyeyslsymllcqxuzmmsyxcclr\">\n<div data-brz-translate-text=\"1\">\n<p class=\"brz-tp-lg-subtitle brz-text-lg-justify brz-css-rteM3\" data-uniq-id=\"jdJIJ\" data-generated-css=\"brz-css-rHIzq\"><span class=\"brz-cp-color1\">Hotel MOXA eman\u0103 un farmec istoric aparte, unde tradi\u021bia se \u00eent\u00e2lne\u0219te perfect cu designul urban. Rafinamentul \u0219i confortul sunt prezente \u00een fiecare detaliu, oferind o atmosfer\u0103 unic\u0103 \u00een inima ora\u0219ului.<\/span><\/p>\n<\/div>\n<\/div>\n<\/div>\n<\/div>\n<\/div>\n<\/section>\n<section id=\"{{placeholder content='e3sgcmFuZG9tX2lkIH19' key='gliqjviliqdncwyehmjxdwsqjpwstdobgfzr'}}_gliqjviliqdncwyehmjxdwsqjpwstdobgfzr\" class=\"brz-section brz-css-rRIch\">\n<div class=\"brz-section__content brz-section--boxed brz-css-jr3oB brz-css-hNvKt\" data-brz-custom-id=\"pbhmnoitbbacyleowozrowaxdzidrtetxxev\">\n<div class=\"brz-container brz-css-hfowO\">\n<div class=\"brz-row__container brz-css-jk4UF brz-css-bLs8N\" data-brz-custom-id=\"fefddvldjwxmocfrdjbbgjngjrpirnzcotos\">\n<div class=\"brz-bg\"><\/div>\n<div class=\"brz-row brz-css-wQZtv brz-css-aivp8\">\n<div class=\"brz-columns brz-css-xjm3h brz-css-jG6aM\" data-brz-custom-id=\"tnrvrwhsxlqqrwbgxpqonqryygatttnpgccl\">\n<div class=\"brz-bg\"><\/div>\n<div class=\"brz-column__items brz-css-lMfnc\">\n<div id=\"\" class=\"brz-css-dUdJl brz-wrapper my-image-hover\">\n<div class=\"brz-image brz-css-bcoXc\" data-brz-custom-id=\"smbpmohpxkzzahrvvvudoyltcvydssuuhcju\"><a class=\"brz-a\" href=\"\/ro\/our-story\/hotel-history\/\" target=\"_self\" rel=\"noopener\" data-brz-link-type=\"external\"><picture class=\"brz-picture brz-d-block brz-p-relative brz-css-ixDnJ\"><source srcset=\"https:\/\/hotelmoxa.com\/?brizy_media=wp-39c9d9fcec0106162c6851a8684649ad.jpg&amp;brizy_crop=iW%3D536%26iH%3D358%26oX%3D0%26oY%3D0%26cW%3D370%26cH%3D358 1x, https:\/\/hotelmoxa.com\/?brizy_media=wp-39c9d9fcec0106162c6851a8684649ad.jpg&amp;brizy_crop=iW%3D1072%26iH%3D716%26oX%3D0%26oY%3D0%26cW%3D740%26cH%3D716 2x\" media=\"(min-width: 992px)\"><source srcset=\"https:\/\/hotelmoxa.com\/?brizy_media=wp-39c9d9fcec0106162c6851a8684649ad.jpg&amp;brizy_crop=iW%3D327%26iH%3D218%26oX%3D0%26oY%3D0%26cW%3D226%26cH%3D218 1x, https:\/\/hotelmoxa.com\/?brizy_media=wp-39c9d9fcec0106162c6851a8684649ad.jpg&amp;brizy_crop=iW%3D654%26iH%3D436%26oX%3D0%26oY%3D0%26cW%3D452%26cH%3D436 2x\" media=\"(min-width: 768px)\"><img decoding=\"async\" class=\"brz-img\" srcset=\"https:\/\/hotelmoxa.com\/?brizy_media=wp-39c9d9fcec0106162c6851a8684649ad.jpg&amp;brizy_crop=iW%3D623%26iH%3D416%26oX%3D0%26oY%3D0%26cW%3D430%26cH%3D416 1x, https:\/\/hotelmoxa.com\/?brizy_media=wp-39c9d9fcec0106162c6851a8684649ad.jpg&amp;brizy_crop=iW%3D1246%26iH%3D832%26oX%3D0%26oY%3D0%26cW%3D860%26cH%3D832 2x\" src=\"https:\/\/hotelmoxa.com\/?brizy_media=wp-39c9d9fcec0106162c6851a8684649ad.jpg&amp;brizy_crop=iW%3D536%26iH%3D358%26oX%3D0%26oY%3D0%26cW%3D370%26cH%3D358\" alt=\"{{placeholder content='e3sgYnJpenlfZGNfaW1hZ2VfYWx0IH19' imageSrc='wp-39c9d9fcec0106162c6851a8684649ad.jpg'}}\" draggable=\"false\" loading=\"lazy\"><\/picture><\/a><\/div>\n<\/div>\n<div id=\"\" class=\"brz-css-dUdJl brz-css-wqCjD brz-wrapper\">\n<div class=\"brz-rich-text brz-rich-text__custom brz-css-mgONp\" data-brz-custom-id=\"bupmcvrgrzkqyttpexewijryohuloibaeuyp\">\n<div data-brz-translate-text=\"1\">\n<h5 class=\"brz-tp-lg-heading5 brz-lh-xs-1 brz-fs-xs-22 brz-text-lg-center brz-css-qgJt5\" data-generated-css=\"brz-css-brixd\" data-uniq-id=\"rifpv\"><strong class=\"brz-cp-color1\">Istorie Hotel<\/strong><\/h5>\n<\/div>\n<\/div>\n<\/div>\n<\/div>\n<\/div>\n<div class=\"brz-columns brz-css-xjm3h brz-css-jy_0i\" data-brz-custom-id=\"kpfthqymqtlwtqxwvvkcsftpbvsuewvdkvde\">\n<div class=\"brz-bg\"><\/div>\n<div class=\"brz-column__items brz-css-lMfnc\">\n<div id=\"\" class=\"brz-css-dUdJl brz-wrapper my-image-hover\">\n<div class=\"brz-image brz-css-jVhEA\" data-brz-custom-id=\"whdjhsznloqtgklstjfqbbqcbnogvfqghbtn\"><a class=\"brz-a\" href=\"\/ro\/our-story\/why-bucharest\/\" target=\"_self\" rel=\"noopener\" data-brz-link-type=\"external\"><picture class=\"brz-picture brz-d-block brz-p-relative brz-css-z5BKP\"><source srcset=\"https:\/\/hotelmoxa.com\/?brizy_media=wp-2d9983f294d876cc8a36f6b2cfcf3778.jpg&amp;brizy_crop=iW%3D536%26iH%3D358%26oX%3D167%26oY%3D0%26cW%3D370%26cH%3D358 1x, https:\/\/hotelmoxa.com\/?brizy_media=wp-2d9983f294d876cc8a36f6b2cfcf3778.jpg&amp;brizy_crop=iW%3D1072%26iH%3D716%26oX%3D334%26oY%3D0%26cW%3D740%26cH%3D716 2x\" media=\"(min-width: 992px)\"><source srcset=\"https:\/\/hotelmoxa.com\/?brizy_media=wp-2d9983f294d876cc8a36f6b2cfcf3778.jpg&amp;brizy_crop=iW%3D328%26iH%3D218%26oX%3D102%26oY%3D0%26cW%3D226%26cH%3D218 1x, https:\/\/hotelmoxa.com\/?brizy_media=wp-2d9983f294d876cc8a36f6b2cfcf3778.jpg&amp;brizy_crop=iW%3D656%26iH%3D436%26oX%3D204%26oY%3D0%26cW%3D452%26cH%3D436 2x\" media=\"(min-width: 768px)\"><img decoding=\"async\" class=\"brz-img\" srcset=\"https:\/\/hotelmoxa.com\/?brizy_media=wp-2d9983f294d876cc8a36f6b2cfcf3778.jpg&amp;brizy_crop=iW%3D624%26iH%3D416%26oX%3D194%26oY%3D0%26cW%3D430%26cH%3D416 1x, https:\/\/hotelmoxa.com\/?brizy_media=wp-2d9983f294d876cc8a36f6b2cfcf3778.jpg&amp;brizy_crop=iW%3D1248%26iH%3D832%26oX%3D388%26oY%3D0%26cW%3D860%26cH%3D832 2x\" src=\"https:\/\/hotelmoxa.com\/?brizy_media=wp-2d9983f294d876cc8a36f6b2cfcf3778.jpg&amp;brizy_crop=iW%3D536%26iH%3D358%26oX%3D167%26oY%3D0%26cW%3D370%26cH%3D358\" alt=\"{{placeholder content='e3sgYnJpenlfZGNfaW1hZ2VfYWx0IH19' imageSrc='wp-2d9983f294d876cc8a36f6b2cfcf3778.jpg'}}\" draggable=\"false\" loading=\"lazy\"><\/picture><\/a><\/div>\n<\/div>\n<div id=\"\" class=\"brz-css-dUdJl brz-css-omZDr brz-wrapper\">\n<div class=\"brz-rich-text brz-rich-text__custom brz-css-mgONp\" data-brz-custom-id=\"bpnkjhuzewgvmdauldjlstrtsebcunpwlket\">\n<div data-brz-translate-text=\"1\">\n<h5 class=\"brz-text-lg-center brz-fs-xs-22 brz-lh-xs-1 brz-tp-lg-heading5 brz-css-uVQHm\" data-uniq-id=\"powhy\" data-generated-css=\"brz-css-jepbc\"><strong class=\"brz-cp-color1\">De ce Bucure\u0219ti?<\/strong><\/h5>\n<\/div>\n<\/div>\n<\/div>\n<\/div>\n<\/div>\n<div class=\"brz-columns brz-css-xjm3h brz-css-oFFEw\" data-brz-custom-id=\"cbuxpqnnwmulxvixwnyrerwateliwjobnjcw\">\n<div class=\"brz-bg\"><\/div>\n<div class=\"brz-column__items brz-css-lMfnc\">\n<div id=\"\" class=\"brz-css-dUdJl brz-wrapper my-image-hover\">\n<div class=\"brz-image brz-css-uBUCD\" data-brz-custom-id=\"bcsqxrvstguuezklhyjbiouztogkhkpitpap\"><a class=\"brz-a\" href=\"\/ro\/our-story\/gallery\/\" target=\"_self\" rel=\"noopener\" data-brz-link-type=\"external\"><picture class=\"brz-picture brz-d-block brz-p-relative brz-css-yUG_k\"><source srcset=\"https:\/\/hotelmoxa.com\/?brizy_media=wp-88e24868213a095092f64b9d04e92aa6.jpg&amp;brizy_crop=iW%3D537%26iH%3D359%26oX%3D142%26oY%3D0%26cW%3D371%26cH%3D359 1x, https:\/\/hotelmoxa.com\/?brizy_media=wp-88e24868213a095092f64b9d04e92aa6.jpg&amp;brizy_crop=iW%3D1074%26iH%3D718%26oX%3D284%26oY%3D0%26cW%3D742%26cH%3D718 2x\" media=\"(min-width: 992px)\"><source srcset=\"https:\/\/hotelmoxa.com\/?brizy_media=wp-88e24868213a095092f64b9d04e92aa6.jpg&amp;brizy_crop=iW%3D328%26iH%3D219%26oX%3D87%26oY%3D0%26cW%3D227%26cH%3D219 1x, https:\/\/hotelmoxa.com\/?brizy_media=wp-88e24868213a095092f64b9d04e92aa6.jpg&amp;brizy_crop=iW%3D656%26iH%3D438%26oX%3D174%26oY%3D0%26cW%3D454%26cH%3D438 2x\" media=\"(min-width: 768px)\"><img decoding=\"async\" class=\"brz-img\" srcset=\"https:\/\/hotelmoxa.com\/?brizy_media=wp-88e24868213a095092f64b9d04e92aa6.jpg&amp;brizy_crop=iW%3D623%26iH%3D416%26oX%3D165%26oY%3D0%26cW%3D430%26cH%3D416 1x, https:\/\/hotelmoxa.com\/?brizy_media=wp-88e24868213a095092f64b9d04e92aa6.jpg&amp;brizy_crop=iW%3D1246%26iH%3D832%26oX%3D330%26oY%3D0%26cW%3D860%26cH%3D832 2x\" src=\"https:\/\/hotelmoxa.com\/?brizy_media=wp-88e24868213a095092f64b9d04e92aa6.jpg&amp;brizy_crop=iW%3D537%26iH%3D359%26oX%3D142%26oY%3D0%26cW%3D371%26cH%3D359\" alt=\"{{placeholder content='e3sgYnJpenlfZGNfaW1hZ2VfYWx0IH19' imageSrc='wp-88e24868213a095092f64b9d04e92aa6.jpg'}}\" draggable=\"false\" loading=\"lazy\"><\/picture><\/a><\/div>\n<\/div>\n<div id=\"\" class=\"brz-css-dUdJl brz-css-gljmG brz-wrapper\">\n<div class=\"brz-rich-text brz-rich-text__custom brz-css-mgONp\" data-brz-custom-id=\"gylfkhqiwvgtybrsiscbiwtxldjnivyuflwr\">\n<div data-brz-translate-text=\"1\">\n<h5 class=\"brz-text-lg-center brz-fs-xs-22 brz-lh-xs-1 brz-tp-lg-heading5 brz-css-tJJPk\" data-uniq-id=\"rjdxf\" data-generated-css=\"brz-css-zscms\"><strong class=\"brz-cp-color1\">Galerie Foto<\/strong><\/h5>\n<\/div>\n<\/div>\n<\/div>\n<\/div>\n<\/div>\n<\/div>\n<\/div>\n<\/div>\n<\/div>\n<\/section>\n<p>{{ brizy_dc_global_blocks position=&#8217;bottom&#8217; }}<\/p><\/div>\n<p>    <!-- version:1766147560 --><\/p>","protected":false},"excerpt":{"rendered":"<p>{{ brizy_dc_global_blocks position=&#8217;top&#8217; }} Our Story Hotel MOXA evokes a real sense of history, perfectly combining its rich heritage with urban style, the elegance and comforts in every detail. Hotel History Why Bucharest? Gallery {{ brizy_dc_global_blocks position=&#8217;bottom&#8217; }}<\/p>","protected":false},"author":1,"featured_media":0,"parent":0,"menu_order":0,"comment_status":"closed","ping_status":"closed","template":"brizy-blank-template.php","meta":{"footnotes":""},"class_list":["post-2057","page","type-page","status-publish","hentry","wpbf-post"],"_links":{"self":[{"href":"https:\/\/hotelmoxa.com\/ro\/wp-json\/wp\/v2\/pages\/2057","targetHints":{"allow":["GET"]}}],"collection":[{"href":"https:\/\/hotelmoxa.com\/ro\/wp-json\/wp\/v2\/pages"}],"about":[{"href":"https:\/\/hotelmoxa.com\/ro\/wp-json\/wp\/v2\/types\/page"}],"author":[{"embeddable":true,"href":"https:\/\/hotelmoxa.com\/ro\/wp-json\/wp\/v2\/users\/1"}],"replies":[{"embeddable":true,"href":"https:\/\/hotelmoxa.com\/ro\/wp-json\/wp\/v2\/comments?post=2057"}],"version-history":[{"count":23,"href":"https:\/\/hotelmoxa.com\/ro\/wp-json\/wp\/v2\/pages\/2057\/revisions"}],"predecessor-version":[{"id":6445,"href":"https:\/\/hotelmoxa.com\/ro\/wp-json\/wp\/v2\/pages\/2057\/revisions\/6445"}],"wp:attachment":[{"href":"https:\/\/hotelmoxa.com\/ro\/wp-json\/wp\/v2\/media?parent=2057"}],"curies":[{"name":"wp","href":"https:\/\/api.w.org\/{rel}","templated":true}]}}