{"id":2219,"date":"2022-11-15T08:49:51","date_gmt":"2022-11-15T08:49:51","guid":{"rendered":"https:\/\/hotelmoxa.com\/?page_id=2219"},"modified":"2025-01-15T22:08:30","modified_gmt":"2025-01-15T22:08:30","slug":"ask-an-offer","status":"publish","type":"page","link":"https:\/\/hotelmoxa.com\/ro\/rooms-type\/ask-an-offer\/","title":{"rendered":"Cere Ofert\u0103"},"content":{"rendered":"<div class=\"brz-root__container brz-reset-all brz brz-root__container-page\">\n<section id=\"_xpawvgamyzyaunnqxuzquajykunobdlfhufk\" class=\"brz-section brz-css-io1w50 brz-css-1nhocmw\">\n<div class=\"brz-section__content brz-section--boxed brz-css-oq8r0f brz-css-kbddci\" data-brz-custom-id=\"xlwpmxmpzjgjdajklpmhbwbhvrhmrvukmdoc\">\n<div class=\"brz-bg\">\n<div class=\"brz-bg-image\"><\/div>\n<div class=\"brz-bg-color\"><\/div>\n<\/div>\n<div class=\"brz-container brz-css-aee5h1\">\n<div id=\"\" data-brz-iteration-count=\"1\" class=\"brz-css-w15pmm brz-css-14tdx8d brz-wrapper brz-animated brz-css-z4etjy brz-css-8cx0jl\" data-animationid=\"diqqptufiklqrdrqfejcqiludfaakmfdivwj\">\n<div class=\"brz-rich-text brz-rich-text__custom brz-css-puz6fl\" data-brz-custom-id=\"dsvlzygwavfxfowjxrhvpohjmorzzpafblps\">\n<div data-brz-translate-text=\"1\">\n<h1 class=\"brz-fs-xs-34 brz-lh-xs-1_3 brz-text-lg-center brz-tp-lg-heading1 brz-text-xs-center brz-css-gzoWB\" data-uniq-id=\"kcewp\" data-generated-css=\"brz-css-cphwc\"><span class=\"brz-cp-color8\">Cere Ofert\u0103!<\/span><\/h1>\n<\/div>\n<\/div>\n<\/div>\n<\/div>\n<\/div>\n<\/section>\n<section id=\"_zeslbczsfumawiqmzffayjjcvgrhgcztdaer\" class=\"brz-section brz-css-io1w50\">\n<div class=\"brz-section__content brz-section--boxed brz-css-oq8r0f brz-css-1wd2nd2\" data-brz-custom-id=\"wgwfktbjzwqpmipliwoyieshrlylntmssutc\">\n<div class=\"brz-container brz-css-aee5h1\">\n<div id=\"\" class=\"brz-css-w15pmm brz-wrapper\">\n<div class=\"brz-rich-text brz-rich-text__custom brz-css-puz6fl\" data-brz-custom-id=\"dhdhbvlotnplqnwqyefnyfhbhbnjetqarmaj\">\n<div data-brz-translate-text=\"1\">\n<p class=\"brz-text-lg-center brz-tp-lg-subtitle brz-css-ogQQu\" data-uniq-id=\"lnkpb\" data-generated-css=\"brz-css-pncec\"><span class=\"brz-cp-color1\">Fiecare cerere \u0219i dorin\u021b\u0103 a Dvs. este important\u0103 pentru noi, vom face tot posibilul s\u0103 v\u0103 oferim un r\u0103spuns sau o solu\u021bie perfect\u0103. <\/span><\/p>\n<\/div>\n<\/div>\n<\/div>\n<div class=\"brz-wrapper-clone brz-css-jggvml\">\n<div class=\"brz-d-xs-flex brz-flex-xs-wrap brz-css-115mfvk\" data-brz-custom-id=\"\">\n<div class=\"brz-wrapper-clone__item\" id=\"glwhaunfoetntdfqsepwztyrvdefylfucxne\"><a class=\"brz-a brz-btn brz-css-1rbj73t brz-css-1mssose brz-css-pdj41c brz-css-iuyguo\" href=\"#hpestvakpkibjdugfdfgzzuskvmrvxgdcgbm\" target=\"_self\" rel=\"noopener\" data-brz-link-type=\"popup\" data-brz-custom-id=\"glwhaunfoetntdfqsepwztyrvdefylfucxne\"><span data-brz-translate-text=\"1\" class=\"brz-span brz-text__editor\">CERE OFERT\u0102<\/span><\/a><\/p>\n<div class=\"brz brz-popup2 brz-popup2__preview brz-popup2__auto brz-popup2--fixed brz-css-1c2zvpk brz-css-1u4tyyw\" id=\"hpestvakpkibjdugfdfgzzuskvmrvxgdcgbm\" data-brz-popup=\"hpestvakpkibjdugfdfgzzuskvmrvxgdcgbm\" data-brz-click_outside_to_close=\"true\" data-brz-once-id=\"hpestvakpkibjdugfdfgzzuskvmrvxgdcgbm\" data-brz-custom-id=\"ezouwpmqjjqknlzjlfcfgggdjdvjimycuaay\">\n<div class=\"brz-bg\">\n<div class=\"brz-bg-color\"><\/div>\n<\/div>\n<div class=\"brz-popup2__inner brz-d-xs-flex brz-flex-xs-wrap brz-css-1r78lr3 brz-css-1h6tb1q\">\n<div class=\"brz-container__wrap\">\n<div class=\"brz-popup2__close\" data-brz-custom-id=\"ezouwpmqjjqknlzjlfcfgggdjdvjimycuaay--close\"><\/div>\n<div class=\"brz-container\">\n<div class=\"brz-row__container brz-css-12zi9mf brz-css-1886vr0\" data-brz-custom-id=\"xryxcwjnepogozjnqjwdyjrrwhvskseijdup\">\n<div class=\"brz-bg\">\n<div class=\"brz-bg-color\"><\/div>\n<\/div>\n<div class=\"brz-row brz-css-fl8aqr brz-css-luzip9\">\n<div class=\"brz-columns brz-css-f9hfvh brz-css-o956x7\" data-brz-custom-id=\"uonlckxnlhtazpigycvxtbntmrhhfigfrben\">\n<div class=\"brz-bg\">\n<div class=\"brz-bg-color\"><\/div>\n<\/div>\n<div class=\"brz-column__items brz-css-1ndct0z\">\n<div id=\"\" class=\"brz-css-w15pmm brz-wrapper\">\n<div class=\"brz-wp__sidebar brz-css-192dx4o\" data-brz-custom-id=\"sffzuoymlnvzemsjknsivucejfsjwaahpaoo\">\n<div><\/div>\n<\/div>\n<\/div>\n<\/div>\n<\/div>\n<\/div>\n<\/div>\n<\/div>\n<\/div>\n<\/div>\n<\/div>\n<\/div>\n<\/div>\n<\/div>\n<\/div>\n<\/div>\n<\/section>\n<\/div>\n<p>    <!-- version:1736978910 --><\/p>","protected":false},"excerpt":{"rendered":"<p>Ask an Offer! Whatever you ask for, we will do our very best to give you the perfect answer. ASK AN OFFER<\/p>","protected":false},"author":1,"featured_media":0,"parent":26,"menu_order":0,"comment_status":"closed","ping_status":"closed","template":"brizy-blank-template.php","meta":{"footnotes":""},"class_list":["post-2219","page","type-page","status-publish","hentry","wpbf-post"],"_links":{"self":[{"href":"https:\/\/hotelmoxa.com\/ro\/wp-json\/wp\/v2\/pages\/2219","targetHints":{"allow":["GET"]}}],"collection":[{"href":"https:\/\/hotelmoxa.com\/ro\/wp-json\/wp\/v2\/pages"}],"about":[{"href":"https:\/\/hotelmoxa.com\/ro\/wp-json\/wp\/v2\/types\/page"}],"author":[{"embeddable":true,"href":"https:\/\/hotelmoxa.com\/ro\/wp-json\/wp\/v2\/users\/1"}],"replies":[{"embeddable":true,"href":"https:\/\/hotelmoxa.com\/ro\/wp-json\/wp\/v2\/comments?post=2219"}],"version-history":[{"count":9,"href":"https:\/\/hotelmoxa.com\/ro\/wp-json\/wp\/v2\/pages\/2219\/revisions"}],"predecessor-version":[{"id":5188,"href":"https:\/\/hotelmoxa.com\/ro\/wp-json\/wp\/v2\/pages\/2219\/revisions\/5188"}],"up":[{"embeddable":true,"href":"https:\/\/hotelmoxa.com\/ro\/wp-json\/wp\/v2\/pages\/26"}],"wp:attachment":[{"href":"https:\/\/hotelmoxa.com\/ro\/wp-json\/wp\/v2\/media?parent=2219"}],"curies":[{"name":"wp","href":"https:\/\/api.w.org\/{rel}","templated":true}]}}