{"id":25,"date":"2022-09-05T13:06:25","date_gmt":"2022-09-05T13:06:25","guid":{"rendered":"https:\/\/hotelmoxa.com\/location\/"},"modified":"2025-01-16T05:58:03","modified_gmt":"2025-01-16T05:58:03","slug":"why-bucharest","status":"publish","type":"page","link":"https:\/\/hotelmoxa.com\/ro\/our-story\/why-bucharest\/","title":{"rendered":"De ce Bucure\u0219ti?"},"content":{"rendered":"<div class=\"brz-root__container brz-reset-all brz brz-root__container-page\">\n<section id=\"_erbzrfjkbizyelbovjvxaqxyrcjimwvtovzh\" class=\"brz-section brz-css-1yvxr7k brz-css-87y63u\">\n<div class=\"brz-section__content brz-section--boxed brz-css-16zh76x brz-css-ffzzf4\" data-brz-custom-id=\"bnzainvvmpvfqhlpspevqhtdagpgbbiddyyc\">\n<div class=\"brz-bg\">\n<div class=\"brz-bg-image\"><\/div>\n<div class=\"brz-bg-color\"><\/div>\n<\/div>\n<div class=\"brz-container brz-css-1xwzd10\">\n<div id=\"\" data-brz-iteration-count=\"1\" class=\"brz-css-1lpnhfh brz-css-c42ei0 brz-wrapper brz-animated brz-css-1b5esr0 brz-css-11kofl9\" data-animationid=\"pxxavdpzavukosmbnhxqduibghngabidfqzo\">\n<div class=\"brz-rich-text brz-rich-text__custom brz-css-1x4gixa\" data-brz-custom-id=\"qhqdtzoezolamcztevzdawokyxfgmcykzgjc\">\n<div data-brz-translate-text=\"1\">\n<h1 class=\"brz-fs-xs-34 brz-lh-xs-1_3 brz-text-lg-center brz-tp-lg-heading1 brz-text-xs-center brz-css-itN5_\" data-uniq-id=\"cnpov\" data-generated-css=\"brz-css-phpko\"><span class=\"brz-cp-color8\">De ce Bucure\u0219ti?<\/span><\/h1>\n<\/div>\n<\/div>\n<\/div>\n<\/div>\n<\/div>\n<\/section>\n<section id=\"_wcaenpnhrkzhiuilfsyvhdsdpmrayjlsyjtk\" class=\"brz-section brz-css-1yvxr7k\">\n<div class=\"brz-section__content brz-section--boxed brz-css-16zh76x brz-css-1c5p235\" data-brz-custom-id=\"eiqiuafxncamuoqwrrunigvmsucagxdyscqn\">\n<div class=\"brz-container brz-css-1xwzd10\">\n<div id=\"\" class=\"brz-css-1lpnhfh brz-wrapper\">\n<div class=\"brz-rich-text brz-rich-text__custom brz-css-1x4gixa\" data-brz-custom-id=\"xupudpkokkgytqbelazcddqpedlbtlemjvpo\">\n<div data-brz-translate-text=\"1\">\n<p class=\"brz-tp-lg-paragraph brz-css-fJLid\" data-uniq-id=\"meyel\" data-generated-css=\"brz-css-uefez\"><strong class=\"brz-cp-color1\">De ce Bucure\u0219ti?<\/strong><\/p>\n<ul>\n<li class=\"brz-tp-lg-paragraph brz-bcp-color1 brz-css-h9iTZ\" data-uniq-id=\"xekhy\" data-generated-css=\"brz-css-kuexf\"><span class=\"brz-cp-color1\">servicii, cazinou, centrul ora\u0219ului, alei pentru plimb\u0103ri, parc, cump\u0103r\u0103turi, descoperirea istoriei, vizitarea obiectivelor turistice de pe l\u00e2ng\u0103 Bucure\u0219ti, buc\u0103t\u0103ria rom\u00e2neasc\u0103 autentic\u0103, stil vechi.<\/span><\/li>\n<\/ul>\n<\/div>\n<\/div>\n<\/div>\n<div class=\"brz-wrapper-clone brz-css-1jerdnr\">\n<div class=\"brz-d-xs-flex brz-flex-xs-wrap brz-css-1w1a3wd\" data-brz-custom-id=\"\">\n<div class=\"brz-wrapper-clone__item\" id=\"mnqamwnsequzhtythflzltaieltklunvjijw\"><a class=\"brz-a brz-btn brz-css-17ucvzz brz-css-klyyge brz-css-160bkgk brz-css-137ll5l\" href=\"https:\/\/visitbucharest.today\/\" target=\"_blank\" rel=\"noopener\" data-brz-link-type=\"external\" data-brz-custom-id=\"mnqamwnsequzhtythflzltaieltklunvjijw\"><span data-brz-translate-text=\"1\" class=\"brz-span brz-text__editor\">VIZITEAZ\u0102 BUCURE\u0218TIUL<\/span><\/a><\/div>\n<\/div>\n<\/div>\n<\/div>\n<\/div>\n<\/section>\n<\/div>\n<p>    <!-- version:1737007083 --><\/p>","protected":false},"excerpt":{"rendered":"<p>Why Bucharest? Why Bucharest? services, casino, city centre, walking, parc, shopping, history discovery, sightseeing near Bucharest, authentic Romanian cuisine, old style. VISIT BUCHAREST<\/p>","protected":false},"author":1,"featured_media":0,"parent":2057,"menu_order":1,"comment_status":"closed","ping_status":"closed","template":"brizy-blank-template.php","meta":{"footnotes":""},"class_list":["post-25","page","type-page","status-publish","hentry","wpbf-post"],"_links":{"self":[{"href":"https:\/\/hotelmoxa.com\/ro\/wp-json\/wp\/v2\/pages\/25","targetHints":{"allow":["GET"]}}],"collection":[{"href":"https:\/\/hotelmoxa.com\/ro\/wp-json\/wp\/v2\/pages"}],"about":[{"href":"https:\/\/hotelmoxa.com\/ro\/wp-json\/wp\/v2\/types\/page"}],"author":[{"embeddable":true,"href":"https:\/\/hotelmoxa.com\/ro\/wp-json\/wp\/v2\/users\/1"}],"replies":[{"embeddable":true,"href":"https:\/\/hotelmoxa.com\/ro\/wp-json\/wp\/v2\/comments?post=25"}],"version-history":[{"count":11,"href":"https:\/\/hotelmoxa.com\/ro\/wp-json\/wp\/v2\/pages\/25\/revisions"}],"predecessor-version":[{"id":6079,"href":"https:\/\/hotelmoxa.com\/ro\/wp-json\/wp\/v2\/pages\/25\/revisions\/6079"}],"up":[{"embeddable":true,"href":"https:\/\/hotelmoxa.com\/ro\/wp-json\/wp\/v2\/pages\/2057"}],"wp:attachment":[{"href":"https:\/\/hotelmoxa.com\/ro\/wp-json\/wp\/v2\/media?parent=25"}],"curies":[{"name":"wp","href":"https:\/\/api.w.org\/{rel}","templated":true}]}}