{"id":26,"date":"2022-09-05T13:06:25","date_gmt":"2022-09-05T13:06:25","guid":{"rendered":"https:\/\/hotelmoxa.com\/rooms\/"},"modified":"2025-12-19T12:34:46","modified_gmt":"2025-12-19T12:34:46","slug":"rooms-type","status":"publish","type":"page","link":"https:\/\/hotelmoxa.com\/ro\/rooms-type\/","title":{"rendered":"Tipuri de Camer\u0103"},"content":{"rendered":"<div class=\"brz-root__container brz-reset-all brz\">{{ brizy_dc_global_blocks position=&#8217;top&#8217; }}<\/p>\n<section id=\"{{placeholder content='e3sgcmFuZG9tX2lkIH19' key='cwmqbtpikhodiwthddyegclqjfitivtkmgzy'}}_cwmqbtpikhodiwthddyegclqjfitivtkmgzy\" class=\"brz-section brz-css-bTfGh brz-css-u3uIq\">\n<div class=\"brz-section__content brz-section--boxed brz-css-yFweE brz-css-x5ZUM\" data-brz-custom-id=\"ljhikyrhsxfefjsyxcplbisipddukiptruxo\">\n<div class=\"brz-bg\">\n<div class=\"brz-bg-image\"><\/div>\n<div class=\"brz-bg-color\"><\/div>\n<\/div>\n<div class=\"brz-container brz-css-jSp0p\">\n<div id=\"\" data-brz-iteration-count=\"1\" class=\"brz-css-yN8th brz-css-zc5jX brz-wrapper brz-animated brz-css-yJ4Vx brz-css-m0rUT\" data-animationid=\"eslcnlitvrzbownwjyjtarpexbufgixogtlx\">\n<div class=\"brz-rich-text brz-rich-text__custom brz-css-fTKzO\" data-brz-custom-id=\"ptsaqthdtrwcdgbgclnbefcxastwkqpmvxox\">\n<div data-brz-translate-text=\"1\">\n<h1 class=\"brz-fs-xs-34 brz-lh-xs-1_3 brz-text-lg-center brz-tp-lg-heading1 brz-text-xs-center brz-css-p8kJi\" data-uniq-id=\"vwhfx\" data-generated-css=\"brz-css-nsfuj\"><span class=\"brz-cp-color8\">Tipuri de Camer\u0103<\/span><\/h1>\n<\/div>\n<\/div>\n<\/div>\n<div id=\"\" class=\"brz-css-yN8th brz-css-e9fb3 brz-wrapper\">\n<div class=\"brz-rich-text brz-rich-text__custom brz-css-fTKzO\" data-brz-custom-id=\"aqpwtmbrycugxkpsqxauvgqxqohfoddvjolt\">\n<div data-brz-translate-text=\"1\">\n<p class=\"brz-tp-lg-subtitle brz-text-lg-center brz-css-eE91K\" data-generated-css=\"brz-css-aDnT0\" data-uniq-id=\"sG3iu\"><em class=\"brz-cp-color8\">Hotel MOXA eman\u0103 o atmosfer\u0103 istoric\u0103, \u00eembin\u00e2nd armonios mo\u0219tenirea sa bogat\u0103 cu stilul urban modern. Elegan\u021ba \u0219i confortul se reg\u0103sesc \u00een fiecare detaliu, totul fiind atent g\u00e2ndit pentru o experien\u021b\u0103 deosebit\u0103<\/em><\/p>\n<\/div>\n<\/div>\n<\/div>\n<\/div>\n<\/div>\n<\/section>\n<section id=\"{{placeholder content='e3sgcmFuZG9tX2lkIH19' key='rfqxegulijsnaejeqygfjehmxnsvoqvmmolc'}}_rfqxegulijsnaejeqygfjehmxnsvoqvmmolc\" class=\"brz-section brz-css-bTfGh\">\n<div class=\"brz-section__content brz-section--boxed brz-css-yFweE brz-css-zQq15\" data-brz-custom-id=\"erulcnfifvgfkezvkzpvxttzolfwzitwrovy\">\n<div class=\"brz-bg\">\n<div class=\"brz-bg-color\"><\/div>\n<\/div>\n<div class=\"brz-container brz-css-jSp0p\">\n<div class=\"brz-row__container brz-css-kIIA0 brz-css-goGRM\" data-brz-custom-id=\"tdvyhakmdijlhtmyvigtzurwvxsxpiffrwro\">\n<div class=\"brz-bg\"><\/div>\n<div class=\"brz-row brz-css-bXbiR brz-css-u7eA6\">\n<div class=\"brz-columns brz-css-uwkqJ brz-css-q1MFW\" data-brz-custom-id=\"czpptudnawabqbzmmzipkcugikngydlakktj\">\n<div class=\"brz-bg\"><\/div>\n<div class=\"brz-column__items brz-css-vJBWQ\">\n<div class=\"brz-row__container brz-css-kIIA0\" data-brz-custom-id=\"assinapppbkmnuqvqfedifjopthmqmuxmmhx\">\n<div class=\"brz-bg\"><\/div>\n<div class=\"brz-row brz-row--inner brz-css-bXbiR brz-css-z6Inp\">\n<div class=\"brz-columns brz-css-uwkqJ brz-css-vUzd9\" data-brz-custom-id=\"qwwxoffhvufkbxpgsyimfzfhtntsfyivqqwc\">\n<div class=\"brz-bg\"><\/div>\n<div class=\"brz-column__items brz-css-vJBWQ brz-css-d4hPe\">\n<div id=\"\" class=\"brz-css-yN8th brz-css-dt0Ov brz-wrapper my-image-hover\">\n<div class=\"brz-image brz-css-zr3iG\" data-brz-custom-id=\"dlkgxogjijnpnohizjgnqewlviqlztjftyrv\"><a class=\"brz-a\" href=\"\/ro\/rooms-type\/standard-premium\/\" target=\"_self\" rel=\"noopener\" data-brz-link-type=\"external\"><picture class=\"brz-picture brz-d-block brz-p-relative brz-css-xsBis\"><source srcset=\"https:\/\/hotelmoxa.com\/?brizy_media=wp-174c00907685e8fd9e6e45b7bfacf615.jpeg&amp;brizy_crop=iW%3D536%26iH%3D357%26oX%3D158%26oY%3D0%26cW%3D370%26cH%3D357 1x, https:\/\/hotelmoxa.com\/?brizy_media=wp-174c00907685e8fd9e6e45b7bfacf615.jpeg&amp;brizy_crop=iW%3D1072%26iH%3D714%26oX%3D316%26oY%3D0%26cW%3D740%26cH%3D714 2x\" media=\"(min-width: 992px)\"><source srcset=\"https:\/\/hotelmoxa.com\/?brizy_media=wp-174c00907685e8fd9e6e45b7bfacf615.jpeg&amp;brizy_crop=iW%3D284%26iH%3D189%26oX%3D84%26oY%3D0%26cW%3D196%26cH%3D189 1x, https:\/\/hotelmoxa.com\/?brizy_media=wp-174c00907685e8fd9e6e45b7bfacf615.jpeg&amp;brizy_crop=iW%3D568%26iH%3D378%26oX%3D168%26oY%3D0%26cW%3D392%26cH%3D378 2x\" media=\"(min-width: 768px)\"><img decoding=\"async\" class=\"brz-img\" srcset=\"https:\/\/hotelmoxa.com\/?brizy_media=wp-174c00907685e8fd9e6e45b7bfacf615.jpeg&amp;brizy_crop=iW%3D624%26iH%3D416%26oX%3D184%26oY%3D0%26cW%3D430%26cH%3D416 1x, https:\/\/hotelmoxa.com\/?brizy_media=wp-174c00907685e8fd9e6e45b7bfacf615.jpeg&amp;brizy_crop=iW%3D1248%26iH%3D832%26oX%3D368%26oY%3D0%26cW%3D860%26cH%3D832 2x\" src=\"https:\/\/hotelmoxa.com\/?brizy_media=wp-174c00907685e8fd9e6e45b7bfacf615.jpeg&amp;brizy_crop=iW%3D536%26iH%3D357%26oX%3D158%26oY%3D0%26cW%3D370%26cH%3D357\" alt=\"{{placeholder content='e3sgYnJpenlfZGNfaW1hZ2VfYWx0IH19' imageSrc='wp-174c00907685e8fd9e6e45b7bfacf615.jpeg'}}\" draggable=\"false\" loading=\"lazy\"><\/picture><\/a><\/div>\n<\/div>\n<\/div>\n<\/div>\n<\/div>\n<\/div>\n<div id=\"\" class=\"brz-css-yN8th brz-css-qo1s2 brz-wrapper\">\n<div class=\"brz-rich-text brz-rich-text__custom brz-css-fTKzO\" data-brz-custom-id=\"nwpveexmsafgoyjtkchuqiywdxppkrilggxn\">\n<div data-brz-translate-text=\"1\">\n<h5 class=\"brz-text-lg-center brz-fs-xs-22 brz-lh-xs-1 brz-tp-lg-heading5 brz-css-k_sEt\" data-uniq-id=\"slgip\" data-generated-css=\"brz-css-tidag\"><strong class=\"brz-cp-color1\">Standard Premium<\/strong><\/h5>\n<\/div>\n<\/div>\n<\/div>\n<\/div>\n<\/div>\n<div class=\"brz-columns brz-css-uwkqJ brz-css-lEIHD\" data-brz-custom-id=\"dzexuuacezxwbquuzkzuszhdqbxqherlkeen\">\n<div class=\"brz-bg\"><\/div>\n<div class=\"brz-column__items brz-css-vJBWQ\">\n<div class=\"brz-row__container brz-css-kIIA0\" data-brz-custom-id=\"cgdzqmhjklnfknmjujtsjevjajhwwwlnuqfz\">\n<div class=\"brz-bg\"><\/div>\n<div class=\"brz-row brz-row--inner brz-css-bXbiR brz-css-z6Inp\">\n<div class=\"brz-columns brz-css-uwkqJ brz-css-ahJDm\" data-brz-custom-id=\"yfvlgwnpybbctyivxknvrmaddrciidyqmrcn\">\n<div class=\"brz-bg\"><\/div>\n<div class=\"brz-column__items brz-css-vJBWQ brz-css-jT7Px\">\n<div id=\"\" class=\"brz-css-yN8th brz-css-jj3Ep brz-wrapper my-image-hover\">\n<div class=\"brz-image brz-css-oZcwa\" data-brz-custom-id=\"szginkgbdapfzkcaduzsmaujkxhpzknucmxj\"><a class=\"brz-a\" href=\"\/ro\/rooms-type\/deluxe-comfort-elite\/\" target=\"_self\" rel=\"noopener\" data-brz-link-type=\"external\"><picture class=\"brz-picture brz-d-block brz-p-relative brz-css-hYuQq\"><source srcset=\"https:\/\/hotelmoxa.com\/?brizy_media=wp-f2d8d3b4b53bc5dd52bed2ccb0f1b28e.jpg&amp;brizy_crop=iW%3D529%26iH%3D356%26oX%3D0%26oY%3D0%26cW%3D370%26cH%3D356 1x, https:\/\/hotelmoxa.com\/?brizy_media=wp-f2d8d3b4b53bc5dd52bed2ccb0f1b28e.jpg&amp;brizy_crop=iW%3D1058%26iH%3D712%26oX%3D0%26oY%3D0%26cW%3D740%26cH%3D712 2x\" media=\"(min-width: 992px)\"><source srcset=\"https:\/\/hotelmoxa.com\/?brizy_media=wp-f2d8d3b4b53bc5dd52bed2ccb0f1b28e.jpg&amp;brizy_crop=iW%3D280%26iH%3D188%26oX%3D0%26oY%3D0%26cW%3D196%26cH%3D188 1x, https:\/\/hotelmoxa.com\/?brizy_media=wp-f2d8d3b4b53bc5dd52bed2ccb0f1b28e.jpg&amp;brizy_crop=iW%3D560%26iH%3D376%26oX%3D0%26oY%3D0%26cW%3D392%26cH%3D376 2x\" media=\"(min-width: 768px)\"><img decoding=\"async\" class=\"brz-img\" srcset=\"https:\/\/hotelmoxa.com\/?brizy_media=wp-f2d8d3b4b53bc5dd52bed2ccb0f1b28e.jpg&amp;brizy_crop=iW%3D615%26iH%3D414%26oX%3D0%26oY%3D0%26cW%3D430%26cH%3D414 1x, https:\/\/hotelmoxa.com\/?brizy_media=wp-f2d8d3b4b53bc5dd52bed2ccb0f1b28e.jpg&amp;brizy_crop=iW%3D1230%26iH%3D828%26oX%3D0%26oY%3D0%26cW%3D860%26cH%3D828 2x\" src=\"https:\/\/hotelmoxa.com\/?brizy_media=wp-f2d8d3b4b53bc5dd52bed2ccb0f1b28e.jpg&amp;brizy_crop=iW%3D529%26iH%3D356%26oX%3D0%26oY%3D0%26cW%3D370%26cH%3D356\" alt=\"{{placeholder content='e3sgYnJpenlfZGNfaW1hZ2VfYWx0IH19' imageSrc='wp-f2d8d3b4b53bc5dd52bed2ccb0f1b28e.jpg'}}\" draggable=\"false\" loading=\"lazy\"><\/picture><\/a><\/div>\n<\/div>\n<\/div>\n<\/div>\n<\/div>\n<\/div>\n<div id=\"\" class=\"brz-css-yN8th brz-css-qun5N brz-wrapper\">\n<div class=\"brz-rich-text brz-rich-text__custom brz-css-fTKzO\" data-brz-custom-id=\"bjbgrpzzjbnecrpbykfyzplpckgxastzoqlh\">\n<div data-brz-translate-text=\"1\">\n<h5 class=\"brz-text-lg-center brz-fs-xs-22 brz-lh-xs-1 brz-tp-lg-heading5 brz-css-sX4aE\" data-uniq-id=\"mowdh\" data-generated-css=\"brz-css-kmsti\"><strong class=\"brz-cp-color1\">Deluxe Confort &amp; Elite<\/strong><\/h5>\n<\/div>\n<\/div>\n<\/div>\n<\/div>\n<\/div>\n<div class=\"brz-columns brz-css-uwkqJ brz-css-xnhQb\" data-brz-custom-id=\"wmmeahjfeslyulondksanogwgbdlrkgavguw\">\n<div class=\"brz-bg\"><\/div>\n<div class=\"brz-column__items brz-css-vJBWQ\">\n<div class=\"brz-row__container brz-css-kIIA0\" data-brz-custom-id=\"ucahfljndncgwqtkdsvjtcfvsgkrubbnvjef\">\n<div class=\"brz-bg\"><\/div>\n<div class=\"brz-row brz-row--inner brz-css-bXbiR brz-css-z6Inp\">\n<div class=\"brz-columns brz-css-uwkqJ brz-css-zlODw\" data-brz-custom-id=\"ymuycjyqjmtjgvmyvvksuqimfxvlralyjlen\">\n<div class=\"brz-bg\"><\/div>\n<div class=\"brz-column__items brz-css-vJBWQ brz-css-bdxLJ\">\n<div id=\"\" class=\"brz-css-yN8th brz-css-oJoGi brz-wrapper my-image-hover\">\n<div class=\"brz-image brz-css-fbAL9\" data-brz-custom-id=\"dmosdgsznvhtndxoerovxeehnfrhzypnlvad\"><a class=\"brz-a\" href=\"\/ro\/rooms-type\/executive\/\" target=\"_self\" rel=\"noopener\" data-brz-link-type=\"external\"><picture class=\"brz-picture brz-d-block brz-p-relative brz-css-rAZvO\"><source srcset=\"https:\/\/hotelmoxa.com\/?brizy_media=wp-7a55dcf1edf734d95f8f6eb635a65927.jpg&amp;brizy_crop=iW%3D504%26iH%3D359%26oX%3D21%26oY%3D0%26cW%3D371%26cH%3D359 1x, https:\/\/hotelmoxa.com\/?brizy_media=wp-7a55dcf1edf734d95f8f6eb635a65927.jpg&amp;brizy_crop=iW%3D1008%26iH%3D718%26oX%3D42%26oY%3D0%26cW%3D742%26cH%3D718 2x\" media=\"(min-width: 992px)\"><source srcset=\"https:\/\/hotelmoxa.com\/?brizy_media=wp-7a55dcf1edf734d95f8f6eb635a65927.jpg&amp;brizy_crop=iW%3D267%26iH%3D190%26oX%3D11%26oY%3D0%26cW%3D197%26cH%3D190 1x, https:\/\/hotelmoxa.com\/?brizy_media=wp-7a55dcf1edf734d95f8f6eb635a65927.jpg&amp;brizy_crop=iW%3D534%26iH%3D380%26oX%3D22%26oY%3D0%26cW%3D394%26cH%3D380 2x\" media=\"(min-width: 768px)\"><img decoding=\"async\" class=\"brz-img\" srcset=\"https:\/\/hotelmoxa.com\/?brizy_media=wp-7a55dcf1edf734d95f8f6eb635a65927.jpg&amp;brizy_crop=iW%3D585%26iH%3D416%26oX%3D25%26oY%3D0%26cW%3D430%26cH%3D416 1x, https:\/\/hotelmoxa.com\/?brizy_media=wp-7a55dcf1edf734d95f8f6eb635a65927.jpg&amp;brizy_crop=iW%3D1170%26iH%3D832%26oX%3D50%26oY%3D0%26cW%3D860%26cH%3D832 2x\" src=\"https:\/\/hotelmoxa.com\/?brizy_media=wp-7a55dcf1edf734d95f8f6eb635a65927.jpg&amp;brizy_crop=iW%3D504%26iH%3D359%26oX%3D21%26oY%3D0%26cW%3D371%26cH%3D359\" alt=\"{{placeholder content='e3sgYnJpenlfZGNfaW1hZ2VfYWx0IH19' imageSrc='wp-7a55dcf1edf734d95f8f6eb635a65927.jpg'}}\" draggable=\"false\" loading=\"lazy\"><\/picture><\/a><\/div>\n<\/div>\n<\/div>\n<\/div>\n<\/div>\n<\/div>\n<div id=\"\" class=\"brz-css-yN8th brz-css-wjhK8 brz-wrapper\">\n<div class=\"brz-rich-text brz-rich-text__custom brz-css-fTKzO\" data-brz-custom-id=\"uwhrytiyullayjxczenmssfmpgtpvkoksofb\">\n<div data-brz-translate-text=\"1\">\n<h5 class=\"brz-text-lg-center brz-fs-xs-22 brz-lh-xs-1 brz-tp-lg-heading5 brz-css-ueLsX\" data-uniq-id=\"strkn\" data-generated-css=\"brz-css-veysz\"><strong class=\"brz-cp-color1\">Executive <\/strong><\/h5>\n<\/div>\n<\/div>\n<\/div>\n<\/div>\n<\/div>\n<\/div>\n<\/div>\n<\/div>\n<\/div>\n<\/section>\n<section id=\"{{placeholder content='e3sgcmFuZG9tX2lkIH19' key='tqmlqrqhfuaxkqjwerdnttqdpwztqxoihxww'}}_tqmlqrqhfuaxkqjwerdnttqdpwztqxoihxww\" class=\"brz-section brz-css-bTfGh\">\n<div class=\"brz-section__content brz-section--boxed brz-css-yFweE brz-css-dRq9h\" data-brz-custom-id=\"aeivlkdefwgisrxcywnffzekizedguxqozei\">\n<div class=\"brz-bg\">\n<div class=\"brz-bg-color\"><\/div>\n<\/div>\n<div class=\"brz-container brz-css-jSp0p brz-css-lr8EY\">\n<div id=\"\" class=\"brz-css-yN8th brz-css-qz9eI brz-wrapper\">\n<div class=\"brz-rich-text brz-rich-text__custom brz-css-fTKzO\" data-brz-custom-id=\"alimktnpfrgbwzshvsnssqhvkmaronaffkrh\">\n<div data-brz-translate-text=\"1\">\n<h3 data-uniq-id=\"mziur\" data-generated-css=\"brz-css-rwbvn\" class=\"brz-tp-lg-heading3 brz-text-lg-center brz-css-qcmZS\"><span class=\"brz-cp-color8\">Cere Ofert\u0103!<\/span><\/h3>\n<\/div>\n<\/div>\n<\/div>\n<div id=\"\" class=\"brz-css-yN8th brz-wrapper\">\n<div class=\"brz-rich-text brz-rich-text__custom brz-css-fTKzO\" data-brz-custom-id=\"dryueafdwfknfethqhjgklithmzpobsvimje\">\n<div data-brz-translate-text=\"1\">\n<p class=\"brz-tp-lg-paragraph brz-text-lg-center brz-css-pFxuA\" data-generated-css=\"brz-css-oelcq\" data-uniq-id=\"ituht\"><span class=\"brz-cp-color8\">Fiecare cerere \u0219i dorin\u021b\u0103 a Dvs. este important\u0103 pentru noi, vom face tot posibilul s\u0103 v\u0103 oferim un r\u0103spuns sau o solu\u021bie perfect\u0103.<\/span><\/p>\n<\/div>\n<\/div>\n<\/div>\n<div class=\"brz-wrapper-clone brz-css-mXW8v brz-css-uShUh\">\n<div class=\"brz-d-xs-flex brz-flex-xs-wrap brz-css-hUe8j\" data-brz-custom-id=\"\">\n<div class=\"brz-wrapper-clone__item\" id=\"phbbhikvlcrkouzszuhdlaznrcygnhdyrsmr\"><a class=\"brz-a brz-btn brz-css-mzuGs brz-css-hgo3z brz-css-b1cGh brz-css-raXOm\" href=\"#lhjuukyjvralcuvkstmmzzgmbuwukqggklim\" target=\"_self\" rel=\"noopener\" data-brz-link-type=\"popup\" data-brz-custom-id=\"phbbhikvlcrkouzszuhdlaznrcygnhdyrsmr\"><svg class=\"brz-icon-svg align-[initial] brz-css-hJWrN\"><use href=\"\/wp-content\/plugins\/brizy\/public\/editor-build\/prod\/editor\/icons\/glyph\/restaurant-menu.svg#nc_icon\"><\/use><\/svg><span data-brz-translate-text=\"1\" class=\"brz-span brz-text__editor\" contenteditable=\"false\">CERE OFERT\u0102<\/span><\/a><\/p>\n<div class=\"brz brz-popup2 brz-popup2__preview brz-popup2__auto brz-popup2--fixed brz-css-mVOLI brz-css-yeWNc\" id=\"lhjuukyjvralcuvkstmmzzgmbuwukqggklim\" data-brz-popup=\"lhjuukyjvralcuvkstmmzzgmbuwukqggklim\" data-brz-click_outside_to_close=\"true\" data-brz-once-id=\"lhjuukyjvralcuvkstmmzzgmbuwukqggklim\" data-brz-custom-id=\"uudnqbkydiupuazcqngamyujdiyrghvdnkkh\">\n<div class=\"brz-bg\">\n<div class=\"brz-bg-color\"><\/div>\n<\/div>\n<div class=\"brz-popup2__inner brz-d-xs-flex brz-flex-xs-wrap brz-css-l2xoi brz-css-le5iA\">\n<div class=\"brz-container__wrap\">\n<div class=\"brz-popup2__close\" data-brz-custom-id=\"uudnqbkydiupuazcqngamyujdiyrghvdnkkh--close\"><svg class=\"brz-icon-svg align-[initial]\"><use href=\"\/wp-content\/plugins\/brizy\/public\/editor-build\/prod\/editor\/icons\/editor\/close-popup.svg#brz_icon\"><\/use><\/svg><\/div>\n<div class=\"brz-container\">\n<div class=\"brz-row__container brz-css-kIIA0 brz-css-aLo8h\" data-brz-custom-id=\"jasqulmlxraavdpgcbdbqusyfkrwkvoygpyt\">\n<div class=\"brz-bg\">\n<div class=\"brz-bg-color\"><\/div>\n<\/div>\n<div class=\"brz-row brz-css-bXbiR brz-css-iL6b4\">\n<div class=\"brz-columns brz-css-uwkqJ brz-css-u1fCd\" data-brz-custom-id=\"vpbcdnjmkjfrmmcwtfiwfcupnkbpxkjspxss\">\n<div class=\"brz-bg\">\n<div class=\"brz-bg-color\"><\/div>\n<\/div>\n<div class=\"brz-column__items brz-css-vJBWQ\">\n<div id=\"\" class=\"brz-css-yN8th brz-wrapper\">\n<div class=\"brz-wp__sidebar brz-css-h_dhN\" data-brz-custom-id=\"ksgnixzxzznrnlsfzfcwwbfvcybwfyuqgkej\">\n<div style=\"min-height:20px\">{{placeholder content=&#8217;e3tlZGl0b3Jfc2lkZWJhcn19&#8242; sidebarId=&#8217;sidebar-1&#8242;}}<\/div>\n<\/div>\n<\/div>\n<\/div>\n<\/div>\n<\/div>\n<\/div>\n<\/div>\n<\/div>\n<\/div>\n<\/div>\n<\/div>\n<\/div>\n<\/div>\n<\/div>\n<\/div>\n<\/section>\n<p>{{ brizy_dc_global_blocks position=&#8217;bottom&#8217; }}<\/p><\/div>\n<p>    <!-- version:1766147686 --><\/p>","protected":false},"excerpt":{"rendered":"<p>{{ brizy_dc_global_blocks position=&#8217;top&#8217; }} Rooms Type Hotel MOXA evokes a real sense of history, perfectly combining its rich heritage with urban style, the elegance and comforts in every detail which has been carefully considered. Standard Premium Deluxe Comfort &amp; Elite Executive Ask an Offer! Whatever you ask for, we will do our very best to [&hellip;]<\/p>","protected":false},"author":1,"featured_media":0,"parent":0,"menu_order":2,"comment_status":"closed","ping_status":"closed","template":"brizy-blank-template.php","meta":{"footnotes":""},"class_list":["post-26","page","type-page","status-publish","hentry","wpbf-post"],"_links":{"self":[{"href":"https:\/\/hotelmoxa.com\/ro\/wp-json\/wp\/v2\/pages\/26","targetHints":{"allow":["GET"]}}],"collection":[{"href":"https:\/\/hotelmoxa.com\/ro\/wp-json\/wp\/v2\/pages"}],"about":[{"href":"https:\/\/hotelmoxa.com\/ro\/wp-json\/wp\/v2\/types\/page"}],"author":[{"embeddable":true,"href":"https:\/\/hotelmoxa.com\/ro\/wp-json\/wp\/v2\/users\/1"}],"replies":[{"embeddable":true,"href":"https:\/\/hotelmoxa.com\/ro\/wp-json\/wp\/v2\/comments?post=26"}],"version-history":[{"count":30,"href":"https:\/\/hotelmoxa.com\/ro\/wp-json\/wp\/v2\/pages\/26\/revisions"}],"predecessor-version":[{"id":6447,"href":"https:\/\/hotelmoxa.com\/ro\/wp-json\/wp\/v2\/pages\/26\/revisions\/6447"}],"wp:attachment":[{"href":"https:\/\/hotelmoxa.com\/ro\/wp-json\/wp\/v2\/media?parent=26"}],"curies":[{"name":"wp","href":"https:\/\/api.w.org\/{rel}","templated":true}]}}