{"id":27,"date":"2022-09-05T13:06:26","date_gmt":"2022-09-05T13:06:26","guid":{"rendered":"https:\/\/hotelmoxa.com\/services\/"},"modified":"2025-12-19T12:36:20","modified_gmt":"2025-12-19T12:36:20","slug":"services-more","status":"publish","type":"page","link":"https:\/\/hotelmoxa.com\/ro\/services-more\/","title":{"rendered":"Alte Servicii"},"content":{"rendered":"<div class=\"brz-root__container brz-reset-all brz\">{{ brizy_dc_global_blocks position=&#8217;top&#8217; }}<\/p>\n<section id=\"{{placeholder content='e3sgcmFuZG9tX2lkIH19' key='rlemchpweqspuuisbwzkoqssswkhslpkvixt'}}_rlemchpweqspuuisbwzkoqssswkhslpkvixt\" class=\"brz-section brz-css-dxElc brz-css-otHh1\">\n<div class=\"brz-section__content brz-section--boxed brz-css-hALAJ brz-css-a9F2J\" data-brz-custom-id=\"qklzginbfjuzgterbnckhivvaxciqgwjevtc\">\n<div class=\"brz-bg\">\n<div class=\"brz-bg-image\"><\/div>\n<div class=\"brz-bg-color\"><\/div>\n<\/div>\n<div class=\"brz-container brz-css-u7qOP\">\n<div id=\"\" data-brz-iteration-count=\"1\" class=\"brz-css-rlPpJ brz-css-wKsZP brz-wrapper brz-animated brz-css-yRRnb brz-css-j88bU\" data-animationid=\"empzdmxfwxyrddbbeyissosebioclftbymkx\">\n<div class=\"brz-rich-text brz-rich-text__custom brz-css-pBSoq\" data-brz-custom-id=\"wjmuxkgxteywfmhpfoooeriqscasqyigsnda\">\n<div data-brz-translate-text=\"1\">\n<h1 class=\"brz-fs-xs-34 brz-lh-xs-1_3 brz-text-lg-center brz-tp-lg-heading1 brz-text-xs-center brz-css-lttOq\" data-uniq-id=\"crghd\" data-generated-css=\"brz-css-pomkh\"><span class=\"brz-cp-color8\">Servicii<\/span><\/h1>\n<\/div>\n<\/div>\n<\/div>\n<div id=\"\" class=\"brz-css-rlPpJ brz-css-pv27_ brz-wrapper\">\n<div class=\"brz-rich-text brz-rich-text__custom brz-css-pBSoq\" data-brz-custom-id=\"mydnljsqeqevuxrfiogmqcdbhtuxufjdmbhl\">\n<div data-brz-translate-text=\"1\">\n<p data-uniq-id=\"xsdnn\" data-generated-css=\"brz-css-xbijy\" class=\"brz-tp-lg-subtitle brz-bcp-color8 brz-text-lg-center brz-css-cgi7g\"><em class=\"brz-cp-color8\">Personalul nostru preg\u0103tit \u0219i atent, este gata mereu s\u0103 vin\u0103 \u00een ajutorul dumneavoastr\u0103.<\/em><\/p>\n<\/div>\n<\/div>\n<\/div>\n<\/div>\n<\/div>\n<\/section>\n<section id=\"{{placeholder content='e3sgcmFuZG9tX2lkIH19' key='dnazkeqcgchkhilxmqxhsxstwnaedrdkrfut'}}_dnazkeqcgchkhilxmqxhsxstwnaedrdkrfut\" class=\"brz-section brz-css-dxElc\">\n<div class=\"brz-section__content brz-section--boxed brz-css-hALAJ brz-css-eN8fA\" data-brz-custom-id=\"rjxbckrhlqhtbdzseigholclyzwlitexzifj\">\n<div class=\"brz-container brz-css-u7qOP\">\n<div id=\"\" class=\"brz-css-rlPpJ brz-css-pTFuP brz-wrapper\">\n<div class=\"brz-rich-text brz-rich-text__custom brz-css-pBSoq\" data-brz-custom-id=\"uwhmurfgbgutccytjwaqcvphkldwqpwgfsqb\">\n<div data-brz-translate-text=\"1\">\n<p class=\"brz-text-lg-center brz-tp-lg-paragraph brz-css-mScJZ\" data-generated-css=\"brz-css-sBMQd\" data-uniq-id=\"xHAVU\"><span class=\"brz-cp-color4\">La Hotel MOXA, fiecare camer\u0103, barul \u0219i s\u0103lile de conferin\u021b\u0103 au un design unic, fiind g\u00e2ndite special pentru a v\u0103 oferi un sejur sigur \u0219i relaxant. \u00cen \u00eentregul hotel, ve\u021bi descoperi o atmosfer\u0103 marcat\u0103 de istorie \u0219i art\u0103, completat\u0103 de toate facilit\u0103\u021bile moderne dorite de c\u0103l\u0103torul de ast\u0103zi, precum sala de fitness \u0219i sauna.<\/span><\/p>\n<\/div>\n<\/div>\n<\/div>\n<\/div>\n<\/div>\n<\/section>\n<section id=\"{{placeholder content='e3sgcmFuZG9tX2lkIH19' key='nkiswalyguidbqksfprgpljrhffbdkijjfsu'}}_nkiswalyguidbqksfprgpljrhffbdkijjfsu\" class=\"brz-section brz-css-dxElc\">\n<div class=\"brz-section__content brz-section--boxed brz-css-hALAJ brz-css-djOOb\" data-brz-custom-id=\"toiafyyhupbplpluribuvvmfaljshhbjjifq\">\n<div class=\"brz-container brz-css-u7qOP\">\n<div class=\"brz-row__container brz-css-r9fvB brz-css-kd7Qk\" data-brz-custom-id=\"bxjqcxzigzhwslryuqebjexaohktqkkpmcad\">\n<div class=\"brz-bg\"><\/div>\n<div class=\"brz-row brz-css-tzOK8 brz-css-t7Igs\">\n<div class=\"brz-columns brz-css-hXSE1 brz-css-piTCK\" data-brz-custom-id=\"jwrsiuanbjxvmicmigaqkvkooewfqwcoasxg\">\n<div class=\"brz-bg\"><\/div>\n<div class=\"brz-column__items brz-css-ndS7_\">\n<div id=\"\" class=\"brz-css-rlPpJ brz-wrapper my-image-hover\">\n<div class=\"brz-image brz-css-cQOIX\" data-brz-custom-id=\"qnfxhjxtmwlndryvdbkuzvxiohuudwurdbwo\"><a class=\"brz-a\" href=\"\/ro\/services-more\/your-concierge\/\" target=\"_self\" rel=\"noopener\" data-brz-link-type=\"external\"><picture class=\"brz-picture brz-d-block brz-p-relative brz-css-u3GlL\"><source srcset=\"https:\/\/hotelmoxa.com\/?brizy_media=wp-6df7561b0cba7ce75ed9ebe59b3aea95.jpeg&amp;brizy_crop=iW%3D391%26iH%3D261%26oX%3D84%26oY%3D0%26cW%3D270%26cH%3D261 1x, https:\/\/hotelmoxa.com\/?brizy_media=wp-6df7561b0cba7ce75ed9ebe59b3aea95.jpeg&amp;brizy_crop=iW%3D782%26iH%3D522%26oX%3D168%26oY%3D0%26cW%3D540%26cH%3D522 2x\" media=\"(min-width: 992px)\"><source srcset=\"https:\/\/hotelmoxa.com\/?brizy_media=wp-6df7561b0cba7ce75ed9ebe59b3aea95.jpeg&amp;brizy_crop=iW%3D235%26iH%3D157%26oX%3D50%26oY%3D0%26cW%3D162%26cH%3D157 1x, https:\/\/hotelmoxa.com\/?brizy_media=wp-6df7561b0cba7ce75ed9ebe59b3aea95.jpeg&amp;brizy_crop=iW%3D470%26iH%3D314%26oX%3D100%26oY%3D0%26cW%3D324%26cH%3D314 2x\" media=\"(min-width: 768px)\"><img decoding=\"async\" class=\"brz-img\" srcset=\"https:\/\/hotelmoxa.com\/?brizy_media=wp-6df7561b0cba7ce75ed9ebe59b3aea95.jpeg&amp;brizy_crop=iW%3D623%26iH%3D416%26oX%3D134%26oY%3D0%26cW%3D430%26cH%3D416 1x, https:\/\/hotelmoxa.com\/?brizy_media=wp-6df7561b0cba7ce75ed9ebe59b3aea95.jpeg&amp;brizy_crop=iW%3D1246%26iH%3D832%26oX%3D268%26oY%3D0%26cW%3D860%26cH%3D832 2x\" src=\"https:\/\/hotelmoxa.com\/?brizy_media=wp-6df7561b0cba7ce75ed9ebe59b3aea95.jpeg&amp;brizy_crop=iW%3D391%26iH%3D261%26oX%3D84%26oY%3D0%26cW%3D270%26cH%3D261\" alt=\"{{placeholder content='e3sgYnJpenlfZGNfaW1hZ2VfYWx0IH19' imageSrc='wp-6df7561b0cba7ce75ed9ebe59b3aea95.jpeg'}}\" draggable=\"false\" loading=\"lazy\"><\/picture><\/a><\/div>\n<\/div>\n<div id=\"\" class=\"brz-css-rlPpJ brz-css-vadCw brz-wrapper\">\n<div class=\"brz-rich-text brz-rich-text__custom brz-css-pBSoq\" data-brz-custom-id=\"tllftzappimjfmeqeeudmachqlsvpozfrvff\">\n<div data-brz-translate-text=\"1\">\n<h5 class=\"brz-tp-lg-heading5 brz-lh-xs-1 brz-fs-xs-22 brz-text-lg-center brz-css-glGwh\" data-generated-css=\"brz-css-hvpbb\" data-uniq-id=\"mnhgi\"><strong class=\"brz-cp-color1\">Concierge<\/strong><\/h5>\n<\/div>\n<\/div>\n<\/div>\n<\/div>\n<\/div>\n<div class=\"brz-columns brz-css-hXSE1 brz-css-kSnhM\" data-brz-custom-id=\"ijycklogjthctllnbopqeavjxhiiupryrpek\">\n<div class=\"brz-bg\"><\/div>\n<div class=\"brz-column__items brz-css-ndS7_\">\n<div id=\"\" class=\"brz-css-rlPpJ brz-wrapper my-image-hover\">\n<div class=\"brz-image brz-css-hMQn_\" data-brz-custom-id=\"csczilzdewkmvyambnijmzwkigofzsclytjn\"><a class=\"brz-a\" href=\"\/ro\/services-more\/meetings\/\" target=\"_self\" rel=\"noopener\" data-brz-link-type=\"external\"><picture class=\"brz-picture brz-d-block brz-p-relative brz-css-atATQ\"><source srcset=\"https:\/\/hotelmoxa.com\/?brizy_media=wp-367f73fc5a63c7d468207ce29c2a8fc3.jpg&amp;brizy_crop=iW%3D391%26iH%3D261%26oX%3D0%26oY%3D0%26cW%3D270%26cH%3D261 1x, https:\/\/hotelmoxa.com\/?brizy_media=wp-367f73fc5a63c7d468207ce29c2a8fc3.jpg&amp;brizy_crop=iW%3D782%26iH%3D522%26oX%3D0%26oY%3D0%26cW%3D540%26cH%3D522 2x\" media=\"(min-width: 992px)\"><source srcset=\"https:\/\/hotelmoxa.com\/?brizy_media=wp-367f73fc5a63c7d468207ce29c2a8fc3.jpg&amp;brizy_crop=iW%3D235%26iH%3D157%26oX%3D0%26oY%3D0%26cW%3D162%26cH%3D157 1x, https:\/\/hotelmoxa.com\/?brizy_media=wp-367f73fc5a63c7d468207ce29c2a8fc3.jpg&amp;brizy_crop=iW%3D470%26iH%3D314%26oX%3D0%26oY%3D0%26cW%3D324%26cH%3D314 2x\" media=\"(min-width: 768px)\"><img decoding=\"async\" class=\"brz-img\" srcset=\"https:\/\/hotelmoxa.com\/?brizy_media=wp-367f73fc5a63c7d468207ce29c2a8fc3.jpg&amp;brizy_crop=iW%3D623%26iH%3D416%26oX%3D0%26oY%3D0%26cW%3D430%26cH%3D416 1x, https:\/\/hotelmoxa.com\/?brizy_media=wp-367f73fc5a63c7d468207ce29c2a8fc3.jpg&amp;brizy_crop=iW%3D1246%26iH%3D832%26oX%3D0%26oY%3D0%26cW%3D860%26cH%3D832 2x\" src=\"https:\/\/hotelmoxa.com\/?brizy_media=wp-367f73fc5a63c7d468207ce29c2a8fc3.jpg&amp;brizy_crop=iW%3D391%26iH%3D261%26oX%3D0%26oY%3D0%26cW%3D270%26cH%3D261\" alt=\"{{placeholder content='e3sgYnJpenlfZGNfaW1hZ2VfYWx0IH19' imageSrc='wp-367f73fc5a63c7d468207ce29c2a8fc3.jpg'}}\" draggable=\"false\" loading=\"lazy\"><\/picture><\/a><\/div>\n<\/div>\n<div id=\"\" class=\"brz-css-rlPpJ brz-css-vPdbT brz-wrapper\">\n<div class=\"brz-rich-text brz-rich-text__custom brz-css-pBSoq\" data-brz-custom-id=\"dsfqpokzlhdztpcujovbowilkvubvdbfvtwh\">\n<div data-brz-translate-text=\"1\">\n<h5 class=\"brz-text-lg-center brz-fs-xs-22 brz-lh-xs-1 brz-tp-lg-heading5 brz-css-fcb4d\" data-uniq-id=\"cdktq\" data-generated-css=\"brz-css-rlnkz\"><strong class=\"brz-cp-color1\">\u00cent\u00e2lniri<\/strong><\/h5>\n<\/div>\n<\/div>\n<\/div>\n<\/div>\n<\/div>\n<div class=\"brz-columns brz-css-hXSE1 brz-css-iiyxL\" data-brz-custom-id=\"hcvszlkmclxueiadvghujwhtdyyjqpboicrw\">\n<div class=\"brz-bg\"><\/div>\n<div class=\"brz-column__items brz-css-ndS7_\">\n<div id=\"\" class=\"brz-css-rlPpJ brz-wrapper my-image-hover\">\n<div class=\"brz-image brz-css-ovdtL\" data-brz-custom-id=\"rrtmficcyiegpxefmmvresatfehpmrogrubv\"><a class=\"brz-a\" href=\"\/ro\/services-more\/coffee-bar\/\" target=\"_self\" rel=\"noopener\" data-brz-link-type=\"external\"><picture class=\"brz-picture brz-d-block brz-p-relative brz-css-ce53u\"><source srcset=\"https:\/\/hotelmoxa.com\/?brizy_media=wp-6e4ee6e132d4e02261e61fcb07908af6.jpg&amp;brizy_crop=iW%3D391%26iH%3D261%26oX%3D88%26oY%3D0%26cW%3D270%26cH%3D261 1x, https:\/\/hotelmoxa.com\/?brizy_media=wp-6e4ee6e132d4e02261e61fcb07908af6.jpg&amp;brizy_crop=iW%3D782%26iH%3D522%26oX%3D176%26oY%3D0%26cW%3D540%26cH%3D522 2x\" media=\"(min-width: 992px)\"><source srcset=\"https:\/\/hotelmoxa.com\/?brizy_media=wp-6e4ee6e132d4e02261e61fcb07908af6.jpg&amp;brizy_crop=iW%3D235%26iH%3D157%26oX%3D53%26oY%3D0%26cW%3D162%26cH%3D157 1x, https:\/\/hotelmoxa.com\/?brizy_media=wp-6e4ee6e132d4e02261e61fcb07908af6.jpg&amp;brizy_crop=iW%3D470%26iH%3D314%26oX%3D106%26oY%3D0%26cW%3D324%26cH%3D314 2x\" media=\"(min-width: 768px)\"><img decoding=\"async\" class=\"brz-img\" srcset=\"https:\/\/hotelmoxa.com\/?brizy_media=wp-6e4ee6e132d4e02261e61fcb07908af6.jpg&amp;brizy_crop=iW%3D623%26iH%3D416%26oX%3D140%26oY%3D0%26cW%3D430%26cH%3D416 1x, https:\/\/hotelmoxa.com\/?brizy_media=wp-6e4ee6e132d4e02261e61fcb07908af6.jpg&amp;brizy_crop=iW%3D1246%26iH%3D832%26oX%3D280%26oY%3D0%26cW%3D860%26cH%3D832 2x\" src=\"https:\/\/hotelmoxa.com\/?brizy_media=wp-6e4ee6e132d4e02261e61fcb07908af6.jpg&amp;brizy_crop=iW%3D391%26iH%3D261%26oX%3D88%26oY%3D0%26cW%3D270%26cH%3D261\" alt=\"{{placeholder content='e3sgYnJpenlfZGNfaW1hZ2VfYWx0IH19' imageSrc='wp-6e4ee6e132d4e02261e61fcb07908af6.jpg'}}\" draggable=\"false\" loading=\"lazy\"><\/picture><\/a><\/div>\n<\/div>\n<div id=\"\" class=\"brz-css-rlPpJ brz-css-j7MbM brz-wrapper\">\n<div class=\"brz-rich-text brz-rich-text__custom brz-css-pBSoq\" data-brz-custom-id=\"knnvdsavaexibvfumpiblwonosufpsalopgi\">\n<div data-brz-translate-text=\"1\">\n<h5 class=\"brz-tp-lg-heading5 brz-lh-xs-1 brz-fs-xs-22 brz-text-lg-center brz-css-mo7zS\" data-generated-css=\"brz-css-ptgus\" data-uniq-id=\"geedz\"><strong class=\"brz-cp-color1\">Cafea &amp; Bar<\/strong><\/h5>\n<\/div>\n<\/div>\n<\/div>\n<\/div>\n<\/div>\n<div class=\"brz-columns brz-css-hXSE1 brz-css-aXiuU\" data-brz-custom-id=\"zybeqzuxdojwziotrvaqfjfxksletyivlvvp\">\n<div class=\"brz-bg\"><\/div>\n<div class=\"brz-column__items brz-css-ndS7_\">\n<div id=\"\" class=\"brz-css-rlPpJ brz-wrapper my-image-hover\">\n<div class=\"brz-image brz-css-l_e6l\" data-brz-custom-id=\"hetrudooqgrkqftbwatneszblvwymrhmeqyb\"><a class=\"brz-a\" href=\"\/ro\/services-more\/fitness-sauna\/\" target=\"_self\" rel=\"noopener\" data-brz-link-type=\"external\"><picture class=\"brz-picture brz-d-block brz-p-relative brz-css-j78gM\"><source srcset=\"https:\/\/hotelmoxa.com\/?brizy_media=wp-2310e92104255b3090c43af93582d943.jpg&amp;brizy_crop=iW%3D391%26iH%3D261%26oX%3D104%26oY%3D0%26cW%3D270%26cH%3D261 1x, https:\/\/hotelmoxa.com\/?brizy_media=wp-2310e92104255b3090c43af93582d943.jpg&amp;brizy_crop=iW%3D782%26iH%3D522%26oX%3D208%26oY%3D0%26cW%3D540%26cH%3D522 2x\" media=\"(min-width: 992px)\"><source srcset=\"https:\/\/hotelmoxa.com\/?brizy_media=wp-2310e92104255b3090c43af93582d943.jpg&amp;brizy_crop=iW%3D235%26iH%3D157%26oX%3D62%26oY%3D0%26cW%3D162%26cH%3D157 1x, https:\/\/hotelmoxa.com\/?brizy_media=wp-2310e92104255b3090c43af93582d943.jpg&amp;brizy_crop=iW%3D470%26iH%3D314%26oX%3D124%26oY%3D0%26cW%3D324%26cH%3D314 2x\" media=\"(min-width: 768px)\"><img decoding=\"async\" class=\"brz-img\" srcset=\"https:\/\/hotelmoxa.com\/?brizy_media=wp-2310e92104255b3090c43af93582d943.jpg&amp;brizy_crop=iW%3D623%26iH%3D416%26oX%3D165%26oY%3D0%26cW%3D430%26cH%3D416 1x, https:\/\/hotelmoxa.com\/?brizy_media=wp-2310e92104255b3090c43af93582d943.jpg&amp;brizy_crop=iW%3D1246%26iH%3D832%26oX%3D330%26oY%3D0%26cW%3D860%26cH%3D832 2x\" src=\"https:\/\/hotelmoxa.com\/?brizy_media=wp-2310e92104255b3090c43af93582d943.jpg&amp;brizy_crop=iW%3D391%26iH%3D261%26oX%3D104%26oY%3D0%26cW%3D270%26cH%3D261\" alt=\"{{placeholder content='e3sgYnJpenlfZGNfaW1hZ2VfYWx0IH19' imageSrc='wp-2310e92104255b3090c43af93582d943.jpg'}}\" draggable=\"false\" loading=\"lazy\"><\/picture><\/a><\/div>\n<\/div>\n<div id=\"\" class=\"brz-css-rlPpJ brz-css-aHc48 brz-wrapper\">\n<div class=\"brz-rich-text brz-rich-text__custom brz-css-pBSoq\" data-brz-custom-id=\"dlhrblrpwhhrbpvkgsyxovsvunhqnlusnsxz\">\n<div data-brz-translate-text=\"1\">\n<h5 class=\"brz-tp-lg-heading5 brz-lh-xs-1 brz-fs-xs-22 brz-text-lg-center brz-css-wTjvE\" data-generated-css=\"brz-css-miblq\" data-uniq-id=\"yafnc\"><strong class=\"brz-cp-color1\">Fitness &amp; Saun\u0103<\/strong><\/h5>\n<\/div>\n<\/div>\n<\/div>\n<\/div>\n<\/div>\n<\/div>\n<\/div>\n<\/div>\n<\/div>\n<\/section>\n<section id=\"{{placeholder content='e3sgcmFuZG9tX2lkIH19' key='yiyngygpgycjwccvlqpmbxnfbumimawlhjar'}}_yiyngygpgycjwccvlqpmbxnfbumimawlhjar\" class=\"brz-section brz-css-dxElc\">\n<div class=\"brz-section__content brz-section--boxed brz-css-hALAJ brz-css-qrR4l\" data-brz-custom-id=\"jfyrydzkidfwcdlclhizgcerarxiaffzktmk\">\n<div class=\"brz-bg\">\n<div class=\"brz-bg-color\"><\/div>\n<\/div>\n<div class=\"brz-container brz-css-u7qOP brz-css-z63mA\">\n<div id=\"\" class=\"brz-css-rlPpJ brz-css-cY56U brz-wrapper\">\n<div class=\"brz-rich-text brz-rich-text__custom brz-css-pBSoq\" data-brz-custom-id=\"bqqbwrmeckzqjqjsiqaefbkliprjhzsazapl\">\n<div data-brz-translate-text=\"1\">\n<h3 class=\"brz-tp-lg-heading3 brz-text-lg-center brz-css-f73s2\" data-uniq-id=\"pgsoj\" data-generated-css=\"brz-css-samlz\"><span class=\"brz-cp-color8\">Solicit\u0103 o ofert\u0103 personalizat\u0103!<\/span><\/h3>\n<\/div>\n<\/div>\n<\/div>\n<div class=\"brz-row__container brz-css-r9fvB\" data-brz-custom-id=\"hkdcrxpwlbtdnbtitzienqhyltsduljwammx\">\n<div class=\"brz-bg\"><\/div>\n<div class=\"brz-row brz-css-tzOK8 brz-css-lqCmR\">\n<div class=\"brz-columns brz-css-hXSE1 brz-css-zWp95\" data-brz-custom-id=\"sovtgenppapnveupgcoemjhorwhiokuhcqet\">\n<div class=\"brz-bg\"><\/div>\n<div class=\"brz-column__items brz-css-ndS7_ brz-css-fFMLk\">\n<div id=\"\" class=\"brz-css-rlPpJ brz-wrapper\">\n<div class=\"brz-rich-text brz-rich-text__custom brz-css-pBSoq\" data-brz-custom-id=\"svxdlfiwyuycvustnhiqbijpgkojjoocbxhv\">\n<div data-brz-translate-text=\"1\">\n<p class=\"brz-text-lg-center brz-tp-lg-paragraph brz-css-ah8Kb\" data-uniq-id=\"l6HZP\" data-generated-css=\"brz-css-emRb1\"><span class=\"brz-cp-color8\">Hotelul nostru primitor se preteaz\u0103 la evenimente de scar\u0103 mic\u0103 \u0219i poate adapta detaliile \u00een func\u021bie de preferin\u021bele dumneavoastr\u0103 personale.<\/span><\/p>\n<\/div>\n<\/div>\n<\/div>\n<div id=\"\" class=\"brz-css-rlPpJ brz-wrapper\">\n<div class=\"brz-rich-text brz-rich-text__custom brz-css-pBSoq\" data-brz-custom-id=\"xghwvtovcofffvdippuhzmgpbbggdgkiwyvm\">\n<div data-brz-translate-text=\"1\">\n<p class=\"brz-tp-lg-paragraph brz-text-lg-center brz-css-l_KM2\" data-generated-css=\"brz-css-gGujR\" data-uniq-id=\"tlGrJ\"><span class=\"brz-cp-color8\">L\u0103sa\u021bi \u00een grija noastr\u0103 organizarea evenimentelor sau a \u00eent\u00e2lnirilor dumneavoastr\u0103. Datorit\u0103 asisten\u021bei noastre personalizate \u0219i complete, ne asigur\u0103m c\u0103 totul decurge impecabil, astfel \u00eenc\u00e2t dumneavoastr\u0103 s\u0103 v\u0103 pute\u021bi bucura din plin de experien\u021ba la Hotel MOXA.<\/span><\/p>\n<\/div>\n<\/div>\n<\/div>\n<div id=\"\" class=\"brz-css-rlPpJ brz-wrapper\">\n<div class=\"brz-rich-text brz-rich-text__custom brz-css-pBSoq\" data-brz-custom-id=\"qldmedzfcouphrxicoqrqjrkkkrlhsunglkn\">\n<div data-brz-translate-text=\"1\">\n<p class=\"brz-text-lg-center brz-tp-lg-paragraph brz-css-kep7R\" data-uniq-id=\"pgktj\" data-generated-css=\"brz-css-dqgts\"><span class=\"brz-cp-color8\">V\u0103 a\u0219tept\u0103m s\u0103 ne contacta\u021bi \u0219i s\u0103 v\u0103 facem cuno\u0219tin\u021b\u0103 cu personalul nostru profesionist \u0219i entuziast, preg\u0103tit pentru a v\u0103 \u00een\u021belege nevoile \u0219i a\u0219tept\u0103rile.<\/span><\/p>\n<\/div>\n<\/div>\n<\/div>\n<\/div>\n<\/div>\n<\/div>\n<\/div>\n<div class=\"brz-wrapper-clone brz-css-vJ2KF brz-css-gZSLV\">\n<div class=\"brz-d-xs-flex brz-flex-xs-wrap brz-css-wpN98\" data-brz-custom-id=\"\">\n<div class=\"brz-wrapper-clone__item\" id=\"xqpwxvvclscshherqjthqagjawejyjflzkid\"><a class=\"brz-a brz-btn brz-css-fFTR3 brz-css-ywfhK brz-css-xHhSk brz-css-kJkv0\" href=\"#glblbbxtmziymmchcozpjmebyjatwzeqebjm\" target=\"_self\" rel=\"noopener\" data-brz-link-type=\"popup\" data-brz-custom-id=\"xqpwxvvclscshherqjthqagjawejyjflzkid\"><svg class=\"brz-icon-svg align-[initial] brz-css-wTHle\"><use href=\"\/wp-content\/plugins\/brizy\/public\/editor-build\/prod\/editor\/icons\/glyph\/restaurant-menu.svg#nc_icon\"><\/use><\/svg><span data-brz-translate-text=\"1\" class=\"brz-span brz-text__editor\" contenteditable=\"false\">CERE OFERT\u0102<\/span><\/a><\/p>\n<div class=\"brz brz-popup2 brz-popup2__preview brz-popup2__auto brz-popup2--fixed brz-css-pYd40 brz-css-jcKAr\" id=\"glblbbxtmziymmchcozpjmebyjatwzeqebjm\" data-brz-popup=\"glblbbxtmziymmchcozpjmebyjatwzeqebjm\" data-brz-click_outside_to_close=\"true\" data-brz-once-id=\"glblbbxtmziymmchcozpjmebyjatwzeqebjm\" data-brz-custom-id=\"zjcpqxtdeieilfwkxyadxhnidpsaprcwsaqx\">\n<div class=\"brz-bg\">\n<div class=\"brz-bg-color\"><\/div>\n<\/div>\n<div class=\"brz-popup2__inner brz-d-xs-flex brz-flex-xs-wrap brz-css-xmbK6 brz-css-mXHCy\">\n<div class=\"brz-container__wrap\">\n<div class=\"brz-popup2__close\" data-brz-custom-id=\"zjcpqxtdeieilfwkxyadxhnidpsaprcwsaqx--close\"><svg class=\"brz-icon-svg align-[initial]\"><use href=\"\/wp-content\/plugins\/brizy\/public\/editor-build\/prod\/editor\/icons\/editor\/close-popup.svg#brz_icon\"><\/use><\/svg><\/div>\n<div class=\"brz-container\">\n<div class=\"brz-row__container brz-css-r9fvB brz-css-dOCUX\" data-brz-custom-id=\"dihsemlslxpywzqhlwslpartedigkbhqxpsr\">\n<div class=\"brz-bg\">\n<div class=\"brz-bg-color\"><\/div>\n<\/div>\n<div class=\"brz-row brz-css-tzOK8 brz-css-kQyZA\">\n<div class=\"brz-columns brz-css-hXSE1 brz-css-kSsD_\" data-brz-custom-id=\"ynvzqwzhnubmtcjtmcqpqihbgrrmuspltpsm\">\n<div class=\"brz-bg\"><\/div>\n<div class=\"brz-column__items brz-css-ndS7_\">\n<div id=\"\" class=\"brz-css-rlPpJ brz-wrapper js-event-form\">\n<div data-brz-form-version=\"2\" class=\"brz-forms2 brz-css-wLdUA\" data-brz-custom-id=\"udnpgwnojtrnqotbvfbzvleguwuosisqymcs\">\n<form class=\"brz-form brz-d-xs-flex brz-flex-xs-wrap\" novalidate=\"\" action=\"\/ro\/brizy_dc_ajax_url\/?nonce=editor_nonce%20showfor=&#039;authenticated_user&#039;%20action=&#039;brizy-api&#039;&#038;action=brizy_submit_form\" data-brz-form-id=\"udnpgwnojtrnqotbvfbzvleguwuosisqymcs\" data-brz-project-id=\"5e834612a2fab333e020cbcf2ee4bb39\" data-brz-success=\"\" data-brz-error=\"\" data-brz-redirect=\"\" data-brz-form-type=\"default\" data-trp-original-action=\"{{brizy_dc_ajax_url}}?nonce={{editor_nonce showfor='authenticated_user' action='brizy-api'}}&amp;action=brizy_submit_form\">\n<div data-brz-translate-text=\"1\" class=\"brz-forms2__item brz-css-q2T36 brz-css-nXMT1 brz-css-yDo4Z\"><input type=\"text\" id=\"pul1f5Oex14z_{{placeholder content='e3sgcmFuZG9tX2lkIH19' key='figkfohwggwjxmipiwbsxdduugfdwgaihlcd'}}\" name=\"figkfohwggwjxmipiwbsxdduugfdwgaihlcd\" placeholder=\"Nume\" required=\"\" data-brz-type=\"Text\" data-brz-label=\"Name\" data-brz-placeholder=\"Name\" class=\"brz-input brz-forms2__field brz-forms2__field-text\"><\/div>\n<div data-brz-translate-text=\"1\" class=\"brz-forms2__item brz-css-q2T36 brz-css-nXMT1 brz-css-r8c80\"><input type=\"email\" id=\"t6okcpI3nZew_{{placeholder content='e3sgcmFuZG9tX2lkIH19' key='pjzdksjnvhnpuqrbagerkwazsblocxdvodab'}}\" name=\"pjzdksjnvhnpuqrbagerkwazsblocxdvodab\" placeholder=\"Email\" required=\"\" pattern=\"%5E((%5B%5E%3C%3E%5C(%5C)%5C%5B%5C%5D%5C%5C.,;:%5Cs@%22%5D+(%5C.%5B%5E%3C%3E%5C(%5C)%5C%5B%5C%5D%5C%5C.,;:%5Cs@%22%5D+)*)%7C(%22.+%22))@((%5C%5B%5B0-9%5D%7B1,3%7D%5C.%5B0-9%5D%7B1,3%7D%5C.%5B0-9%5D%7B1,3%7D%5C.%5B0-9%5D%7B1,3%7D%5C%5D)%7C((%5Ba-zA-Z%5C-0-9%5D+%5C.)+%5Ba-zA-Z%5D%7B2,%7D))$\" data-brz-type=\"Email\" data-brz-label=\"Email\" data-brz-placeholder=\"Email\" maxlength=\"255\" class=\"brz-input brz-forms2__field brz-forms2__field-email\"><\/div>\n<div data-brz-translate-text=\"1\" class=\"brz-forms2__item brz-css-q2T36 brz-css-nXMT1 brz-css-nyeBB\"><input type=\"text\" id=\"zFIOp4rWe3ZV_{{placeholder content='e3sgcmFuZG9tX2lkIH19' key='hiciatjrkhcstwsjsrbxlchpbeertepcbwer'}}\" name=\"hiciatjrkhcstwsjsrbxlchpbeertepcbwer\" placeholder=\"Telefon\" required=\"\" data-brz-type=\"Text\" data-brz-label=\"Phone\" data-brz-placeholder=\"Phone\" class=\"brz-input brz-forms2__field brz-forms2__field-text\"><\/div>\n<div data-brz-translate-text=\"1\" class=\"brz-forms2__item brz-css-q2T36 brz-css-nXMT1 brz-css-tbHnq\"><input type=\"date\" id=\"gSpjLUz8QF2Z_{{placeholder content='e3sgcmFuZG9tX2lkIH19' key='jjvfmtjlliagnihjmencjnhcslluxkowglni'}}\" name=\"jjvfmtjlliagnihjmencjnhcslluxkowglni\" placeholder=\"Data Eveniment\" required=\"\" data-brz-type=\"Date\" data-brz-label=\"Data Eveniment\" data-brz-placeholder=\"Data Eveniment\" data-brz-min=\"\" data-brz-native=\"false\" class=\"brz-input brz-forms2__field brz-forms2__field-date\"><\/div>\n<div data-brz-translate-text=\"1\" class=\"brz-forms2__item brz-css-q2T36 brz-css-nXMT1 brz-css-oVvaT\"><input type=\"text\" id=\"yUQ_QJkcbEUB_{{placeholder content='e3sgcmFuZG9tX2lkIH19' key='wwfkymucvqidfajnxheqxwedjhsbgrdxjosd'}}\" name=\"wwfkymucvqidfajnxheqxwedjhsbgrdxjosd\" placeholder=\"Numar de Invitati\" required=\"\" data-brz-type=\"Text\" data-brz-label=\"Number of Guests\" data-brz-placeholder=\"Number of Guests\" class=\"brz-input brz-forms2__field brz-forms2__field-text\"><\/div>\n<div data-brz-translate-text=\"1\" class=\"brz-forms2__item brz-css-q2T36 brz-css-nXMT1 brz-css-buzby\">\n<div class=\"brz-forms2__field brz-forms2__field-select brz-css-sOai4\"><select id=\"qY3bVLoE_w0e_{{placeholder content='e3sgcmFuZG9tX2lkIH19' key='tzbkycfffjaozucmqiqjolrghytcanbnbpnu'}}\" name=\"tzbkycfffjaozucmqiqjolrghytcanbnbpnu\" placeholder=\"Offer Type\" required=\"\" data-brz-type=\"Select\" data-brz-label=\"Offer Type\" data-brz-placeholder=\"Offer Type\" data-brz-max-item-dropdown=\"5\" class=\"brz-select\"><option value=\"\">Tip Oferta<\/option><option value=\"Event\">Eveniment<\/option><option value=\"Groups\">Grup<\/option><option value=\"Long Stay\">Long Stay<\/option><option value=\"Meeting\">Intalnire<\/option><\/select><svg class=\"brz-icon-svg align-[initial] brz-forms2__select--arrow\"><use href=\"\/wp-content\/plugins\/brizy\/public\/editor-build\/prod\/editor\/icons\/editor\/arrow-down.svg#brz_icon\"><\/use><\/svg><\/div>\n<\/div>\n<div data-brz-translate-text=\"1\" class=\"brz-forms2__item brz-css-q2T36 brz-css-nXMT1\"><input type=\"text\" id=\"epyZabmF_aYG_{{placeholder content='e3sgcmFuZG9tX2lkIH19' key='hpcimokpgjzjnmyiprdntacturmcwupznefo'}}\" name=\"hpcimokpgjzjnmyiprdntacturmcwupznefo\" placeholder=\"Other Offer Type\" required=\"\" data-brz-type=\"Text\" data-brz-label=\"Other Offer Type\" data-brz-placeholder=\"Other Offer Type\" class=\"brz-input brz-forms2__field brz-forms2__field-text\"><\/div>\n<div data-brz-translate-text=\"1\" class=\"brz-forms2__item brz-css-q2T36 brz-css-nXMT1 brz-css-o1_V9\"><textarea id=\"n1iO3l14nI7p_{{placeholder content='e3sgcmFuZG9tX2lkIH19' key='pdbrljutcbhgbmrfboixlafpszvjozrgqqqu'}}\" name=\"pdbrljutcbhgbmrfboixlafpszvjozrgqqqu\" placeholder=\"Alte Informatii\" data-brz-type=\"Paragraph\" data-brz-label=\"Other Information\" data-brz-placeholder=\"Other Information\" class=\"brz-textarea brz-forms2__field brz-forms2__field-paragraph\"><\/textarea><\/div>\n<div class=\"brz-forms2 brz-forms2__item brz-forms2__item-button\" data-brz-custom-id=\"udnpgwnojtrnqotbvfbzvleguwuosisqymcs\"><button class=\"brz-btn brz-btn-submit brz-css-xHhSk brz-css-tJAuu\" data-brz-custom-id=\"hclxvepxmxuppmdqwegxtkgggkxsamhbcfts\"><svg class=\"brz-icon-svg align-[initial] brz-css-wTHle\"><use href=\"\/wp-content\/plugins\/brizy\/public\/editor-build\/prod\/editor\/icons\/glyph\/calendar-grid-61.svg#nc_icon\"><\/use><\/svg><span data-brz-translate-text=\"1\" class=\"brz-span brz-text__editor\" contenteditable=\"false\">REZERV\u0102<\/span><\/button><svg class=\"brz-icon-svg align-[initial] brz-form-spinner brz-invisible brz-ed-animated--spin\"><use href=\"\/wp-content\/plugins\/brizy\/public\/editor-build\/prod\/editor\/icons\/glyph\/circle-02.svg#nc_icon\"><\/use><\/svg><\/div>\n<div class=\"brz-g-recaptcha\" data-sitekey=\"{{recaptcha_site_key}}\" data-size=\"invisible\" data-callback=\"brzFormV2Captcha\"><\/div>\n<input type=\"hidden\" name=\"trp-form-language\" value=\"ro\"\/><\/form>\n<\/div>\n<\/div>\n<\/div>\n<\/div>\n<\/div>\n<\/div>\n<\/div>\n<\/div>\n<\/div>\n<\/div>\n<\/div>\n<\/div>\n<\/div>\n<\/div>\n<\/div>\n<\/section>\n<p>{{ brizy_dc_global_blocks position=&#8217;bottom&#8217; }}<\/p><\/div>\n<p>    <!-- version:1766147780 --><\/p>","protected":false},"excerpt":{"rendered":"<p>{{ brizy_dc_global_blocks position=&#8217;top&#8217; }} Service &amp; More Our charming and thoughtful staff work to your timetable and are always on hand to assist you. The Hotel MOXA has uniquely designed each room, the bar, and the meeting rooms to offer you a safe and relaxing stay. Inside the hotel, a sense of history and art [&hellip;]<\/p>","protected":false},"author":1,"featured_media":0,"parent":0,"menu_order":3,"comment_status":"closed","ping_status":"closed","template":"brizy-blank-template.php","meta":{"footnotes":""},"class_list":["post-27","page","type-page","status-publish","hentry","wpbf-post"],"_links":{"self":[{"href":"https:\/\/hotelmoxa.com\/ro\/wp-json\/wp\/v2\/pages\/27","targetHints":{"allow":["GET"]}}],"collection":[{"href":"https:\/\/hotelmoxa.com\/ro\/wp-json\/wp\/v2\/pages"}],"about":[{"href":"https:\/\/hotelmoxa.com\/ro\/wp-json\/wp\/v2\/types\/page"}],"author":[{"embeddable":true,"href":"https:\/\/hotelmoxa.com\/ro\/wp-json\/wp\/v2\/users\/1"}],"replies":[{"embeddable":true,"href":"https:\/\/hotelmoxa.com\/ro\/wp-json\/wp\/v2\/comments?post=27"}],"version-history":[{"count":30,"href":"https:\/\/hotelmoxa.com\/ro\/wp-json\/wp\/v2\/pages\/27\/revisions"}],"predecessor-version":[{"id":6449,"href":"https:\/\/hotelmoxa.com\/ro\/wp-json\/wp\/v2\/pages\/27\/revisions\/6449"}],"wp:attachment":[{"href":"https:\/\/hotelmoxa.com\/ro\/wp-json\/wp\/v2\/media?parent=27"}],"curies":[{"name":"wp","href":"https:\/\/api.w.org\/{rel}","templated":true}]}}