{"id":28,"date":"2022-09-05T13:06:26","date_gmt":"2022-09-05T13:06:26","guid":{"rendered":"https:\/\/hotelmoxa.com\/events\/"},"modified":"2025-12-19T12:37:55","modified_gmt":"2025-12-19T12:37:55","slug":"request-an-offer","status":"publish","type":"page","link":"https:\/\/hotelmoxa.com\/ro\/services-more\/request-an-offer\/","title":{"rendered":"Cere Ofert\u0103"},"content":{"rendered":"<div class=\"brz-root__container brz-reset-all brz\">{{ brizy_dc_global_blocks position=&#8217;top&#8217; }}<\/p>\n<section id=\"{{placeholder content='e3sgcmFuZG9tX2lkIH19' key='uifnuhlflyzvbrzbzcksrknfprnxrjgfkeky'}}_uifnuhlflyzvbrzbzcksrknfprnxrjgfkeky\" class=\"brz-section brz-css-mFCAs brz-css-mlLeE\">\n<div class=\"brz-section__content brz-section--boxed brz-css-k4a1x brz-css-sep8Z\" data-brz-custom-id=\"aujtxliwaskcdnlcbjykwlbrawkwfqciphwf\">\n<div class=\"brz-bg\">\n<div class=\"brz-bg-image\"><\/div>\n<div class=\"brz-bg-color\"><\/div>\n<\/div>\n<div class=\"brz-container brz-css-psXgx\">\n<div id=\"\" data-brz-iteration-count=\"1\" class=\"brz-css-fcloO brz-css-z9aqV brz-wrapper brz-animated brz-css-tPCwe brz-css-biivk\" data-animationid=\"crynlpkjmjlcpdbtqiohgavzdxsuhccfnnua\">\n<div class=\"brz-rich-text brz-rich-text__custom brz-css-iQIfo\" data-brz-custom-id=\"cgzbfymgpvbrnmbrqrrmcbgtyfkiuqxzence\">\n<div data-brz-translate-text=\"1\">\n<h1 class=\"brz-text-xs-center brz-tp-lg-heading1 brz-text-lg-center brz-lh-xs-1_3 brz-fs-xs-34 brz-css-bafy4\" data-generated-css=\"brz-css-mjqek\" data-uniq-id=\"uonxp\"><span class=\"brz-cp-color8\">Solicit\u0103 o ofert\u0103 personalizat\u0103!<\/span><\/h1>\n<\/div>\n<\/div>\n<\/div>\n<\/div>\n<\/div>\n<\/section>\n<section id=\"{{placeholder content='e3sgcmFuZG9tX2lkIH19' key='xvsvnewhricsaxbdzdbpfuaxhmawpfornfrm'}}_xvsvnewhricsaxbdzdbpfuaxhmawpfornfrm\" class=\"brz-section brz-css-mFCAs\">\n<div class=\"brz-section__content brz-section--boxed brz-css-k4a1x brz-css-pBzJG\" data-brz-custom-id=\"cnebwdjhbngnfswdebnqpeqigkeshhokqpjh\">\n<div class=\"brz-container brz-css-psXgx\">\n<div class=\"brz-row__container brz-css-kvI9k\" data-brz-custom-id=\"wrxkmjdsbvaahkllohajaojoicxmblfsujgv\">\n<div class=\"brz-bg\"><\/div>\n<div class=\"brz-row brz-css-shmcO brz-css-urbOM\">\n<div class=\"brz-columns brz-css-mQfXA brz-css-uU41W\" data-brz-custom-id=\"tytbumixcejvwwktlhodxwsqkcwljgrctbva\">\n<div class=\"brz-bg\"><\/div>\n<div class=\"brz-column__items brz-css-tVWSd brz-css-gFPet\">\n<div id=\"\" class=\"brz-css-fcloO brz-css-bnzdQ brz-wrapper\">\n<div class=\"brz-rich-text brz-rich-text__custom brz-css-iQIfo\" data-brz-custom-id=\"gqyegtpgldqrpufgflybnxbznoeussjiboma\">\n<div data-brz-translate-text=\"1\">\n<p class=\"brz-tp-lg-paragraph brz-text-lg-justify brz-css-w3yVF\" data-generated-css=\"brz-css-uaVA2\" data-uniq-id=\"meL5g\"><span class=\"brz-cp-color4\">L\u0103sa\u021bi \u00een grija noastr\u0103 planificarea evenimentelor dumneavoastr\u0103. Cu un suport dedicat la fiecare pas, garant\u0103m c\u0103 totul va decurge f\u0103r\u0103 cusur, permi\u021b\u00e2ndu-v\u0103 s\u0103 v\u0103 bucura\u021bi relaxat de experien\u021ba la Hotel MOXA.<\/span><\/p>\n<\/div>\n<\/div>\n<\/div>\n<div id=\"\" class=\"brz-css-fcloO brz-css-wUq5q brz-wrapper\">\n<div class=\"brz-rich-text brz-rich-text__custom brz-css-iQIfo\" data-brz-custom-id=\"zdanwvovlzvpoczogikozmclmxekxhpilbbg\">\n<div data-brz-translate-text=\"1\">\n<p class=\"brz-tp-lg-paragraph brz-text-xs-center brz-text-lg-justify brz-css-k9aMf\" data-generated-css=\"brz-css-kflga\" data-uniq-id=\"vhmuc\"><span class=\"brz-cp-color4\">V\u0103 a\u0219tept\u0103m s\u0103 ne contacta\u021bi \u0219i s\u0103 v\u0103 facem cuno\u0219tin\u021b\u0103 cu personalul nostru profesionist \u0219i entuziast, preg\u0103tit pentru a v\u0103 \u00een\u021belege nevoile \u0219i a\u0219tept\u0103rile.<\/span><\/p>\n<\/div>\n<\/div>\n<\/div>\n<div class=\"brz-wrapper-clone brz-css-su56F brz-css-iCLD3\">\n<div class=\"brz-d-xs-flex brz-flex-xs-wrap brz-css-vepxP brz-css-rHwh9\" data-brz-custom-id=\"\">\n<div class=\"brz-wrapper-clone__item\" id=\"irmxifrxxmrnlhfwlaaogazkmsixdjoibbhl\"><a class=\"brz-a brz-btn brz-css-trLGA brz-css-fw4v7 brz-css-hEEMH brz-css-h9nYp\" href=\"#zmkfvaqgactpvdfawyfzvfvxuzzvxmmbaydm\" target=\"_self\" rel=\"noopener\" data-brz-link-type=\"popup\" data-brz-custom-id=\"irmxifrxxmrnlhfwlaaogazkmsixdjoibbhl\"><svg class=\"brz-icon-svg align-[initial] brz-css-e2hoF\"><use href=\"\/wp-content\/plugins\/brizy\/public\/editor-build\/prod\/editor\/icons\/glyph\/restaurant-menu.svg#nc_icon\"><\/use><\/svg><span data-brz-translate-text=\"1\" class=\"brz-span brz-text__editor\" contenteditable=\"false\">CERE O OFERT\u0102<\/span><\/a><\/p>\n<div class=\"brz brz-popup2 brz-popup2__preview brz-popup2__auto brz-popup2--fixed brz-css-jYheN brz-css-aR5Nm\" id=\"zmkfvaqgactpvdfawyfzvfvxuzzvxmmbaydm\" data-brz-popup=\"zmkfvaqgactpvdfawyfzvfvxuzzvxmmbaydm\" data-brz-click_outside_to_close=\"true\" data-brz-once-id=\"zmkfvaqgactpvdfawyfzvfvxuzzvxmmbaydm\" data-brz-custom-id=\"kwofxydlshphjkiybpoicwfyobtmfjuyetxv\">\n<div class=\"brz-bg\">\n<div class=\"brz-bg-color\"><\/div>\n<\/div>\n<div class=\"brz-popup2__inner brz-d-xs-flex brz-flex-xs-wrap brz-css-sTrgG brz-css-pXffc\">\n<div class=\"brz-container__wrap\">\n<div class=\"brz-popup2__close\" data-brz-custom-id=\"kwofxydlshphjkiybpoicwfyobtmfjuyetxv--close\"><svg class=\"brz-icon-svg align-[initial]\"><use href=\"\/wp-content\/plugins\/brizy\/public\/editor-build\/prod\/editor\/icons\/editor\/close-popup.svg#brz_icon\"><\/use><\/svg><\/div>\n<div class=\"brz-container\">\n<div class=\"brz-row__container brz-css-kvI9k brz-css-mdmMX\" data-brz-custom-id=\"koytxayvriyoijgrklzcjazhzgwfhdiaatxn\">\n<div class=\"brz-bg\">\n<div class=\"brz-bg-color\"><\/div>\n<\/div>\n<div class=\"brz-row brz-row--inner brz-css-shmcO brz-css-tAFjJ\">\n<div class=\"brz-columns brz-css-mQfXA brz-css-o5ACB\" data-brz-custom-id=\"bmapyglfbpmrvsangkyujpejxymyulkwyipg\">\n<div class=\"brz-bg\"><\/div>\n<div class=\"brz-column__items brz-css-tVWSd\">\n<div id=\"\" class=\"brz-css-fcloO brz-wrapper js-event-form\">\n<div data-brz-form-version=\"2\" class=\"brz-forms2 brz-css-cDa5K\" data-brz-custom-id=\"tfopmfsyyclqyysjsavszalupvwcvylagxqr\">\n<form class=\"brz-form brz-d-xs-flex brz-flex-xs-wrap\" novalidate=\"\" action=\"\/ro\/brizy_dc_ajax_url\/?nonce=editor_nonce%20showfor=&#039;authenticated_user&#039;%20action=&#039;brizy-api&#039;&#038;action=brizy_submit_form\" data-brz-form-id=\"tfopmfsyyclqyysjsavszalupvwcvylagxqr\" data-brz-project-id=\"5e834612a2fab333e020cbcf2ee4bb39\" data-brz-success=\"\" data-brz-error=\"\" data-brz-redirect=\"\" data-brz-form-type=\"default\" data-trp-original-action=\"{{brizy_dc_ajax_url}}?nonce={{editor_nonce showfor='authenticated_user' action='brizy-api'}}&amp;action=brizy_submit_form\">\n<div data-brz-translate-text=\"1\" class=\"brz-forms2__item brz-css-dP_WD brz-css-wtLUZ brz-css-nmcGm\"><input type=\"text\" id=\"fURdYcUtpnuZ_{{placeholder content='e3sgcmFuZG9tX2lkIH19' key='ffrdgbhadphifmytpaevkfcyzbnccbblpoqs'}}\" name=\"ffrdgbhadphifmytpaevkfcyzbnccbblpoqs\" placeholder=\"Nume\" required=\"\" data-brz-type=\"Text\" data-brz-label=\"Name\" data-brz-placeholder=\"Name\" class=\"brz-input brz-forms2__field brz-forms2__field-text\"><\/div>\n<div data-brz-translate-text=\"1\" class=\"brz-forms2__item brz-css-dP_WD brz-css-wtLUZ brz-css-nKF0m\"><input type=\"email\" id=\"sdPVEtKNEeVu_{{placeholder content='e3sgcmFuZG9tX2lkIH19' key='jpufxjkljgmpcqqkkudydkdbinphtklpxpvm'}}\" name=\"jpufxjkljgmpcqqkkudydkdbinphtklpxpvm\" placeholder=\"Email\" required=\"\" pattern=\"%5E((%5B%5E%3C%3E%5C(%5C)%5C%5B%5C%5D%5C%5C.,;:%5Cs@%22%5D+(%5C.%5B%5E%3C%3E%5C(%5C)%5C%5B%5C%5D%5C%5C.,;:%5Cs@%22%5D+)*)%7C(%22.+%22))@((%5C%5B%5B0-9%5D%7B1,3%7D%5C.%5B0-9%5D%7B1,3%7D%5C.%5B0-9%5D%7B1,3%7D%5C.%5B0-9%5D%7B1,3%7D%5C%5D)%7C((%5Ba-zA-Z%5C-0-9%5D+%5C.)+%5Ba-zA-Z%5D%7B2,%7D))$\" data-brz-type=\"Email\" data-brz-label=\"Email\" data-brz-placeholder=\"Email\" maxlength=\"255\" class=\"brz-input brz-forms2__field brz-forms2__field-email\"><\/div>\n<div data-brz-translate-text=\"1\" class=\"brz-forms2__item brz-css-dP_WD brz-css-wtLUZ brz-css-a86TJ\"><input type=\"text\" id=\"sUuLAAqmqaAo_{{placeholder content='e3sgcmFuZG9tX2lkIH19' key='cskpnksjhxfixovldzmqqcuymlxjraptwzgf'}}\" name=\"cskpnksjhxfixovldzmqqcuymlxjraptwzgf\" placeholder=\"Telefon\" required=\"\" data-brz-type=\"Text\" data-brz-label=\"Phone\" data-brz-placeholder=\"Phone\" class=\"brz-input brz-forms2__field brz-forms2__field-text\"><\/div>\n<div data-brz-translate-text=\"1\" class=\"brz-forms2__item brz-css-dP_WD brz-css-wtLUZ brz-css-dlmeF\"><input type=\"date\" id=\"m9ufrakCf20z_{{placeholder content='e3sgcmFuZG9tX2lkIH19' key='nncglvuhqbxzslldxxrjfcrrwvevwgiimmxk'}}\" name=\"nncglvuhqbxzslldxxrjfcrrwvevwgiimmxk\" placeholder=\"Data Eveniment\" required=\"\" data-brz-type=\"Date\" data-brz-label=\"Data Eveniment\" data-brz-placeholder=\"Data Eveniment\" data-brz-min=\"\" data-brz-native=\"false\" class=\"brz-input brz-forms2__field brz-forms2__field-date\"><\/div>\n<div data-brz-translate-text=\"1\" class=\"brz-forms2__item brz-css-dP_WD brz-css-wtLUZ brz-css-k8qf1\"><input type=\"text\" id=\"oBPQA1tcaM2W_{{placeholder content='e3sgcmFuZG9tX2lkIH19' key='uixmgzvbxzoioluecdpplnudrrhmzffckxgl'}}\" name=\"uixmgzvbxzoioluecdpplnudrrhmzffckxgl\" placeholder=\"Numar de Invitati\" required=\"\" data-brz-type=\"Text\" data-brz-label=\"Number of Guests\" data-brz-placeholder=\"Number of Guests\" class=\"brz-input brz-forms2__field brz-forms2__field-text\"><\/div>\n<div data-brz-translate-text=\"1\" class=\"brz-forms2__item brz-css-dP_WD brz-css-wtLUZ brz-css-hAXIL\">\n<div class=\"brz-forms2__field brz-forms2__field-select brz-css-wwwJb\"><select id=\"gshRH6peQhTw_{{placeholder content='e3sgcmFuZG9tX2lkIH19' key='qgjxtvqtjulwyfhkddsnzujibhbyxlltkxih'}}\" name=\"qgjxtvqtjulwyfhkddsnzujibhbyxlltkxih\" placeholder=\"Offer Type\" required=\"\" data-brz-type=\"Select\" data-brz-label=\"Offer Type\" data-brz-placeholder=\"Offer Type\" data-brz-max-item-dropdown=\"5\" class=\"brz-select\"><option value=\"\">Tip Oferta<\/option><option value=\"Event\">Eveniment<\/option><option value=\"Groups\">Grup<\/option><option value=\"Long Stay\">Long Stay<\/option><option value=\"Meeting\">Intalnire<\/option><\/select><svg class=\"brz-icon-svg align-[initial] brz-forms2__select--arrow\"><use href=\"\/wp-content\/plugins\/brizy\/public\/editor-build\/prod\/editor\/icons\/editor\/arrow-down.svg#brz_icon\"><\/use><\/svg><\/div>\n<\/div>\n<div data-brz-translate-text=\"1\" class=\"brz-forms2__item brz-css-dP_WD brz-css-wtLUZ\"><input type=\"text\" id=\"w5c4CFPYiRqM_{{placeholder content='e3sgcmFuZG9tX2lkIH19' key='kdywpslsicnebkuatotjxtiauvlsaawuxcsm'}}\" name=\"kdywpslsicnebkuatotjxtiauvlsaawuxcsm\" placeholder=\"Other Offer Type\" required=\"\" data-brz-type=\"Text\" data-brz-label=\"Other Offer Type\" data-brz-placeholder=\"Other Offer Type\" class=\"brz-input brz-forms2__field brz-forms2__field-text\"><\/div>\n<div data-brz-translate-text=\"1\" class=\"brz-forms2__item brz-css-dP_WD brz-css-wtLUZ brz-css-c95JK\"><textarea id=\"fsMtLlaMBHQw_{{placeholder content='e3sgcmFuZG9tX2lkIH19' key='drjjanrhjutxwzweuvdblhabrrhcsfhjmxry'}}\" name=\"drjjanrhjutxwzweuvdblhabrrhcsfhjmxry\" placeholder=\"Alte Informatii\" data-brz-type=\"Paragraph\" data-brz-label=\"Other Information\" data-brz-placeholder=\"Other Information\" class=\"brz-textarea brz-forms2__field brz-forms2__field-paragraph\"><\/textarea><\/div>\n<div class=\"brz-forms2 brz-forms2__item brz-forms2__item-button\" data-brz-custom-id=\"tfopmfsyyclqyysjsavszalupvwcvylagxqr\"><button class=\"brz-btn brz-btn-submit brz-css-hEEMH brz-css-eThzm\" data-brz-custom-id=\"iwdavqzacbvubraogihxmjiqkbyufzbdxesz\"><svg class=\"brz-icon-svg align-[initial] brz-css-e2hoF\"><use href=\"\/wp-content\/plugins\/brizy\/public\/editor-build\/prod\/editor\/icons\/glyph\/calendar-grid-61.svg#nc_icon\"><\/use><\/svg><span data-brz-translate-text=\"1\" class=\"brz-span brz-text__editor\" contenteditable=\"false\">REZERV\u0102<\/span><\/button><svg class=\"brz-icon-svg align-[initial] brz-form-spinner brz-invisible brz-ed-animated--spin\"><use href=\"\/wp-content\/plugins\/brizy\/public\/editor-build\/prod\/editor\/icons\/glyph\/circle-02.svg#nc_icon\"><\/use><\/svg><\/div>\n<div class=\"brz-g-recaptcha\" data-sitekey=\"{{recaptcha_site_key}}\" data-size=\"invisible\" data-callback=\"brzFormV2Captcha\"><\/div>\n<input type=\"hidden\" name=\"trp-form-language\" value=\"ro\"\/><\/form>\n<\/div>\n<\/div>\n<\/div>\n<\/div>\n<\/div>\n<\/div>\n<\/div>\n<\/div>\n<\/div>\n<\/div>\n<\/div>\n<\/div>\n<\/div>\n<\/div>\n<\/div>\n<div class=\"brz-columns brz-css-mQfXA brz-css-jlx1r\" data-brz-custom-id=\"nnphododvgmkxggtehbsxlypeblllqqbpngw\">\n<div class=\"brz-bg\"><\/div>\n<div class=\"brz-column__items brz-css-tVWSd brz-css-xFnfu\">\n<div id=\"\" class=\"brz-css-fcloO brz-css-wQ4K3 brz-wrapper\">\n<div class=\"brz-image brz-css-pkr4Y\" data-brz-custom-id=\"ylthuqdcomhwnluzntvhpjylprfddlohrmkf\"><picture class=\"brz-picture brz-d-block brz-p-relative brz-css-cK4MP\"><source srcset=\"https:\/\/hotelmoxa.com\/?brizy_media=wp-fe4607ea1ebc32381a012d9aa6f7b590.jpg&amp;brizy_crop=iW%3D451%26iH%3D301%26oX%3D0%26oY%3D21%26cW%3D451%26cH%3D259 1x, https:\/\/hotelmoxa.com\/?brizy_media=wp-fe4607ea1ebc32381a012d9aa6f7b590.jpg&amp;brizy_crop=iW%3D902%26iH%3D602%26oX%3D0%26oY%3D42%26cW%3D902%26cH%3D518 2x\" media=\"(min-width: 992px)\"><source srcset=\"https:\/\/hotelmoxa.com\/?brizy_media=wp-fe4607ea1ebc32381a012d9aa6f7b590.jpg&amp;brizy_crop=iW%3D293%26iH%3D195%26oX%3D0%26oY%3D14%26cW%3D293%26cH%3D168 1x, https:\/\/hotelmoxa.com\/?brizy_media=wp-fe4607ea1ebc32381a012d9aa6f7b590.jpg&amp;brizy_crop=iW%3D586%26iH%3D390%26oX%3D0%26oY%3D28%26cW%3D586%26cH%3D336 2x\" media=\"(min-width: 768px)\"><img decoding=\"async\" class=\"brz-img\" srcset=\"https:\/\/hotelmoxa.com\/?brizy_media=wp-fe4607ea1ebc32381a012d9aa6f7b590.jpg&amp;brizy_crop=iW%3D390%26iH%3D260%26oX%3D0%26oY%3D18%26cW%3D390%26cH%3D224 1x, https:\/\/hotelmoxa.com\/?brizy_media=wp-fe4607ea1ebc32381a012d9aa6f7b590.jpg&amp;brizy_crop=iW%3D780%26iH%3D520%26oX%3D0%26oY%3D36%26cW%3D780%26cH%3D448 2x\" src=\"https:\/\/hotelmoxa.com\/?brizy_media=wp-fe4607ea1ebc32381a012d9aa6f7b590.jpg&amp;brizy_crop=iW%3D451%26iH%3D301%26oX%3D0%26oY%3D21%26cW%3D451%26cH%3D259\" alt=\"{{placeholder content='e3sgYnJpenlfZGNfaW1hZ2VfYWx0IH19' imageSrc='wp-fe4607ea1ebc32381a012d9aa6f7b590.jpg'}}\" draggable=\"false\" loading=\"lazy\"><\/picture><\/div>\n<\/div>\n<\/div>\n<\/div>\n<\/div>\n<\/div>\n<\/div>\n<\/div>\n<\/section>\n<p>{{ brizy_dc_global_blocks position=&#8217;bottom&#8217; }}<\/p><\/div>\n<p>    <!-- version:1766147875 --><\/p>","protected":false},"excerpt":{"rendered":"<p>{{ brizy_dc_global_blocks position=&#8217;top&#8217; }} Request an offer! Let us create or organize your event or meetings \u2013 thanks to our personal all-round support, we ensure that everything runs smoothly and that you can really enjoy your stay at Hotel MOXA. We welcome you to contact us and introduce you to our professional and enthusiastic staff, [&hellip;]<\/p>","protected":false},"author":1,"featured_media":0,"parent":27,"menu_order":4,"comment_status":"closed","ping_status":"closed","template":"brizy-blank-template.php","meta":{"footnotes":""},"class_list":["post-28","page","type-page","status-publish","hentry","wpbf-post"],"_links":{"self":[{"href":"https:\/\/hotelmoxa.com\/ro\/wp-json\/wp\/v2\/pages\/28","targetHints":{"allow":["GET"]}}],"collection":[{"href":"https:\/\/hotelmoxa.com\/ro\/wp-json\/wp\/v2\/pages"}],"about":[{"href":"https:\/\/hotelmoxa.com\/ro\/wp-json\/wp\/v2\/types\/page"}],"author":[{"embeddable":true,"href":"https:\/\/hotelmoxa.com\/ro\/wp-json\/wp\/v2\/users\/1"}],"replies":[{"embeddable":true,"href":"https:\/\/hotelmoxa.com\/ro\/wp-json\/wp\/v2\/comments?post=28"}],"version-history":[{"count":20,"href":"https:\/\/hotelmoxa.com\/ro\/wp-json\/wp\/v2\/pages\/28\/revisions"}],"predecessor-version":[{"id":6451,"href":"https:\/\/hotelmoxa.com\/ro\/wp-json\/wp\/v2\/pages\/28\/revisions\/6451"}],"up":[{"embeddable":true,"href":"https:\/\/hotelmoxa.com\/ro\/wp-json\/wp\/v2\/pages\/27"}],"wp:attachment":[{"href":"https:\/\/hotelmoxa.com\/ro\/wp-json\/wp\/v2\/media?parent=28"}],"curies":[{"name":"wp","href":"https:\/\/api.w.org\/{rel}","templated":true}]}}