{"id":31,"date":"2022-09-05T13:06:26","date_gmt":"2022-09-05T13:06:26","guid":{"rendered":"https:\/\/hotelmoxa.com\/our-story\/"},"modified":"2025-01-16T10:41:08","modified_gmt":"2025-01-16T10:41:08","slug":"hotel-history","status":"publish","type":"page","link":"https:\/\/hotelmoxa.com\/ro\/our-story\/hotel-history\/","title":{"rendered":"Istorie Hotel"},"content":{"rendered":"<div class=\"brz-root__container brz-reset-all brz brz-root__container-page\">\n<section id=\"_nzjljhbegxezidgafarvkgxkjuvoicmsajxv\" class=\"brz-section brz-css-omzkve brz-css-1po8c7u\">\n<div class=\"brz-section__content brz-section--boxed brz-css-e2wafq brz-css-16w39ay\" data-brz-custom-id=\"yvlegldwtycaeitvfvhoblvwvjjblkuultbz\">\n<div class=\"brz-bg\">\n<div class=\"brz-bg-image\"><\/div>\n<div class=\"brz-bg-color\"><\/div>\n<\/div>\n<div class=\"brz-container brz-css-1wn6i5v\">\n<div id=\"\" data-brz-iteration-count=\"1\" class=\"brz-css-1b6h7vs brz-css-11n1l8x brz-wrapper brz-animated brz-css-1bm472b brz-css-5fhg20\" data-animationid=\"ilcunfspocjptbniafukkeooaacvucekrpfi\">\n<div class=\"brz-rich-text brz-rich-text__custom brz-css-288885\" data-brz-custom-id=\"rsgevuuebjjiynpbwhaynkqmtkjyxjkkiyob\">\n<div data-brz-translate-text=\"1\">\n<h1 class=\"brz-text-xs-center brz-tp-lg-heading1 brz-text-lg-center brz-lh-xs-1_3 brz-fs-xs-34 brz-css-wZZXm\" data-generated-css=\"brz-css-fgxcw\" data-uniq-id=\"bcfzf\"><span class=\"brz-cp-color8\">Istorie Hotel<\/span><\/h1>\n<\/div>\n<\/div>\n<\/div>\n<\/div>\n<\/div>\n<\/section>\n<section id=\"history\" class=\"brz-section brz-css-omzkve\">\n<div class=\"brz-section__content brz-section--boxed brz-css-e2wafq brz-css-12fpq5a\" data-brz-custom-id=\"wyetfxzovwuzmoblcsfelxhmxoyenkyzevfv\">\n<div class=\"brz-container brz-css-1wn6i5v\">\n<div class=\"brz-row__container brz-css-qma5mz\" data-brz-custom-id=\"kgpddjexunvynblnfnfyesutzenusycdjszs\">\n<div class=\"brz-bg\"><\/div>\n<div class=\"brz-row brz-css-1ma5egr brz-css-17fmjau\">\n<div class=\"brz-columns brz-css-1uxuhb4 brz-css-173cub7\" data-brz-custom-id=\"ckjeittqckoxidzehitslaicbeujdjukrnvn\">\n<div class=\"brz-bg\"><\/div>\n<div class=\"brz-column__items brz-css-zi8n75 brz-css-4x2sps\">\n<div id=\"\" class=\"brz-css-1b6h7vs brz-css-102fm54 brz-wrapper\">\n<div class=\"brz-rich-text brz-rich-text__custom brz-css-288885\" data-brz-custom-id=\"resbpazmnuusqqxolcjibumyydwzqronuswl\">\n<div data-brz-translate-text=\"1\">\n<p class=\"brz-text-lg-justify brz-bcp-color1 brz-lh-lg-1_4 brz-ls-lg-0 brz-fw-lg-400 brz-fss-lg-px brz-fs-lg-30 brz-ft-google brz-ff-playfair_display brz-text-xs-center brz-fs-xs-18 brz-tp-lg-paragraph brz-css-kvzzE\" data-uniq-id=\"vovpn\" data-generated-css=\"brz-css-epfbd\"><span class=\"brz-cp-color4\">Deschiz\u00e2ndu-\u0219i por\u021bile \u00een 2006, cl\u0103direa a trecut printr-o transformare, f\u0103c\u00e2nd un pas \u00een timp, de la arhitectura contemporan\u0103 la arhitectura istoric\u0103.<\/span><\/p>\n<\/div>\n<\/div>\n<\/div>\n<\/div>\n<\/div>\n<div class=\"brz-columns brz-css-1uxuhb4 brz-css-1uzg9ny\" data-brz-custom-id=\"azunmvfyjmmabpwwtyevptgjceuamnwqcqnz\">\n<div class=\"brz-bg\"><\/div>\n<div class=\"brz-column__items brz-css-zi8n75 brz-css-uta5p5\">\n<div id=\"\" class=\"brz-css-1b6h7vs brz-css-bdn80 brz-wrapper\">\n<div class=\"brz-rich-text brz-rich-text__custom brz-css-288885\" data-brz-custom-id=\"mtgzyfznxztjrcfzeguoigocksntxnfrwwln\">\n<div data-brz-translate-text=\"1\">\n<p class=\"brz-text-lg-justify brz-text-xs-center brz-tp-lg-paragraph brz-css-sWxmU\" data-uniq-id=\"wbgxc\" data-generated-css=\"brz-css-apmex\"><span class=\"brz-cp-color4\">La patru ani de la construirea sa \u0219i lansarea hotelului, re\u0219edin\u021ba privat\u0103 a lui Grigore Duca, un conac \u00een stil secolului al XIX-lea, a fost al\u0103turat\u0103 cl\u0103dirii principale. \u00cen 2019, hotelul a fost renovat, cu lucr\u0103ri de modernizare \u0219i upgrade al stilului, confortului \u0219i serviciilor profesionale.<\/span><\/p>\n<\/div>\n<\/div>\n<\/div>\n<\/div>\n<\/div>\n<\/div>\n<\/div>\n<div id=\"\" class=\"brz-css-1b6h7vs brz-css-1sm1k4i brz-css-1lrlsvc brz-wrapper\">\n<div class=\"brz-spacer brz-css-1tpq5qv brz-css-1fwic22\"><\/div>\n<\/div>\n<div class=\"brz-row__container brz-css-qma5mz\" data-brz-custom-id=\"fdpzmstqgnuxleeuufxevyqhrtjhcnqcyxfa\">\n<div class=\"brz-bg\"><\/div>\n<div class=\"brz-row brz-css-1ma5egr brz-css-wxi7p4\">\n<div class=\"brz-columns brz-css-1uxuhb4 brz-css-1luvgka\" data-brz-custom-id=\"ybwylrcyslrbtwcmjhtznqoxuvpbsjvymopi\">\n<div class=\"brz-bg\"><\/div>\n<div class=\"brz-column__items brz-css-zi8n75 brz-css-mie9np\">\n<div id=\"\" class=\"brz-css-1b6h7vs brz-css-uaq0xi brz-wrapper\">\n<div class=\"brz-image brz-css-jzpoga\" data-brz-custom-id=\"ukyhasevpdgxpqxkyydxikjyektqqvbzzaqc\"><img decoding=\"async\" class=\"brz-img\" src=\"https:\/\/hotelmoxa.com\/wp-content\/uploads\/brizy\/imgs\/Executive-room-business-suite-894x597x0x0x677x597x1671028424.jpg\" alt=\"\" loading=\"lazy\"><\/div>\n<\/div>\n<\/div>\n<\/div>\n<div class=\"brz-columns brz-css-1uxuhb4 brz-css-1dt1qs8\" data-brz-custom-id=\"awxoavsbqilrsghladtvsnmzwaynxybocugw\">\n<div class=\"brz-bg\"><\/div>\n<div class=\"brz-column__items brz-css-zi8n75 brz-css-157xd9t\">\n<div class=\"brz-row__container brz-css-qma5mz\" data-brz-custom-id=\"ongzsoiexyrlcchcwnhhybggnkktcrclumim\">\n<div class=\"brz-bg\"><\/div>\n<div class=\"brz-row brz-row--inner brz-css-1ma5egr brz-css-6cglm6\">\n<div class=\"brz-columns brz-css-1uxuhb4 brz-css-hur6er\" data-brz-custom-id=\"gbyzigrvxjrybjlrpulyugpqfqvmtfrfdpfu\">\n<div class=\"brz-bg\"><\/div>\n<div class=\"brz-column__items brz-css-zi8n75 brz-css-vtf028\">\n<div id=\"\" class=\"brz-css-1b6h7vs brz-css-1yzilzs brz-wrapper\">\n<div class=\"brz-rich-text brz-rich-text__custom brz-css-288885\" data-brz-custom-id=\"ybfwapkmtxpyibscwlhugpxmtdztvgxcirxb\">\n<div data-brz-translate-text=\"1\">\n<p class=\"brz-text-lg-right brz-tp-lg-heading4 brz-css-mPGBX\" data-generated-css=\"brz-css-edmfu\" data-uniq-id=\"wprya\"><span class=\"brz-cp-color1\">2006<\/span><\/p>\n<\/div>\n<\/div>\n<\/div>\n<\/div>\n<\/div>\n<div class=\"brz-columns brz-css-1uxuhb4 brz-css-1dmb23j\" data-brz-custom-id=\"kewiarovnloasxrmoypgvhskflizyocfsacb\">\n<div class=\"brz-bg\"><\/div>\n<div class=\"brz-column__items brz-css-zi8n75 brz-css-1d7mjtc\">\n<div id=\"\" class=\"brz-css-1b6h7vs brz-wrapper\">\n<div class=\"brz-rich-text brz-rich-text__custom brz-css-288885\" data-brz-custom-id=\"vszyxdlsgoaenlzmtahpyrkokeiksguldzvy\">\n<div data-brz-translate-text=\"1\">\n<p class=\"brz-tp-lg-paragraph brz-css-cqD47\" data-generated-css=\"brz-css-lemzq\" data-uniq-id=\"ghluo\"><span class=\"brz-cp-color4\">Marea deschidere<\/span><\/p>\n<\/div>\n<\/div>\n<\/div>\n<\/div>\n<\/div>\n<\/div>\n<\/div>\n<div class=\"brz-row__container brz-css-qma5mz\" data-brz-custom-id=\"qrpmpsmibppcbdacjwobkfhvzpkxwgfcoqtv\">\n<div class=\"brz-bg\"><\/div>\n<div class=\"brz-row brz-row--inner brz-css-1ma5egr brz-css-am5fsp\">\n<div class=\"brz-columns brz-css-1uxuhb4 brz-css-14zrog0\" data-brz-custom-id=\"dolrfbhcqjirxegspsxojakdgmipuhzwrcsw\">\n<div class=\"brz-bg\"><\/div>\n<div class=\"brz-column__items brz-css-zi8n75 brz-css-u8dquu\">\n<div id=\"\" class=\"brz-css-1b6h7vs brz-css-1buckpd brz-wrapper\">\n<div class=\"brz-rich-text brz-rich-text__custom brz-css-288885\" data-brz-custom-id=\"yvsdquacrcwxdrieforywqxstkwragqvxrpu\">\n<div data-brz-translate-text=\"1\">\n<p class=\"brz-text-lg-right brz-tp-lg-heading4 brz-css-z1_D3\" data-generated-css=\"brz-css-erspx\" data-uniq-id=\"hfxhw\"><span class=\"brz-cp-color1\">2010<\/span><\/p>\n<\/div>\n<\/div>\n<\/div>\n<\/div>\n<\/div>\n<div class=\"brz-columns brz-css-1uxuhb4 brz-css-tvznxc\" data-brz-custom-id=\"nzylptyxemksdthabfshfhkceanyzbohhzpt\">\n<div class=\"brz-bg\"><\/div>\n<div class=\"brz-column__items brz-css-zi8n75 brz-css-1blcl1u\">\n<div id=\"\" class=\"brz-css-1b6h7vs brz-wrapper\">\n<div class=\"brz-rich-text brz-rich-text__custom brz-css-288885\" data-brz-custom-id=\"bmsdczmuobegmxeytdjdfwdieawbunkwylrj\">\n<div data-brz-translate-text=\"1\">\n<p class=\"brz-tp-lg-paragraph brz-css-bp_u4\" data-uniq-id=\"edwfp\" data-generated-css=\"brz-css-kujfr\"><span class=\"brz-cp-color4\">Re\u0219edin\u021ba privat\u0103 a lui Grigore Duca, un conac \u00een stilul secolului al XIX-lea, se al\u0103tur\u0103 cl\u0103dirii principale.<\/span><\/p>\n<\/div>\n<\/div>\n<\/div>\n<\/div>\n<\/div>\n<\/div>\n<\/div>\n<div class=\"brz-row__container brz-css-qma5mz\" data-brz-custom-id=\"evcckoqcwqgibsgvxwutasvwcnkfckbnqeta\">\n<div class=\"brz-bg\"><\/div>\n<div class=\"brz-row brz-row--inner brz-css-1ma5egr brz-css-ld82br\">\n<div class=\"brz-columns brz-css-1uxuhb4 brz-css-1hvyph6\" data-brz-custom-id=\"ziodpdttxybapqwhrkkwbsfqdxqtmdtkdtgv\">\n<div class=\"brz-bg\"><\/div>\n<div class=\"brz-column__items brz-css-zi8n75 brz-css-mzk61a\">\n<div id=\"\" class=\"brz-css-1b6h7vs brz-css-1l07hri brz-wrapper\">\n<div class=\"brz-rich-text brz-rich-text__custom brz-css-288885\" data-brz-custom-id=\"wmucdakikrwlwjlkhycqgfjnnyvtxjkhtozr\">\n<div data-brz-translate-text=\"1\">\n<p class=\"brz-tp-lg-heading4 brz-text-lg-right brz-css-e3B8r\" data-uniq-id=\"loqgi\" data-generated-css=\"brz-css-qvxkl\"><span class=\"brz-cp-color1\">2019<\/span><\/p>\n<\/div>\n<\/div>\n<\/div>\n<\/div>\n<\/div>\n<div class=\"brz-columns brz-css-1uxuhb4 brz-css-193viz9\" data-brz-custom-id=\"hwkuxkevvxcenwyhvaiuihiijugoijtwckbz\">\n<div class=\"brz-bg\"><\/div>\n<div class=\"brz-column__items brz-css-zi8n75 brz-css-18gw31m\">\n<div id=\"\" class=\"brz-css-1b6h7vs brz-wrapper\">\n<div class=\"brz-rich-text brz-rich-text__custom brz-css-288885\" data-brz-custom-id=\"tpmqhcirkqjnpskoiwfbllzmvpiltzeyjfqa\">\n<div data-brz-translate-text=\"1\">\n<p class=\"brz-tp-lg-paragraph brz-css-eJbnp\" data-generated-css=\"brz-css-hwhdy\" data-uniq-id=\"tzgzf\"><span class=\"brz-cp-color4\">Upgrade din punct de vedere al stilului, confortului \u0219i serviciilor Premium.<\/span><\/p>\n<\/div>\n<\/div>\n<\/div>\n<\/div>\n<\/div>\n<\/div>\n<\/div>\n<div class=\"brz-row__container brz-css-qma5mz\" data-brz-custom-id=\"bsnixoeplxixjpidxaxjvabwrdlpzmnaxzjn\">\n<div class=\"brz-bg\"><\/div>\n<div class=\"brz-row brz-row--inner brz-css-1ma5egr brz-css-16bk0ap\">\n<div class=\"brz-columns brz-css-1uxuhb4 brz-css-19qyqoj\" data-brz-custom-id=\"ivyhwietzfdnuopensceweygheklommmchsj\">\n<div class=\"brz-bg\"><\/div>\n<div class=\"brz-column__items brz-css-zi8n75 brz-css-yoe33o\">\n<div id=\"\" class=\"brz-css-1b6h7vs brz-css-x6wsmp brz-wrapper\">\n<div class=\"brz-rich-text brz-rich-text__custom brz-css-288885\" data-brz-custom-id=\"nsuorkpdhhamsqetjsjplnpdypbymqpvnfrb\">\n<div data-brz-translate-text=\"1\">\n<p class=\"brz-tp-lg-heading4 brz-text-lg-right brz-css-xsrez\" data-uniq-id=\"dvvvp\" data-generated-css=\"brz-css-xlqie\"><span class=\"brz-cp-color1\">2022<\/span><\/p>\n<\/div>\n<\/div>\n<\/div>\n<\/div>\n<\/div>\n<div class=\"brz-columns brz-css-1uxuhb4 brz-css-1t8kfko\" data-brz-custom-id=\"iqlwozrfvezjchimhxpkqxxnurethrwozoha\">\n<div class=\"brz-bg\"><\/div>\n<div class=\"brz-column__items brz-css-zi8n75 brz-css-fotwi2\">\n<div id=\"\" class=\"brz-css-1b6h7vs brz-wrapper\">\n<div class=\"brz-rich-text brz-rich-text__custom brz-css-288885\" data-brz-custom-id=\"rxabpjaijjppdaepdbmflteeveofqhzlzjoy\">\n<div data-brz-translate-text=\"1\">\n<p class=\"brz-tp-lg-paragraph brz-css-tzI4n\" data-generated-css=\"brz-css-xqnvx\" data-uniq-id=\"kkjto\"><span class=\"brz-cp-color4\">Actualizare design pagin\u0103 web, con\u021binut actualizat \u0219i logo optimizat<\/span><\/p>\n<\/div>\n<\/div>\n<\/div>\n<\/div>\n<\/div>\n<\/div>\n<\/div>\n<\/div>\n<\/div>\n<\/div>\n<\/div>\n<\/div>\n<\/div>\n<\/section>\n<\/div>\n<p>    <!-- version:1737024068 --><\/p>","protected":false},"excerpt":{"rendered":"<p>Hotel History Opening its doors in 2006, the building has undergone a singular transformation, taking a step-in time, from contemporary to historical architecture. Four years after its construction and the launch of the hotel, the private residence of Grigore Duca, a 19th century-style mansion, was adjoined to the main building. In 2019, the hotel underwent [&hellip;]<\/p>","protected":false},"author":1,"featured_media":0,"parent":2057,"menu_order":7,"comment_status":"closed","ping_status":"closed","template":"brizy-blank-template.php","meta":{"footnotes":""},"class_list":["post-31","page","type-page","status-publish","hentry","wpbf-post"],"_links":{"self":[{"href":"https:\/\/hotelmoxa.com\/ro\/wp-json\/wp\/v2\/pages\/31","targetHints":{"allow":["GET"]}}],"collection":[{"href":"https:\/\/hotelmoxa.com\/ro\/wp-json\/wp\/v2\/pages"}],"about":[{"href":"https:\/\/hotelmoxa.com\/ro\/wp-json\/wp\/v2\/types\/page"}],"author":[{"embeddable":true,"href":"https:\/\/hotelmoxa.com\/ro\/wp-json\/wp\/v2\/users\/1"}],"replies":[{"embeddable":true,"href":"https:\/\/hotelmoxa.com\/ro\/wp-json\/wp\/v2\/comments?post=31"}],"version-history":[{"count":30,"href":"https:\/\/hotelmoxa.com\/ro\/wp-json\/wp\/v2\/pages\/31\/revisions"}],"predecessor-version":[{"id":6056,"href":"https:\/\/hotelmoxa.com\/ro\/wp-json\/wp\/v2\/pages\/31\/revisions\/6056"}],"up":[{"embeddable":true,"href":"https:\/\/hotelmoxa.com\/ro\/wp-json\/wp\/v2\/pages\/2057"}],"wp:attachment":[{"href":"https:\/\/hotelmoxa.com\/ro\/wp-json\/wp\/v2\/media?parent=31"}],"curies":[{"name":"wp","href":"https:\/\/api.w.org\/{rel}","templated":true}]}}