{"id":4326,"date":"2022-11-24T09:48:15","date_gmt":"2022-11-24T09:48:15","guid":{"rendered":"https:\/\/hotelmoxa.com\/?page_id=4326"},"modified":"2025-01-15T20:20:54","modified_gmt":"2025-01-15T20:20:54","slug":"interviews-articles","status":"publish","type":"page","link":"https:\/\/hotelmoxa.com\/ro\/press-media-more\/interviews-articles\/","title":{"rendered":"Articole &amp; Interviuri"},"content":{"rendered":"<div class=\"brz-root__container brz-reset-all brz brz-root__container-page\">\n<section id=\"_onkkdzsnrqnrsdgwgjezcntoeleqndlicrce\" class=\"brz-section brz-css-1cm9tsi brz-css-v1ejyi\">\n<div class=\"brz-section__content brz-section--boxed brz-css-832h89 brz-css-1phbiwd\" data-brz-custom-id=\"aoqaahrmhbudvluylfqzqfklxfglypwzhwnq\">\n<div class=\"brz-bg\">\n<div class=\"brz-bg-image\"><\/div>\n<div class=\"brz-bg-color\"><\/div>\n<\/div>\n<div class=\"brz-container brz-css-1xgwos9\">\n<div id=\"\" data-brz-iteration-count=\"1\" class=\"brz-css-1ag5mwr brz-css-8t7s5w brz-wrapper brz-animated brz-css-w8pikn brz-css-xt0w53\" data-animationid=\"njvjgtxjagwuputofawgjwoyxytvfhzucmpv\">\n<div class=\"brz-rich-text brz-rich-text__custom brz-css-tywwvq\" data-brz-custom-id=\"uhtujwfcfzuzokuriqddyxidlfjppeaowpvp\">\n<div data-brz-translate-text=\"1\">\n<h1 data-generated-css=\"brz-css-cjpog\" data-uniq-id=\"suegg\" class=\"brz-text-xs-center brz-text-lg-center brz-lh-xs-1_3 brz-fs-xs-34 ql-align-center brz-tp-lg-heading1 brz-css-bXMqM\"><span class=\"brz-cp-color8\">Articole &amp; Interviuri <\/span><\/h1>\n<\/div>\n<\/div>\n<\/div>\n<\/div>\n<\/div>\n<\/section>\n<section id=\"_ojazgcpbcqwretxhtrismznfsjcsqwszhjuo\" class=\"brz-section brz-css-1cm9tsi\">\n<div class=\"brz-section__content brz-section--boxed brz-css-832h89 brz-css-65co27\" data-brz-custom-id=\"ayudcduehmcipmubxvrekctfnebfpulvysyc\">\n<div class=\"brz-container brz-css-1xgwos9\">\n<div class=\"brz-row__container brz-css-1q85488\" data-brz-custom-id=\"kmrwcblmuystkockweaqgdnlqgejyakfoluo\">\n<div class=\"brz-bg\"><\/div>\n<div class=\"brz-row brz-css-1wlftuv brz-css-lw9psg\">\n<div class=\"brz-columns brz-css-1enmit2 brz-css-14p5fs2\" data-brz-custom-id=\"ipalffykyfszlznhzeyotpsbezkuqwkthinc\">\n<div class=\"brz-bg\"><\/div>\n<div class=\"brz-column__items brz-css-1k89k60 brz-css-y4bxgo\">\n<div id=\"\" class=\"brz-css-1ag5mwr brz-wrapper\">\n<div class=\"brz-image brz-css-2ccxwz\" data-brz-custom-id=\"safurxvczbzvserwioqclwdvejpgtwfaydpu\"><img decoding=\"async\" class=\"brz-img\" src=\"https:\/\/hotelmoxa.com\/wp-content\/uploads\/brizy\/imgs\/gratiela-badicu-ok-1-360x264x0x13x360x237x1670334566.jpeg\" alt=\"\" loading=\"lazy\"><\/div>\n<\/div>\n<div id=\"\" class=\"brz-css-1ag5mwr brz-css-1pw8ir brz-wrapper\">\n<div class=\"brz-rich-text brz-rich-text__custom brz-css-tywwvq\" data-brz-custom-id=\"lbxmnlouymcujhxejgqgyjiesggceophbyut\">\n<div data-brz-translate-text=\"1\">\n<h5 data-generated-css=\"brz-css-slilv\" data-uniq-id=\"rndvm\" class=\"brz-bcp-color1 brz-fw-lg-500 brz-fss-lg-px brz-fs-lg-16 brz-ft-google brz-ff-comfortaa brz-lh-lg-1_7 brz-ls-lg-1 brz-tp-lg-heading5 brz-text-lg-left brz-css-eQCD6\"><span class=\"brz-cp-color1 brz-span\">Gra\u0163iela Badicu, Le Boutique Hotel Moxa: Provocarile \u00eenseamn\u0103 evolutie<\/span><\/h5>\n<\/div>\n<\/div>\n<\/div>\n<div id=\"\" class=\"brz-css-1ag5mwr brz-wrapper\">\n<div class=\"brz-rich-text brz-rich-text__custom brz-css-tywwvq\" data-brz-custom-id=\"xzmagnzfdqftxmoxaelifcfwsftijmvgzmav\">\n<div data-brz-translate-text=\"1\">\n<p class=\"brz-tp-lg-paragraph brz-css-pqWk2\" data-generated-css=\"brz-css-okdag\" data-uniq-id=\"bodni\"><span class=\"brz-cp-color7\">Absolvent\u0103 a Universit\u0103\u0163ii Politehnica Bucure\u0219ti \u0219i cu un MBA European \u00een Management \u0219i Administrarea Afacerilor, Gra\u0163iela Badicu, General Manager Le Boutique Hotel Moxa, a \u0219tiut dintotdeauna c\u0103-\u0219i dore\u0219te o carier\u0103 \u00een industria ospitalit\u0103\u0163ii&#8230;<\/span><\/p>\n<\/div>\n<\/div>\n<\/div>\n<div class=\"brz-wrapper-clone brz-css-1548hf\">\n<div class=\"brz-d-xs-flex brz-flex-xs-wrap brz-css-loh1r0 brz-css-10lriil\" data-brz-custom-id=\"\">\n<div class=\"brz-wrapper-clone__item\" id=\"btknttzfqrmdexlbyaqamospnvwfdbzwztud\"><a class=\"brz-a brz-btn brz-css-cv27bn brz-css-dacuri brz-css-1e4612m brz-css-151h7ty\" href=\"https:\/\/www.trendshrb.ro\/oameni\/gratiela-badicu-le-boutique-hotel-moxa-provocarile-inseamna-evolutie\/\" target=\"_blank\" rel=\"noopener\" data-brz-link-type=\"external\" data-brz-custom-id=\"btknttzfqrmdexlbyaqamospnvwfdbzwztud\"><span data-brz-translate-text=\"1\" class=\"brz-span brz-text__editor\">READ MORE<\/span><\/a><\/div>\n<\/div>\n<\/div>\n<\/div>\n<\/div>\n<div class=\"brz-columns brz-css-1enmit2 brz-css-2707ur\" data-brz-custom-id=\"yrxfistviceucvddculglvkjcbnrawyboqxo\">\n<div class=\"brz-bg\"><\/div>\n<div class=\"brz-column__items brz-css-1k89k60 brz-css-yhpqby\">\n<div id=\"\" class=\"brz-css-1ag5mwr brz-wrapper\">\n<div class=\"brz-image brz-css-ia5qxr\" data-brz-custom-id=\"tpfwcufspkrdgzyzdpwfihuedyiyvagzolgb\"><img decoding=\"async\" class=\"brz-img\" src=\"https:\/\/hotelmoxa.com\/wp-content\/uploads\/brizy\/imgs\/Moxa-e1351246815252-399x238x20x0x360x238x1670334728.jpeg\" alt=\"\" loading=\"lazy\"><\/div>\n<\/div>\n<div id=\"\" class=\"brz-css-1ag5mwr brz-css-1hgz64k brz-wrapper\">\n<div class=\"brz-rich-text brz-rich-text__custom brz-css-tywwvq\" data-brz-custom-id=\"qpxpgikleljicecckirujcmivixsnosogefu\">\n<div data-brz-translate-text=\"1\">\n<h5 class=\"brz-text-lg-left brz-tp-lg-heading5 brz-ls-lg-1 brz-lh-lg-1_7 brz-ff-comfortaa brz-ft-google brz-fs-lg-16 brz-fss-lg-px brz-fw-lg-500 brz-bcp-color1 brz-css-t9rwG\" data-uniq-id=\"gbwpi\" data-generated-css=\"brz-css-hkfff\"><span class=\"brz-cp-color1 brz-span\">Le Boutique Hotel Moxa has a new GM<\/span><\/h5>\n<\/div>\n<\/div>\n<\/div>\n<div id=\"\" class=\"brz-css-1ag5mwr brz-wrapper\">\n<div class=\"brz-rich-text brz-rich-text__custom brz-css-tywwvq\" data-brz-custom-id=\"dbtqynqbgzsmxtfsyfveasujuhtxofbstner\">\n<div data-brz-translate-text=\"1\">\n<p class=\"brz-tp-lg-paragraph brz-css-ds_PV\" data-uniq-id=\"xueps\" data-generated-css=\"brz-css-vlfgm\"><strong class=\"brz-cp-color7\">Gratiela Badicu&nbsp;<\/strong><span class=\"brz-cp-color7\">has been appointed general manager of&nbsp;<\/span><strong class=\"brz-cp-color7\">Le Boutique Hotel Moxa<\/strong><span class=\"brz-cp-color7\">&nbsp;in Bucharest starting this October. She has more than 15 years of professional experience in the hospitality industry, mainly in marketing and sales.<\/span><\/p>\n<\/div>\n<\/div>\n<\/div>\n<div class=\"brz-wrapper-clone brz-css-1548hf\">\n<div class=\"brz-d-xs-flex brz-flex-xs-wrap brz-css-loh1r0 brz-css-ki7l6s\" data-brz-custom-id=\"\">\n<div class=\"brz-wrapper-clone__item\" id=\"qwrwmctoiqjkmsfxnmgqjtbommregqufzgpb\"><a class=\"brz-a brz-btn brz-css-cv27bn brz-css-1o6e16d brz-css-1e4612m brz-css-p8qf9t\" href=\"https:\/\/business-review.eu\/featured\/le-boutique-hotel-moxa-has-a-new-gm-34545\" target=\"_blank\" rel=\"noopener\" data-brz-link-type=\"external\" data-brz-custom-id=\"qwrwmctoiqjkmsfxnmgqjtbommregqufzgpb\"><span data-brz-translate-text=\"1\" class=\"brz-span brz-text__editor\">READ MORE<\/span><\/a><\/div>\n<\/div>\n<\/div>\n<\/div>\n<\/div>\n<div class=\"brz-columns brz-css-1enmit2 brz-css-cnfv7c\" data-brz-custom-id=\"nizsixqrvhzmwmxhfcscrppcfssubdnquplb\">\n<div class=\"brz-bg\"><\/div>\n<div class=\"brz-column__items brz-css-1k89k60 brz-css-1uw9n2n\">\n<div id=\"\" class=\"brz-css-1ag5mwr brz-wrapper\">\n<div class=\"brz-image brz-css-tda69j\" data-brz-custom-id=\"otlmvldwbdgnmvfggotexlwdtjklkualrlpg\"><img decoding=\"async\" class=\"brz-img\" src=\"https:\/\/hotelmoxa.com\/wp-content\/uploads\/brizy\/imgs\/1830-361x237x0x0x361x237x1670334802.jpeg\" alt=\"\" loading=\"lazy\"><\/div>\n<\/div>\n<div id=\"\" class=\"brz-css-1ag5mwr brz-css-f2kyjd brz-wrapper\">\n<div class=\"brz-rich-text brz-rich-text__custom brz-css-tywwvq\" data-brz-custom-id=\"extipzwfbsidafvzbygdfoezxsuqdvlgemxg\">\n<div data-brz-translate-text=\"1\">\n<h5 class=\"brz-bcp-color1 brz-fw-lg-500 brz-fss-lg-px brz-fs-lg-16 brz-ft-google brz-ff-comfortaa brz-lh-lg-1_7 brz-ls-lg-1 brz-tp-lg-heading5 brz-text-lg-left brz-css-wRFK8\" data-generated-css=\"brz-css-zlxbh\" data-uniq-id=\"cppzu\"><span class=\"brz-cp-color1 brz-span\">Business Arena Interview<\/span><\/h5>\n<\/div>\n<\/div>\n<\/div>\n<div id=\"\" class=\"brz-css-1ag5mwr brz-wrapper\">\n<div class=\"brz-rich-text brz-rich-text__custom brz-css-tywwvq\" data-brz-custom-id=\"fhfnzkpityrihytefwmvjcxqaeowmhiqyndv\">\n<div data-brz-translate-text=\"1\">\n<p class=\"brz-tp-lg-paragraph brz-css-g5iYn\" data-uniq-id=\"uuwvj\" data-generated-css=\"brz-css-ammsa\"><span class=\"brz-cp-color7\" style=\"color: rgb(102, 102, 102)\">In a highly competitive market, dominated by large international hotel chains, Le Boutique Hotel Moxa builds up its own customer base, relying on outstanding quality, luxury, comfort and personalized services<\/span><\/p>\n<\/div>\n<\/div>\n<\/div>\n<div class=\"brz-wrapper-clone brz-css-1548hf\">\n<div class=\"brz-d-xs-flex brz-flex-xs-wrap brz-css-loh1r0 brz-css-11c3rev\" data-brz-custom-id=\"\">\n<div class=\"brz-wrapper-clone__item\" id=\"mjvoonvabbvjbmtgcntcmkghauphtkwbypov\"><a class=\"brz-a brz-btn brz-css-cv27bn brz-css-yum6i brz-css-1e4612m brz-css-iw6a7d\" href=\"http:\/\/www.business-arena.ro\/-2709.html\" target=\"_blank\" rel=\"noopener\" data-brz-link-type=\"external\" data-brz-custom-id=\"mjvoonvabbvjbmtgcntcmkghauphtkwbypov\"><span data-brz-translate-text=\"1\" class=\"brz-span brz-text__editor\">READ MORE<\/span><\/a><\/div>\n<\/div>\n<\/div>\n<\/div>\n<\/div>\n<\/div>\n<\/div>\n<div class=\"brz-row__container brz-css-1q85488\" data-brz-custom-id=\"btgizwdnabomdxgbnuodojafoohtdtaophto\">\n<div class=\"brz-bg\"><\/div>\n<div class=\"brz-row brz-css-1wlftuv brz-css-1x852rs\">\n<div class=\"brz-columns brz-css-1enmit2 brz-css-75q09i\" data-brz-custom-id=\"dqcsiwuomvwgdqvgtsdcieaaiwihuwvqvlbx\">\n<div class=\"brz-bg\"><\/div>\n<div class=\"brz-column__items brz-css-1k89k60 brz-css-1im6ogr\">\n<div id=\"\" class=\"brz-css-1ag5mwr brz-wrapper\">\n<div class=\"brz-image brz-css-1f5ehn8\" data-brz-custom-id=\"dnhywpcbjewpphtrkmadnhzxfbofevccjwws\"><img decoding=\"async\" class=\"brz-img\" src=\"https:\/\/hotelmoxa.com\/wp-content\/uploads\/brizy\/imgs\/124-cumsa-360x279x0x21x360x237x1670334900.jpeg\" alt=\"\" loading=\"lazy\"><\/div>\n<\/div>\n<div id=\"\" class=\"brz-css-1ag5mwr brz-css-1ta72zp brz-wrapper\">\n<div class=\"brz-rich-text brz-rich-text__custom brz-css-tywwvq\" data-brz-custom-id=\"hzauaubeveedughktnsrbathznqhehzjudks\">\n<div data-brz-translate-text=\"1\">\n<h5 class=\"brz-text-lg-left brz-tp-lg-heading5 brz-ls-lg-1 brz-lh-lg-1_7 brz-ff-comfortaa brz-ft-google brz-fs-lg-16 brz-fss-lg-px brz-fw-lg-500 brz-bcp-color1 brz-css-da_Ji\" data-uniq-id=\"zzoej\" data-generated-css=\"brz-css-fnsrh\"><span class=\"brz-cp-color1 brz-span\">Cum sa creezi DEPENDENTA clientilor de serviciile unui hotel?<\/span><\/h5>\n<\/div>\n<\/div>\n<\/div>\n<div id=\"\" class=\"brz-css-1ag5mwr brz-wrapper\">\n<div class=\"brz-rich-text brz-rich-text__custom brz-css-tywwvq\" data-brz-custom-id=\"rcfepphbxheintmrmjzrnmxpydmyateonrcb\">\n<div data-brz-translate-text=\"1\">\n<p class=\"brz-tp-lg-paragraph brz-css-ijOxK\" data-uniq-id=\"wsdhz\" data-generated-css=\"brz-css-yuoup\"><span class=\"brz-cp-color7\">Clientii hotelurilor de lux din Capitala sunt, in mare parte, oameni de afaceri straini, obisnuiti sa calatoreasca si sa se bucure de confortul hotelier. Astfel, daca vrei sa ii fidelizezi, este necesar in primul rand sa cunosti standardele<\/span><\/p>\n<\/div>\n<\/div>\n<\/div>\n<div class=\"brz-wrapper-clone brz-css-1548hf\">\n<div class=\"brz-d-xs-flex brz-flex-xs-wrap brz-css-loh1r0 brz-css-4s7ujx\" data-brz-custom-id=\"\">\n<div class=\"brz-wrapper-clone__item\" id=\"cpqoiyuegxzawaglvgovufpruwfivptaqrid\"><a class=\"brz-a brz-btn brz-css-cv27bn brz-css-oez8hc brz-css-1e4612m brz-css-q2biut\" href=\"https:\/\/revistacariere.ro\/inspiratie\/cum-sa\/creezi-dependenta-clientilor-de-serviciile-unui-hotel\/\" target=\"_blank\" rel=\"noopener\" data-brz-link-type=\"external\" data-brz-custom-id=\"cpqoiyuegxzawaglvgovufpruwfivptaqrid\"><span data-brz-translate-text=\"1\" class=\"brz-span brz-text__editor\">READ MORE<\/span><\/a><\/div>\n<\/div>\n<\/div>\n<\/div>\n<\/div>\n<div class=\"brz-columns brz-css-1enmit2 brz-css-qdn4nw\" data-brz-custom-id=\"mgjnznensmqsnetcokqttfnyqbhdqqbiduxu\">\n<div class=\"brz-bg\"><\/div>\n<div class=\"brz-column__items brz-css-1k89k60 brz-css-1fm3dmm\">\n<div id=\"\" class=\"brz-css-1ag5mwr brz-wrapper\">\n<div class=\"brz-image brz-css-6t2eug\" data-brz-custom-id=\"kiyvyesqnjyrodssiyubcqnilplyxesutryi\"><img decoding=\"async\" class=\"brz-img\" src=\"https:\/\/hotelmoxa.com\/wp-content\/uploads\/brizy\/imgs\/Gratiela-Badicu-360x269x0x16x360x238x1670334972.jpeg\" alt=\"\" loading=\"lazy\"><\/div>\n<\/div>\n<div id=\"\" class=\"brz-css-1ag5mwr brz-css-1hi1qen brz-wrapper\">\n<div class=\"brz-rich-text brz-rich-text__custom brz-css-tywwvq\" data-brz-custom-id=\"ewrtlafwayurpralbhvyrliuxmrwpuykeswe\">\n<div data-brz-translate-text=\"1\">\n<h5 class=\"brz-bcp-color1 brz-fw-lg-500 brz-fss-lg-px brz-fs-lg-16 brz-ft-google brz-ff-comfortaa brz-lh-lg-1_7 brz-ls-lg-1 brz-tp-lg-heading5 brz-text-lg-left brz-css-cUV3s\" data-generated-css=\"brz-css-gmhap\" data-uniq-id=\"imgsb\"><span class=\"brz-cp-color1 brz-span\">Gra\u021biela Badicu, Hotel Moxa: Clientul anului 2020 \u00ee\u0219i dore\u0219te \u201ecamere smart\u201d<\/span><\/h5>\n<\/div>\n<\/div>\n<\/div>\n<div id=\"\" class=\"brz-css-1ag5mwr brz-wrapper\">\n<div class=\"brz-rich-text brz-rich-text__custom brz-css-tywwvq\" data-brz-custom-id=\"vrsykvyawqxielistawiwqlmotrtprfdllua\">\n<div data-brz-translate-text=\"1\">\n<p class=\"brz-tp-lg-paragraph brz-css-v9srw\" data-generated-css=\"brz-css-vjzqw\" data-uniq-id=\"owmvc\"><span class=\"brz-cp-color7\">\u00cen urm\u0103 cu un an, Le Boutique Hotel Moxa a trecut printr-un proces de modernizare, extindere \u0219i redecorare, \u00een urma c\u0103ruia \u0219i-a consolidat pozi\u0163ia pe pia\u0163a Capitalei.<\/span><\/p>\n<\/div>\n<\/div>\n<\/div>\n<div class=\"brz-wrapper-clone brz-css-1548hf\">\n<div class=\"brz-d-xs-flex brz-flex-xs-wrap brz-css-loh1r0 brz-css-nl1tpp\" data-brz-custom-id=\"\">\n<div class=\"brz-wrapper-clone__item\" id=\"iquddrrhabnindxuruhhvokffmvwbazzvobu\"><a class=\"brz-a brz-btn brz-css-cv27bn brz-css-okdubg brz-css-1e4612m brz-css-1wm07ru\" href=\"https:\/\/www.trendshrb.ro\/business\/gratiela-badicu-hotel-moxa-clientul-anului-2020-isi-doreste-camere-smart\/\" target=\"_blank\" rel=\"noopener\" data-brz-link-type=\"external\" data-brz-custom-id=\"iquddrrhabnindxuruhhvokffmvwbazzvobu\"><span data-brz-translate-text=\"1\" class=\"brz-span brz-text__editor\">READ MORE<\/span><\/a><\/div>\n<\/div>\n<\/div>\n<\/div>\n<\/div>\n<div class=\"brz-columns brz-css-1enmit2 brz-css-scr5tm\" data-brz-custom-id=\"hwnphztytsyfjgxurmdppsgijwsiamklxggb\">\n<div class=\"brz-bg\"><\/div>\n<div class=\"brz-column__items brz-css-1k89k60 brz-css-tzzvoz\">\n<div id=\"\" class=\"brz-css-1ag5mwr brz-wrapper\">\n<div class=\"brz-image brz-css-ck3uoj\" data-brz-custom-id=\"vjghlqhddimglgeymruqdirojizlobjvipvw\"><img decoding=\"async\" class=\"brz-img\" src=\"https:\/\/hotelmoxa.com\/wp-content\/uploads\/brizy\/imgs\/Gratiela-Badicu-2-361x542x0x28x361x237x1671526916.jpeg\" alt=\"\" loading=\"lazy\"><\/div>\n<\/div>\n<div id=\"\" class=\"brz-css-1ag5mwr brz-css-10s5z6j brz-wrapper\">\n<div class=\"brz-rich-text brz-rich-text__custom brz-css-tywwvq\" data-brz-custom-id=\"fencxrppohgyvnzrplpurminlutdiiiqtnnd\">\n<div data-brz-translate-text=\"1\">\n<h5 class=\"brz-text-lg-left brz-tp-lg-heading5 brz-ls-lg-1 brz-lh-lg-1_7 brz-ff-comfortaa brz-ft-google brz-fs-lg-16 brz-fss-lg-px brz-fw-lg-500 brz-bcp-color1 brz-css-j4lg8\" data-uniq-id=\"uzwkg\" data-generated-css=\"brz-css-gsyer\"><span class=\"brz-cp-color1 brz-span\">Boutique, cuv\u00e2ntul care atrage str\u0103inii<\/span><\/h5>\n<\/div>\n<\/div>\n<\/div>\n<div id=\"\" class=\"brz-css-1ag5mwr brz-wrapper\">\n<div class=\"brz-rich-text brz-rich-text__custom brz-css-tywwvq\" data-brz-custom-id=\"yxfvayomwsswktxqpdbscfjgxtzcpiodomjt\">\n<div data-brz-translate-text=\"1\">\n<p class=\"brz-tp-lg-paragraph brz-css-yKaiE\" data-generated-css=\"brz-css-inets\" data-uniq-id=\"hfiwr\"><span class=\"brz-cp-color7\" style=\"color: rgb(102, 102, 102)\">\u00cen Bucure\u015fti mai multe hoteluri se intituleaz\u0103 \u201eboutique\u201d, \u00eens\u0103 nu toate \u00een\u0163eleg prin aceast\u0103 sintagm\u0103 acela\u015fi lucru. La nivel interna\u0163ional, conceptul este definit prin num\u0103rul relativ redus de camere, printr-un anume rafinament promovat \u015fi prin serviciile de tip personalizat oferite oaspe\u0163ilor.<\/span><\/p>\n<\/div>\n<\/div>\n<\/div>\n<div class=\"brz-wrapper-clone brz-css-1548hf\">\n<div class=\"brz-d-xs-flex brz-flex-xs-wrap brz-css-loh1r0 brz-css-wmqfka\" data-brz-custom-id=\"\">\n<div class=\"brz-wrapper-clone__item\" id=\"nrktpaqjbpibnibvvppfulbramcnildjvlpt\"><a class=\"brz-a brz-btn brz-css-cv27bn brz-css-yrypes brz-css-1e4612m brz-css-bx8x4i\" href=\"https:\/\/www.forbes.ro\/articles\/boutique-cuvantul-care-atrage-strainii-25038\" target=\"_blank\" rel=\"noopener\" data-brz-link-type=\"external\" data-brz-custom-id=\"nrktpaqjbpibnibvvppfulbramcnildjvlpt\"><span data-brz-translate-text=\"1\" class=\"brz-span brz-text__editor\">READ MORE<\/span><\/a><\/div>\n<\/div>\n<\/div>\n<\/div>\n<\/div>\n<\/div>\n<\/div>\n<div class=\"brz-row__container brz-css-1q85488\" data-brz-custom-id=\"puooasvubrgnlwjszdxfrqnlmfastvyrssad\">\n<div class=\"brz-bg\"><\/div>\n<div class=\"brz-row brz-css-1wlftuv brz-css-14dayoi\">\n<div class=\"brz-columns brz-css-1enmit2 brz-css-1kgeizc\" data-brz-custom-id=\"zlocyqxgjbtiyqisgnxrxfhzyvjazbsmoazk\">\n<div class=\"brz-bg\"><\/div>\n<div class=\"brz-column__items brz-css-1k89k60 brz-css-ey2erc\">\n<div id=\"\" class=\"brz-css-1ag5mwr brz-wrapper\">\n<div class=\"brz-image brz-css-n9b55i\" data-brz-custom-id=\"ajisnzicgujedwpgjsfssdadddsvauazojfa\"><img decoding=\"async\" class=\"brz-img\" src=\"https:\/\/hotelmoxa.com\/wp-content\/uploads\/brizy\/imgs\/gratiela-badicu-ok-1-360x264x0x13x360x237x1670334566.jpeg\" alt=\"\" loading=\"lazy\"><\/div>\n<\/div>\n<div id=\"\" class=\"brz-css-1ag5mwr brz-css-12vkq85 brz-wrapper\">\n<div class=\"brz-rich-text brz-rich-text__custom brz-css-tywwvq\" data-brz-custom-id=\"lvvoeyteoefkcuzeabaoiusquhznriadcsou\">\n<div data-brz-translate-text=\"1\">\n<h5 class=\"brz-bcp-color1 brz-fw-lg-500 brz-fss-lg-px brz-fs-lg-16 brz-ft-google brz-ff-comfortaa brz-lh-lg-1_7 brz-ls-lg-1 brz-tp-lg-heading5 brz-text-lg-left brz-css-f2Vay\" data-generated-css=\"brz-css-sjong\" data-uniq-id=\"ylsam\"><span class=\"brz-cp-color1 brz-span\">Hotelul Moxa si-a luat director general de la Howard Johnson<\/span><\/h5>\n<\/div>\n<\/div>\n<\/div>\n<div id=\"\" class=\"brz-css-1ag5mwr brz-wrapper\">\n<div class=\"brz-rich-text brz-rich-text__custom brz-css-tywwvq\" data-brz-custom-id=\"rvgkmefauxzvtuafmruefevrfdnxqogmwhbn\">\n<div data-brz-translate-text=\"1\">\n<p class=\"brz-tp-lg-paragraph brz-css-cGyCl\" data-generated-css=\"brz-css-vneqq\" data-uniq-id=\"dpwik\"><span class=\"brz-cp-color7\">Le Boutique Hotel Moxa din centrul Bucurestiului a numit la 1 octombrie un nou director general, in persoana Gratielei Badicu, care ocupa anterior functia de director de vanzari si marketing in cadrul hotelului Howard Johnson.<\/span><\/p>\n<\/div>\n<\/div>\n<\/div>\n<div class=\"brz-wrapper-clone brz-css-1548hf\">\n<div class=\"brz-d-xs-flex brz-flex-xs-wrap brz-css-loh1r0 brz-css-1x8d6ll\" data-brz-custom-id=\"\">\n<div class=\"brz-wrapper-clone__item\" id=\"cuczdkdweaqiwyyflkvwlhhpzsbalzxiygvv\"><a class=\"brz-a brz-btn brz-css-cv27bn brz-css-1pqwd6t brz-css-1e4612m brz-css-xckzao\" href=\"https:\/\/www.wall-street.ro\/articol\/Turism\/139235\/hotelul-moxa-si-a-luat-director-general-nou.html\" target=\"_blank\" rel=\"noopener\" data-brz-link-type=\"external\" data-brz-custom-id=\"cuczdkdweaqiwyyflkvwlhhpzsbalzxiygvv\"><span data-brz-translate-text=\"1\" class=\"brz-span brz-text__editor\">READ MORE<\/span><\/a><\/div>\n<\/div>\n<\/div>\n<\/div>\n<\/div>\n<div class=\"brz-columns brz-css-1enmit2 brz-css-zeow23\" data-brz-custom-id=\"ddbejhpuimzqckpzeiumyuactqljzttjkfri\">\n<div class=\"brz-bg\"><\/div>\n<div class=\"brz-column__items brz-css-1k89k60 brz-css-1vfbd2e\">\n<div id=\"\" class=\"brz-css-1ag5mwr brz-wrapper\">\n<div class=\"brz-image brz-css-e1bko0\" data-brz-custom-id=\"uitxlgkkppajvwovcsjoyczhdteeykyfadpg\"><img decoding=\"async\" class=\"brz-img\" src=\"https:\/\/hotelmoxa.com\/wp-content\/uploads\/brizy\/imgs\/IMG_9691-e1534861741500-360x251x0x7x360x238x1670335132.jpeg\" alt=\"\" loading=\"lazy\"><\/div>\n<\/div>\n<div id=\"\" class=\"brz-css-1ag5mwr brz-css-xgbh0s brz-wrapper\">\n<div class=\"brz-rich-text brz-rich-text__custom brz-css-tywwvq\" data-brz-custom-id=\"lqyciakidqfljdjsjkvdqvponynirrtryohf\">\n<div data-brz-translate-text=\"1\">\n<h5 class=\"brz-text-lg-left brz-tp-lg-heading5 brz-ls-lg-1 brz-lh-lg-1_7 brz-ff-comfortaa brz-ft-google brz-fs-lg-16 brz-fss-lg-px brz-fw-lg-500 brz-bcp-color1 brz-css-ifpOC\" data-uniq-id=\"noosw\" data-generated-css=\"brz-css-odhlg\"><span class=\"brz-cp-color1 brz-span\">Gra\u021biela Badicu: Sunt un magnet cu poli doar pozitivi<\/span><\/h5>\n<\/div>\n<\/div>\n<\/div>\n<div id=\"\" class=\"brz-css-1ag5mwr brz-wrapper\">\n<div class=\"brz-rich-text brz-rich-text__custom brz-css-tywwvq\" data-brz-custom-id=\"evyigcvvdyyebgqrvxytgcjlcsjkdbwrjkdw\">\n<div data-brz-translate-text=\"1\">\n<p class=\"brz-tp-lg-paragraph brz-css-qoawS\" data-uniq-id=\"waidc\" data-generated-css=\"brz-css-nnzgl\"><span class=\"brz-cp-color7\">De peste 20 de ani lucreaz\u0103 \u00een domeniul hotelier. Tot timpul \u00een func\u021bii de mare r\u0103spundere, de conducere. S\u0103 lucrezi cu oamenii este cel mai dificil, \u00eens\u0103 pe Gra\u021biela Badicu, director general al Le Boutique Hotel Moxa din Bucure\u0219ti, tocmai aceast\u0103 leg\u0103tur\u0103 cu oamenii, fie ei din echip\u0103 sau turi\u0219ti, o motiveaz\u0103.<\/span><\/p>\n<\/div>\n<\/div>\n<\/div>\n<div class=\"brz-wrapper-clone brz-css-1548hf\">\n<div class=\"brz-d-xs-flex brz-flex-xs-wrap brz-css-loh1r0 brz-css-qcw83o\" data-brz-custom-id=\"\">\n<div class=\"brz-wrapper-clone__item\" id=\"xjxvogaeytvhrspidwadxobpybhucprfkoqb\"><a class=\"brz-a brz-btn brz-css-cv27bn brz-css-161fga4 brz-css-1e4612m brz-css-q0yagc\" href=\"https:\/\/www.femeia.ro\/bani-cariera\/gratiela-badicu-sunt-un-magnet-cu-poli-doar-pozitivi\" target=\"_blank\" rel=\"noopener\" data-brz-link-type=\"external\" data-brz-custom-id=\"xjxvogaeytvhrspidwadxobpybhucprfkoqb\"><span data-brz-translate-text=\"1\" class=\"brz-span brz-text__editor\">READ MORE<\/span><\/a><\/div>\n<\/div>\n<\/div>\n<\/div>\n<\/div>\n<div class=\"brz-columns brz-css-1enmit2 brz-css-mz3wav\" data-brz-custom-id=\"vldqcbydyqtnvyhdmuzmklyyufngatmlrrlp\">\n<div class=\"brz-bg\"><\/div>\n<div class=\"brz-column__items brz-css-1k89k60 brz-css-c7ofp9\">\n<div id=\"\" class=\"brz-css-1ag5mwr brz-wrapper\">\n<div class=\"brz-image brz-css-13svyz9\" data-brz-custom-id=\"motbxncwzrkdwbenuywkylympsdgrluwteba\"><img decoding=\"async\" class=\"brz-img\" src=\"https:\/\/hotelmoxa.com\/wp-content\/uploads\/brizy\/imgs\/most-admired-business-women-awards-gala-2014-1625-409x237x24x0x361x237x1670335134.jpeg\" alt=\"\" loading=\"lazy\"><\/div>\n<\/div>\n<div id=\"\" class=\"brz-css-1ag5mwr brz-css-xlk5gj brz-wrapper\">\n<div class=\"brz-rich-text brz-rich-text__custom brz-css-tywwvq\" data-brz-custom-id=\"xcbbgvkrbjbszdgbrtizkqjwkjpkcrlkmlny\">\n<div data-brz-translate-text=\"1\">\n<h5 class=\"brz-bcp-color1 brz-fw-lg-500 brz-fss-lg-px brz-fs-lg-16 brz-ft-google brz-ff-comfortaa brz-lh-lg-1_7 brz-ls-lg-1 brz-tp-lg-heading5 brz-text-lg-left brz-css-thKqR\" data-generated-css=\"brz-css-rjfla\" data-uniq-id=\"hmoet\"><span class=\"brz-cp-color1 brz-span\">Most Admired Business Women Awards Gala 2014<\/span><\/h5>\n<\/div>\n<\/div>\n<\/div>\n<div id=\"\" class=\"brz-css-1ag5mwr brz-wrapper\">\n<div class=\"brz-rich-text brz-rich-text__custom brz-css-tywwvq\" data-brz-custom-id=\"jlownqzxgckiqpgzwvejutuiktmsnyythfox\">\n<div data-brz-translate-text=\"1\">\n<p class=\"brz-tp-lg-paragraph brz-css-xUj_S\" data-uniq-id=\"wdfqv\" data-generated-css=\"brz-css-xwmpv\"><span class=\"brz-cp-color7\" style=\"color: rgb(102, 102, 102)\">In the presence of more than 150 business people, bankers, entrepreneurs and diplomats, Business Arena announced the winners of these prestigious awards, recognizing the creativity and leadership of women in the workplace and their vital contribution to the success of business and banking activities throughout Romania.<\/span><\/p>\n<\/div>\n<\/div>\n<\/div>\n<div class=\"brz-wrapper-clone brz-css-1548hf\">\n<div class=\"brz-d-xs-flex brz-flex-xs-wrap brz-css-loh1r0 brz-css-1eu0kmu\" data-brz-custom-id=\"\">\n<div class=\"brz-wrapper-clone__item\" id=\"cggsrjezuimkzmihyvygfvozgruwitlklbkb\"><a class=\"brz-a brz-btn brz-css-cv27bn brz-css-ptrsco brz-css-1e4612m brz-css-1ed46bu\" href=\"https:\/\/www.business-arena.ro\/most-admired-business-women-awards-gala-2014-2295.html\" target=\"_blank\" rel=\"noopener\" data-brz-link-type=\"external\" data-brz-custom-id=\"cggsrjezuimkzmihyvygfvozgruwitlklbkb\"><span data-brz-translate-text=\"1\" class=\"brz-span brz-text__editor\">READ MORE<\/span><\/a><\/div>\n<\/div>\n<\/div>\n<\/div>\n<\/div>\n<\/div>\n<\/div>\n<\/div>\n<\/div>\n<\/section>\n<\/div>\n<p>    <!-- version:1736972454 --><\/p>","protected":false},"excerpt":{"rendered":"<p>Interviews &amp; Articles Gra\u0163iela Badicu, Le Boutique Hotel Moxa: Provocarile \u00eenseamn\u0103 evolutie Absolvent\u0103 a Universit\u0103\u0163ii Politehnica Bucure\u0219ti \u0219i cu un MBA European \u00een Management \u0219i Administrarea Afacerilor, Gra\u0163iela Badicu, General Manager Le Boutique Hotel Moxa, a \u0219tiut dintotdeauna c\u0103-\u0219i dore\u0219te o carier\u0103 \u00een industria ospitalit\u0103\u0163ii&#8230; READ MORE Le Boutique Hotel Moxa has a new GM [&hellip;]<\/p>","protected":false},"author":1,"featured_media":0,"parent":92,"menu_order":0,"comment_status":"closed","ping_status":"closed","template":"brizy-blank-template.php","meta":{"footnotes":""},"class_list":["post-4326","page","type-page","status-publish","hentry","wpbf-post"],"_links":{"self":[{"href":"https:\/\/hotelmoxa.com\/ro\/wp-json\/wp\/v2\/pages\/4326","targetHints":{"allow":["GET"]}}],"collection":[{"href":"https:\/\/hotelmoxa.com\/ro\/wp-json\/wp\/v2\/pages"}],"about":[{"href":"https:\/\/hotelmoxa.com\/ro\/wp-json\/wp\/v2\/types\/page"}],"author":[{"embeddable":true,"href":"https:\/\/hotelmoxa.com\/ro\/wp-json\/wp\/v2\/users\/1"}],"replies":[{"embeddable":true,"href":"https:\/\/hotelmoxa.com\/ro\/wp-json\/wp\/v2\/comments?post=4326"}],"version-history":[{"count":27,"href":"https:\/\/hotelmoxa.com\/ro\/wp-json\/wp\/v2\/pages\/4326\/revisions"}],"predecessor-version":[{"id":5298,"href":"https:\/\/hotelmoxa.com\/ro\/wp-json\/wp\/v2\/pages\/4326\/revisions\/5298"}],"up":[{"embeddable":true,"href":"https:\/\/hotelmoxa.com\/ro\/wp-json\/wp\/v2\/pages\/92"}],"wp:attachment":[{"href":"https:\/\/hotelmoxa.com\/ro\/wp-json\/wp\/v2\/media?parent=4326"}],"curies":[{"name":"wp","href":"https:\/\/api.w.org\/{rel}","templated":true}]}}